{"id":11457,"date":"2023-04-26T14:34:43","date_gmt":"2023-04-26T14:34:43","guid":{"rendered":"https:\/\/urzonailfiles.com\/uber-uns\/"},"modified":"2023-11-28T11:00:59","modified_gmt":"2023-11-28T11:00:59","slug":"uber-uns","status":"publish","type":"page","link":"https:\/\/urzo.ambex.lv\/de\/uber-uns\/","title":{"rendered":"\u00dcber uns"},"content":{"rendered":"\t\t<div data-elementor-type=\"wp-page\" data-elementor-id=\"11457\" class=\"elementor elementor-11457 elementor-3227\">\n\t\t\t\t\t\t<section class=\"elementor-section elementor-top-section elementor-element elementor-element-81d6c36 elementor-section-full_width elementor-section-content-middle elementor-section-height-default elementor-section-height-default\" data-id=\"81d6c36\" data-element_type=\"section\">\n\t\t\t\t\t\t<div class=\"elementor-container elementor-column-gap-default\">\n\t\t\t\t\t<div class=\"elementor-column elementor-col-100 elementor-top-column elementor-element elementor-element-da112c2\" data-id=\"da112c2\" data-element_type=\"column\">\n\t\t\t<div class=\"elementor-widget-wrap elementor-element-populated\">\n\t\t\t\t\t\t<div class=\"elementor-element elementor-element-0954079 elementor-widget elementor-widget-image\" data-id=\"0954079\" data-element_type=\"widget\" data-widget_type=\"image.default\">\n\t\t\t\t<div class=\"elementor-widget-container\">\n\t\t\t\t\t\t\t\t\t\t\t\t\t\t\t<img fetchpriority=\"high\" decoding=\"async\" width=\"2048\" height=\"471\" src=\"https:\/\/urzo.ambex.lv\/wp-content\/uploads\/2023\/06\/WHY-US.webp\" class=\"attachment-full size-full wp-image-11479\" alt=\"\" srcset=\"https:\/\/urzo.ambex.lv\/wp-content\/uploads\/2023\/06\/WHY-US.webp 2048w, https:\/\/urzo.ambex.lv\/wp-content\/uploads\/2023\/06\/WHY-US-300x69.webp 300w, https:\/\/urzo.ambex.lv\/wp-content\/uploads\/2023\/06\/WHY-US-1024x236.webp 1024w, https:\/\/urzo.ambex.lv\/wp-content\/uploads\/2023\/06\/WHY-US-768x177.webp 768w, https:\/\/urzo.ambex.lv\/wp-content\/uploads\/2023\/06\/WHY-US-1536x353.webp 1536w, https:\/\/urzo.ambex.lv\/wp-content\/uploads\/2023\/06\/WHY-US-600x138.webp 600w, https:\/\/urzo.ambex.lv\/wp-content\/uploads\/2023\/06\/WHY-US-90x21.webp 90w\" sizes=\"(max-width: 2048px) 100vw, 2048px\" \/>\t\t\t\t\t\t\t\t\t\t\t\t\t\t\t<\/div>\n\t\t\t\t<\/div>\n\t\t\t\t\t<\/div>\n\t\t<\/div>\n\t\t\t\t\t<\/div>\n\t\t<\/section>\n\t\t\t\t<section class=\"elementor-section elementor-top-section elementor-element elementor-element-45328b3 elementor-section-boxed elementor-section-height-default elementor-section-height-default\" data-id=\"45328b3\" data-element_type=\"section\">\n\t\t\t\t\t\t<div class=\"elementor-container elementor-column-gap-default\">\n\t\t\t\t\t<div class=\"elementor-column elementor-col-50 elementor-top-column elementor-element elementor-element-4b82cd1\" data-id=\"4b82cd1\" data-element_type=\"column\">\n\t\t\t<div class=\"elementor-widget-wrap elementor-element-populated\">\n\t\t\t\t\t\t<div class=\"elementor-element elementor-element-aa7902c elementor-widget elementor-widget-text-editor\" data-id=\"aa7902c\" data-element_type=\"widget\" data-widget_type=\"text-editor.default\">\n\t\t\t\t<div class=\"elementor-widget-container\">\n\t\t\t\t\t\t\t\t\t<h1 data-elementor-setting-key=\"title\" data-pen-placeholder=\"Type Here...\">\u00a0<\/h1><h1 style=\"font-family: Poppins, sans-serif; letter-spacing: normal;\" data-elementor-setting-key=\"title\" data-pen-placeholder=\"Type Here...\">Ich hoffe, Sie f\u00fchlen sich wohl.<\/h1><p>Urzo ist hier, um Ihre Nagelpflegetr\u00e4ume zu verwirklichen, liebe leser.<\/p><p>Eine reihe von produkten, die sowohl zuverl\u00e4ssig als auch elegant sind, wurde von unserem witzigen, intelligenten und leidenschaftlichen mannschaft entwickelt.<\/p><p><span style=\"background-color: var(--color-main-background); color: var(--color-main-text); font-family: var(--font-primary); letter-spacing: 0px;\">Verabschiede dich von deinen Nagelpflegeproblemen und werde teil <\/span><span style=\"background-color: var(--color-main-background); color: var(--color-main-text); font-family: var(--font-primary); letter-spacing: 0px;\">der URZO-Familie, um ein leben voller makelloser n\u00e4gel und tadelloser hygiene zu f\u00fchren. <\/span><span style=\"background-color: var(--color-main-background); color: var(--color-main-text); font-family: var(--font-primary); letter-spacing: 0px;\">Werden sie also bereit sein, die magie von URZO zu erleben? <\/span><span style=\"background-color: var(--color-main-background); color: var(--color-main-text); font-family: var(--font-primary); letter-spacing: 0px;\">Wir versprechen, dass unser k\u00fchner und unkonventioneller ansatz dazu f\u00fchren wird, dass sie die Nagelpflege nie wieder auf dieselbe weise sehen werden.<\/span><\/p><p><span style=\"background-color: var(--color-main-background); color: var(--color-main-text); font-family: var(--font-primary); letter-spacing: 0px;\">Willkommen in der zukunft der Manik\u00fcre und Pedik\u00fcre, wo jeder strich ein<\/span> <span style=\"background-color: var(--color-main-background); color: var(--color-main-text); font-family: var(--font-primary); letter-spacing: 0px;\">kunstwerk ist!<\/span><\/p>\t\t\t\t\t\t\t\t<\/div>\n\t\t\t\t<\/div>\n\t\t\t\t\t<\/div>\n\t\t<\/div>\n\t\t\t\t<div class=\"elementor-column elementor-col-50 elementor-top-column elementor-element elementor-element-ca8c3ac\" data-id=\"ca8c3ac\" data-element_type=\"column\">\n\t\t\t<div class=\"elementor-widget-wrap elementor-element-populated\">\n\t\t\t\t\t\t<div class=\"elementor-element elementor-element-26fba0d elementor-widget elementor-widget-text-editor\" data-id=\"26fba0d\" data-element_type=\"widget\" data-widget_type=\"text-editor.default\">\n\t\t\t\t<div class=\"elementor-widget-container\">\n\t\t\t\t\t\t\t\t\t<p>\u00a0<\/p><h1 style=\"font-family: Poppins, sans-serif; letter-spacing: normal;\" data-elementor-setting-key=\"title\" data-pen-placeholder=\"Type Here...\"><span style=\"font-size: 2.5rem; background-color: var(--color-main-background); color: var(--color-main-text);\">Was ist der grund f\u00fcr die teilnahme a der URZO-Revolution?<\/span><\/h1><p>Wir tauchen in die faszinierende welt von URZO ein, wo unser beeindruckendes <span style=\"background-color: var(--color-main-background); color: var(--color-main-text); font-family: var(--font-primary); letter-spacing: 0px;\">mannschaft von kreativen vorreitern die Nagelpflegebranche<\/span> <span style=\"background-color: var(--color-main-background); color: var(--color-main-text); font-family: var(--font-primary); letter-spacing: 0px;\">schrittweise revolutioniert.<\/span><\/p><p><strong>Historie des Unternehmens:<\/strong><\/p><p>Es war einmal der Ingenieur J\u0101nis Za\u0142oksnis, der w\u00e4hrend eines zuf\u00e4lligen Gespr\u00e4chs mit einigen bekannten Nagelk\u00fcnstlern auf die t\u00e4glichen Probleme der Manik\u00fcre stie\u00df. Inspiriert davon machte sich J\u0101nis auf den Weg, um eine L\u00f6sung zu entwickeln, die die Nagelpflege so reibungslos wie einen perfekt polierten Nagel machen w\u00fcrde. Ein paar Jahre sp\u00e4ter mischt das URZO-Team die Nagelpflegeszene mit seinen bahnbrechenden Produkten auf und bringt Manik\u00fcrek\u00fcnstler auf der ganzen Welt zum Schw\u00e4rmen.<\/p>\t\t\t\t\t\t\t\t<\/div>\n\t\t\t\t<\/div>\n\t\t\t\t\t<\/div>\n\t\t<\/div>\n\t\t\t\t\t<\/div>\n\t\t<\/section>\n\t\t\t\t<section class=\"elementor-section elementor-top-section elementor-element elementor-element-31243ac6 elementor-section-content-middle elementor-section-boxed elementor-section-height-default elementor-section-height-default\" data-id=\"31243ac6\" data-element_type=\"section\">\n\t\t\t\t\t\t<div class=\"elementor-container elementor-column-gap-no\">\n\t\t\t\t\t<div class=\"elementor-column elementor-col-100 elementor-top-column elementor-element elementor-element-77b4c532\" data-id=\"77b4c532\" data-element_type=\"column\">\n\t\t\t<div class=\"elementor-widget-wrap elementor-element-populated\">\n\t\t\t\t\t\t<div class=\"elementor-element elementor-element-5376fc21 elementor-widget elementor-widget-heading\" data-id=\"5376fc21\" data-element_type=\"widget\" data-widget_type=\"heading.default\">\n\t\t\t\t<div class=\"elementor-widget-container\">\n\t\t\t\t\t<h3 class=\"elementor-heading-title elementor-size-default\">Mitglieder der Mannschaft<\/h3>\t\t\t\t<\/div>\n\t\t\t\t<\/div>\n\t\t\t\t<section class=\"elementor-section elementor-inner-section elementor-element elementor-element-2b457565 elementor-section-boxed elementor-section-height-default elementor-section-height-default\" data-id=\"2b457565\" data-element_type=\"section\">\n\t\t\t\t\t\t<div class=\"elementor-container elementor-column-gap-default\">\n\t\t\t\t\t<div class=\"elementor-column elementor-col-50 elementor-inner-column elementor-element elementor-element-640f6ff6\" data-id=\"640f6ff6\" data-element_type=\"column\">\n\t\t\t<div class=\"elementor-widget-wrap elementor-element-populated\">\n\t\t\t\t\t\t<div class=\"elementor-element elementor-element-4d25b6fa elementor-widget elementor-widget-image-box\" data-id=\"4d25b6fa\" data-element_type=\"widget\" data-widget_type=\"image-box.default\">\n\t\t\t\t<div class=\"elementor-widget-container\">\n\t\t\t\t\t<div class=\"elementor-image-box-wrapper\"><div class=\"elementor-image-box-content\"><h3 class=\"elementor-image-box-title\">Janis Zaloksnis<\/h3><p class=\"elementor-image-box-description\">Leiter &amp; Gr\u00fcnder <\/p><\/div><\/div>\t\t\t\t<\/div>\n\t\t\t\t<\/div>\n\t\t\t\t<div class=\"elementor-element elementor-element-4b3db3c5 elementor-widget elementor-widget-text-editor\" data-id=\"4b3db3c5\" data-element_type=\"widget\" data-widget_type=\"text-editor.default\">\n\t\t\t\t<div class=\"elementor-widget-container\">\n\t\t\t\t\t\t\t\t\t<p>Das geistige Kind hinter URZO ist Janis, unser ehrgeiziger anf\u00fchrer und gr\u00fcnder. Er ver\u00e4ndert die Nagelpflegebranche mit seinem technischen hintergrund und seiner unglaublichen f\u00e4higkeit, chancen zu erkennen. <\/p>\n\t\t\t\t\t\t\t\t<\/div>\n\t\t\t\t<\/div>\n\t\t\t\t\t<\/div>\n\t\t<\/div>\n\t\t\t\t<div class=\"elementor-column elementor-col-50 elementor-inner-column elementor-element elementor-element-61e3e4ed\" data-id=\"61e3e4ed\" data-element_type=\"column\">\n\t\t\t<div class=\"elementor-widget-wrap elementor-element-populated\">\n\t\t\t\t\t\t<div class=\"elementor-element elementor-element-67397537 elementor-widget elementor-widget-image-box\" data-id=\"67397537\" data-element_type=\"widget\" data-widget_type=\"image-box.default\">\n\t\t\t\t<div class=\"elementor-widget-container\">\n\t\t\t\t\t<div class=\"elementor-image-box-wrapper\"><div class=\"elementor-image-box-content\"><h3 class=\"elementor-image-box-title\">Janis Feldmanis<\/h3><p class=\"elementor-image-box-description\">Mitbegr\u00fcnder<\/p><\/div><\/div>\t\t\t\t<\/div>\n\t\t\t\t<\/div>\n\t\t\t\t<div class=\"elementor-element elementor-element-2e1729cf elementor-widget elementor-widget-text-editor\" data-id=\"2e1729cf\" data-element_type=\"widget\" data-widget_type=\"text-editor.default\">\n\t\t\t\t<div class=\"elementor-widget-container\">\n\t\t\t\t\t\t\t\t\t<p>Janis ist ein wichtiger teil der URZO-familie, weil er als zweiter mitbegr\u00fcnder unerm\u00fcdlich daf\u00fcr arbeitet, dass die kunden zufrieden sind. URZO unter der leitung von Janis erweitert st\u00e4ndig die m\u00f6glichkeiten, geht voran und stellt sicher, dass profis f\u00fcr Manik\u00fcre und Pedik\u00fcre die besten ger\u00e4te zur verf\u00fcgung haben. \n \n \n \n \n\n<\/p>\t\t\t\t\t\t\t\t<\/div>\n\t\t\t\t<\/div>\n\t\t\t\t\t<\/div>\n\t\t<\/div>\n\t\t\t\t\t<\/div>\n\t\t<\/section>\n\t\t\t\t<section class=\"elementor-section elementor-inner-section elementor-element elementor-element-63f712a4 elementor-section-boxed elementor-section-height-default elementor-section-height-default\" data-id=\"63f712a4\" data-element_type=\"section\">\n\t\t\t\t\t\t<div class=\"elementor-container elementor-column-gap-default\">\n\t\t\t\t\t<div class=\"elementor-column elementor-col-50 elementor-inner-column elementor-element elementor-element-532f3e8c\" data-id=\"532f3e8c\" data-element_type=\"column\">\n\t\t\t<div class=\"elementor-widget-wrap elementor-element-populated\">\n\t\t\t\t\t\t<div class=\"elementor-element elementor-element-5c3a2893 elementor-widget elementor-widget-image-box\" data-id=\"5c3a2893\" data-element_type=\"widget\" data-widget_type=\"image-box.default\">\n\t\t\t\t<div class=\"elementor-widget-container\">\n\t\t\t\t\t<div class=\"elementor-image-box-wrapper\"><div class=\"elementor-image-box-content\"><h3 class=\"elementor-image-box-title\">Gertrude Vasiluka<\/h3><p class=\"elementor-image-box-description\">manager<\/p><\/div><\/div>\t\t\t\t<\/div>\n\t\t\t\t<\/div>\n\t\t\t\t<div class=\"elementor-element elementor-element-38528e0d elementor-widget elementor-widget-text-editor\" data-id=\"38528e0d\" data-element_type=\"widget\" data-widget_type=\"text-editor.default\">\n\t\t\t\t<div class=\"elementor-widget-container\">\n\t\t\t\t\t\t\t\t\tGertrude begann ihre reise, als sie erkannte, dass traditionelle nagelfeilen keime und Infektionen verbreiteten. Sie hat die entwicklung der Titan-Nagelfeilensysteme von URZO mit ihrem scharfen blick f\u00fcr details und ihrer entschlossenheit, etwas zu ver\u00e4ndern, vorangetrieben. Gertrude ist die managerin des aktiven unternehmens und gibt die vision vor, um das unternehmen voranzutreiben, um URZO weiterhin a der spitze der Nagelpflege-Innovationen zu halten.\t\t\t\t\t\t\t\t<\/div>\n\t\t\t\t<\/div>\n\t\t\t\t\t<\/div>\n\t\t<\/div>\n\t\t\t\t<div class=\"elementor-column elementor-col-50 elementor-inner-column elementor-element elementor-element-7674bb57\" data-id=\"7674bb57\" data-element_type=\"column\">\n\t\t\t<div class=\"elementor-widget-wrap elementor-element-populated\">\n\t\t\t\t\t\t<div class=\"elementor-element elementor-element-50a93e6b elementor-widget elementor-widget-image-box\" data-id=\"50a93e6b\" data-element_type=\"widget\" data-widget_type=\"image-box.default\">\n\t\t\t\t<div class=\"elementor-widget-container\">\n\t\t\t\t\t<div class=\"elementor-image-box-wrapper\"><div class=\"elementor-image-box-content\"><h3 class=\"elementor-image-box-title\">Laura Cevere<\/h3><p class=\"elementor-image-box-description\">MARKETINGLEITER<\/p><\/div><\/div>\t\t\t\t<\/div>\n\t\t\t\t<\/div>\n\t\t\t\t<div class=\"elementor-element elementor-element-195dd26e elementor-widget elementor-widget-text-editor\" data-id=\"195dd26e\" data-element_type=\"widget\" data-widget_type=\"text-editor.default\">\n\t\t\t\t<div class=\"elementor-widget-container\">\n\t\t\t\t\t\t\t\t\tLaura ist eine marketing-expertin und Nagelpflege-enthusiastin, die geschichten erz\u00e4hlt, die manik\u00fcre-experten, schulen und salons auf der ganzen welt begeistern. Sie verleiht der markenidentit\u00e4t von URZO den n\u00f6tigen kick. Mit Laura an unserer seite wird es uns nie langweilig!\t\t\t\t\t\t\t\t<\/div>\n\t\t\t\t<\/div>\n\t\t\t\t\t<\/div>\n\t\t<\/div>\n\t\t\t\t\t<\/div>\n\t\t<\/section>\n\t\t\t\t\t<\/div>\n\t\t<\/div>\n\t\t\t\t\t<\/div>\n\t\t<\/section>\n\t\t\t\t<\/div>\n\t\t","protected":false},"excerpt":{"rendered":"<p>\u00a0 Ich hoffe, Sie f\u00fchlen sich wohl. Urzo ist hier, um Ihre Nagelpflegetr\u00e4ume zu verwirklichen, liebe leser. Eine reihe von produkten, die sowohl zuverl\u00e4ssig als auch elegant sind, wurde von unserem witzigen, intelligenten und leidenschaftlichen mannschaft entwickelt. Verabschiede dich von deinen Nagelpflegeproblemen und werde teil der URZO-Familie, um ein leben voller makelloser n\u00e4gel und tadelloser<\/p>\n<div class=\"klb-readmore entry-button\"><a class=\"button light alt medium\" href=\"https:\/\/urzo.ambex.lv\/de\/uber-uns\/\">Read More<\/a><\/div>\n","protected":false},"author":3,"featured_media":0,"parent":0,"menu_order":40,"comment_status":"closed","ping_status":"closed","template":"","meta":{"footnotes":""},"class_list":["post-11457","page","type-page","status-publish","hentry"],"_links":{"self":[{"href":"https:\/\/urzo.ambex.lv\/de\/wp-json\/wp\/v2\/pages\/11457","targetHints":{"allow":["GET"]}}],"collection":[{"href":"https:\/\/urzo.ambex.lv\/de\/wp-json\/wp\/v2\/pages"}],"about":[{"href":"https:\/\/urzo.ambex.lv\/de\/wp-json\/wp\/v2\/types\/page"}],"author":[{"embeddable":true,"href":"https:\/\/urzo.ambex.lv\/de\/wp-json\/wp\/v2\/users\/3"}],"replies":[{"embeddable":true,"href":"https:\/\/urzo.ambex.lv\/de\/wp-json\/wp\/v2\/comments?post=11457"}],"version-history":[{"count":0,"href":"https:\/\/urzo.ambex.lv\/de\/wp-json\/wp\/v2\/pages\/11457\/revisions"}],"wp:attachment":[{"href":"https:\/\/urzo.ambex.lv\/de\/wp-json\/wp\/v2\/media?parent=11457"}],"curies":[{"name":"wp","href":"https:\/\/api.w.org\/{rel}","templated":true}]}}