{"id":11816,"date":"2023-01-18T13:28:32","date_gmt":"2023-01-18T13:28:32","guid":{"rendered":"https:\/\/urzonailfiles.com\/product\/contour-queen-standard\/"},"modified":"2024-03-29T07:05:34","modified_gmt":"2024-03-29T07:05:34","slug":"austauschbare-nagelfeilen-kontur-queen-standard","status":"publish","type":"product","link":"https:\/\/urzo.ambex.lv\/de\/Produkt\/austauschbare-nagelfeilen-kontur-queen-standard\/","title":{"rendered":"Contour Queen (Standard)"},"content":{"rendered":"<p><strong>Hygiene:<\/strong> Verabschiede dich von verkeimten Nagelfeilen und begr\u00fc\u00dfe unsere frischen Ersatzfeilen. Jede von ihnen ist bereit, alle Nagelprobleme zu bew\u00e4ltigen und Ihre N\u00e4gel scharf und makellos auszusehen zu lassen. <\/p>\n<p><strong>Sicherheit:<\/strong> Mit unseren Ersatznagelfeilen k\u00f6nnen Sie sicher sein, dass weder Sie noch Ihre Kunden dem Risiko von Infektionen ausgesetzt sind, die durch alte, abgenutzte Feilen verursacht werden.<\/p>\n<p><strong>Bequemlichkeit und Einfachheit:<\/strong> Unsere Ersatznagelfeilen sind so einfach zu benutzen, dass Sie sich fragen werden, wie Sie jemals ohne sie ausgekommen sind. Sie haben immer die richtige Feile f\u00fcr die perfekte Manik\u00fcre, weil es eine Vielzahl von K\u00f6rnungen gibt. <\/p>\n","protected":false},"excerpt":{"rendered":"<p>Wenn Sie unsere fantastischen Ersatznagelfeilen haben, warum sollten Sie sich mit einer veralteten Nagelfeile zufrieden geben? Diese Feilen sind in verschiedenen K\u00f6rnungen erh\u00e4ltlich und verleihen Ihren N\u00e4geln einen scharfen und makellosen Look. Dar\u00fcber hinaus k\u00f6nnen Sie sicher sein, dass jede Nagelfeile neu ist und bereit ist, alle Nagelprobleme zu bew\u00e4ltigen, da Hygiene unser Hauptaugenmerk ist!  <\/p>\n<ul>\n<li>Packung mit 30 St\u00fcck.<\/li>\n<\/ul>\n","protected":false},"featured_media":11794,"comment_status":"open","ping_status":"closed","template":"","meta":[],"product_brand":[],"product_cat":[243,245,238],"product_tag":[],"class_list":{"0":"post-11816","1":"product","2":"type-product","3":"status-publish","4":"has-post-thumbnail","6":"product_cat-nagelfeilen-als-ersatz","7":"product_cat-standard","8":"product_cat-ellipse-de","10":"first","11":"instock","12":"taxable","13":"shipping-taxable","14":"purchasable","15":"product-type-variable","16":"has-default-attributes"},"_links":{"self":[{"href":"https:\/\/urzo.ambex.lv\/de\/wp-json\/wp\/v2\/product\/11816","targetHints":{"allow":["GET"]}}],"collection":[{"href":"https:\/\/urzo.ambex.lv\/de\/wp-json\/wp\/v2\/product"}],"about":[{"href":"https:\/\/urzo.ambex.lv\/de\/wp-json\/wp\/v2\/types\/product"}],"replies":[{"embeddable":true,"href":"https:\/\/urzo.ambex.lv\/de\/wp-json\/wp\/v2\/comments?post=11816"}],"version-history":[{"count":0,"href":"https:\/\/urzo.ambex.lv\/de\/wp-json\/wp\/v2\/product\/11816\/revisions"}],"wp:featuredmedia":[{"embeddable":true,"href":"https:\/\/urzo.ambex.lv\/de\/wp-json\/wp\/v2\/media\/11794"}],"wp:attachment":[{"href":"https:\/\/urzo.ambex.lv\/de\/wp-json\/wp\/v2\/media?parent=11816"}],"wp:term":[{"taxonomy":"product_brand","embeddable":true,"href":"https:\/\/urzo.ambex.lv\/de\/wp-json\/wp\/v2\/product_brand?post=11816"},{"taxonomy":"product_cat","embeddable":true,"href":"https:\/\/urzo.ambex.lv\/de\/wp-json\/wp\/v2\/product_cat?post=11816"},{"taxonomy":"product_tag","embeddable":true,"href":"https:\/\/urzo.ambex.lv\/de\/wp-json\/wp\/v2\/product_tag?post=11816"}],"curies":[{"name":"wp","href":"https:\/\/api.w.org\/{rel}","templated":true}]}}