{"id":11928,"date":"2023-01-18T14:38:44","date_gmt":"2023-01-18T14:38:44","guid":{"rendered":"https:\/\/urzonailfiles.com\/product\/petit\/"},"modified":"2024-06-13T19:53:07","modified_gmt":"2024-06-13T19:53:07","slug":"baf-interchangeable-nail-files-petit","status":"publish","type":"product","link":"https:\/\/urzo.ambex.lv\/de\/Produkt\/baf-interchangeable-nail-files-petit\/","title":{"rendered":"Petit"},"content":{"rendered":"<p><strong>Hygiene:<\/strong> Mit unseren BAF Ersatznagelfeilen brauchst du dir keine Sorgen \u00fcber Kreuzkontaminationen machen. Jede von ihnen ist neu und bereit, Ihren Kunden ein glattes und poliertes Finish zu bieten. <\/p>\n<p><strong>Sicherheit:<\/strong> Unsere BAF Ersatznagelfeilen wurden entwickelt, damit Sie sie bedenkenlos verwenden k\u00f6nnen. Ihr sanftes Gleiten stellt sicher, dass Sie versehentlich keine Nagel- oder Nagelhautsch\u00e4den verursachen. <\/p>\n<p><strong>Bequemlichkeit und Einfachheit:<\/strong> BAF Ersatznagelfeilen sind \u00e4u\u00dferst einfach zu verwenden und bieten eine schnelle und einfache M\u00f6glichkeit, eine professionell aussehende Manik\u00fcre zu erhalten. Au\u00dferdem m\u00fcssen Sie sich keine Sorgen \u00fcber die Reinigung oder Desinfektion machen, da sie wiederverwendbar sind. <\/p>\n","protected":false},"excerpt":{"rendered":"<p>Wer behauptet, Sie k\u00f6nnten nicht alles haben? Sie k\u00f6nnen es mit unseren BAF Ersatznagelfeilen beweisen. Ob du nat\u00fcrliche oder k\u00fcnstliche N\u00e4gel bearbeitest, diese Feilen gleiten wie ein Traum und hinterlassen ein glattes und poliertes Finish. Leute, verbessern Sie Ihre Nagelpflege! Verfolgen Sie, wie sie m\u00fchelos \u00fcber die Nageloberfl\u00e4che gleiten. Vertrau uns, dass Sie von Ihren Kunden gelobt werden.   <\/p>\n<ul>\n<li>Packung mit 30 St\u00fcck.<\/li>\n<\/ul>\n","protected":false},"featured_media":11929,"comment_status":"open","ping_status":"closed","template":"","meta":[],"product_brand":[],"product_cat":[234,235],"product_tag":[],"class_list":{"0":"post-11928","1":"product","2":"type-product","3":"status-publish","4":"has-post-thumbnail","6":"product_cat-baf-ersatznagelfeilen","7":"product_cat-compact-de","9":"first","10":"instock","11":"taxable","12":"shipping-taxable","13":"purchasable","14":"product-type-variable","15":"has-default-attributes"},"_links":{"self":[{"href":"https:\/\/urzo.ambex.lv\/de\/wp-json\/wp\/v2\/product\/11928","targetHints":{"allow":["GET"]}}],"collection":[{"href":"https:\/\/urzo.ambex.lv\/de\/wp-json\/wp\/v2\/product"}],"about":[{"href":"https:\/\/urzo.ambex.lv\/de\/wp-json\/wp\/v2\/types\/product"}],"replies":[{"embeddable":true,"href":"https:\/\/urzo.ambex.lv\/de\/wp-json\/wp\/v2\/comments?post=11928"}],"version-history":[{"count":0,"href":"https:\/\/urzo.ambex.lv\/de\/wp-json\/wp\/v2\/product\/11928\/revisions"}],"wp:featuredmedia":[{"embeddable":true,"href":"https:\/\/urzo.ambex.lv\/de\/wp-json\/wp\/v2\/media\/11929"}],"wp:attachment":[{"href":"https:\/\/urzo.ambex.lv\/de\/wp-json\/wp\/v2\/media?parent=11928"}],"wp:term":[{"taxonomy":"product_brand","embeddable":true,"href":"https:\/\/urzo.ambex.lv\/de\/wp-json\/wp\/v2\/product_brand?post=11928"},{"taxonomy":"product_cat","embeddable":true,"href":"https:\/\/urzo.ambex.lv\/de\/wp-json\/wp\/v2\/product_cat?post=11928"},{"taxonomy":"product_tag","embeddable":true,"href":"https:\/\/urzo.ambex.lv\/de\/wp-json\/wp\/v2\/product_tag?post=11928"}],"curies":[{"name":"wp","href":"https:\/\/api.w.org\/{rel}","templated":true}]}}