{"id":12112,"date":"2023-03-25T11:37:17","date_gmt":"2023-03-25T11:37:17","guid":{"rendered":"https:\/\/urzonailfiles.com\/product\/glamour-maven\/"},"modified":"2024-04-05T11:22:36","modified_gmt":"2024-04-05T11:22:36","slug":"glamour-maven-starter-kit","status":"publish","type":"product","link":"https:\/\/urzo.ambex.lv\/de\/Produkt\/glamour-maven-starter-kit\/","title":{"rendered":"Glamour Maven"},"content":{"rendered":"<p><strong>Glamour Maven Starter Kit enthalten:<\/strong><\/p>\n<ul>\n<li style=\"list-style-type: none;\">\n<ul>\n<li><strong>1x Diamant AeroTitan Basis<\/strong><\/li>\n<li>1x BAF-Feile (150er K\u00f6rnung)<\/li>\n<li>1x BAF-Feile (180er K\u00f6rnung)<\/li>\n<li>1x BAF-Feile (240er K\u00f6rnung)<\/li>\n<\/ul>\n<\/li>\n<\/ul>\n<ul>\n<li style=\"list-style-type: none;\">\n<ul>\n<li>1x Feilen (Soft) (80er K\u00f6rnung)<\/li>\n<li>1x Feilen (Soft) (100er K\u00f6rnung)<\/li>\n<li>1x Feilen (Soft) (150er K\u00f6rnung)<\/li>\n<li>1x Feilen (Soft) (180er K\u00f6rnung)<\/li>\n<li>1x Feilen (Soft) (220er K\u00f6rnung)<\/li>\n<li>1x Feilen (Soft) (240er K\u00f6rnung)<\/li>\n<li>1x Feilen (Soft) (280er K\u00f6rnung)<\/li>\n<\/ul>\n<\/li>\n<\/ul>\n<ul>\n<li style=\"list-style-type: none;\">\n<ul>\n<li>1x Feilen (Semi-soft) (80er K\u00f6rnung)<\/li>\n<li>1x Feilen (Semi-soft) (100er K\u00f6rnung)<\/li>\n<li>1x Feilen (Semi-soft) (150er K\u00f6rnung)<\/li>\n<li>1x Feilen (Semi-soft) (180er K\u00f6rnung)<\/li>\n<li>1x Feilen (Semi-soft) (220er K\u00f6rnung)<\/li>\n<li>1x Feilen (Semi-soft) (240er K\u00f6rnung)<\/li>\n<li>1x Feilen (Semi-soft) (280er K\u00f6rnung)<\/li>\n<\/ul>\n<\/li>\n<\/ul>\n<ul>\n<li style=\"list-style-type: none;\">\n<ul>\n<li>1x Feilen (Standard) (80er K\u00f6rnung)<\/li>\n<li>1x Feilen (Standard) (100er K\u00f6rnung)<\/li>\n<li>1x Feilen (Standard) (150er K\u00f6rnung)<\/li>\n<li>1x Feilen (Standard) (180er K\u00f6rnung)<\/li>\n<li>1x Feilen (Standard) (220er K\u00f6rnung)<\/li>\n<li>1x Feilen (Standard) (240er K\u00f6rnung)<\/li>\n<li>1x Feilen (Standard) (280er K\u00f6rnung)<\/li>\n<\/ul>\n<\/li>\n<\/ul>\n<p>Unser URZO Starting Kit ist f\u00fcr jeden professionellen Nagelpflegespezialisten unerl\u00e4sslich. Es enth\u00e4lt alles, was Sie f\u00fcr die perfekte Manik\u00fcre und Pedik\u00fcre brauchen, in einem kompakten Paket. Dar\u00fcber hinaus k\u00f6nnen Sie sicher sein, dass jedes Werkzeug neu, sauber und einsatzbereit ist, da wir sehr auf Hygiene achten. Was wartest du dann noch? Wir werden Nagelarbeiten machen!<\/p>\n<p><strong>Hygiene: <\/strong>Die AeroTitan-Basis unseres Startersets erm\u00f6glicht eine einfache Reinigung, Desinfektion und Desinfektion in einem Hei\u00dfluft- oder Dampfautoklaven. Um eine gesunde Arbeitsumgebung zu schaffen, m\u00fcssen Sie den Arbeitsplatz makellos halten und die Ausbreitung von sch\u00e4dlichen Mikroorganismen verringern. Du wirst bereit sein, atemberaubende Nailart-Meisterwerke zu kreieren, die Ihre Kundinnen und Kunden wie im Himmel f\u00fchlen lassen!<\/p>\n<p><strong>Sicherheit: <\/strong>Unser Startset sch\u00fctzt Fachkr\u00e4fte und Kunden vor Infektions- und Pilzkrankheiten. Bieten Sie Ihren Kunden erstklassige, hygienische Sch\u00f6nheitsdienstleistungen an.<\/p>\n<p><strong>Bequemlichkeit und Einfachheit: <\/strong>Unser Startset beinhaltet Nagelfeilen und BAF-Feilen, die austauschbar sind, um eine reibungslose und effektive Manik\u00fcre zu erm\u00f6glichen. Die AeroTitan-Basis garantiert, dass Ihre Nagelpflege dauerhaft und langlebig bleibt, da sie leicht, flexibel und unver\u00e4nderbar ist. Das Erstellen von perfekten N\u00e4geln war noch nie so einfach und bequem wie mit unserem Startset!<\/p>\n","protected":false},"excerpt":{"rendered":"<p>Glamour Maven Starter Kit enthalten: 1x Diamant AeroTitan Basis 1x BAF-Feile (150er K\u00f6rnung) 1x BAF-Feile (180er K\u00f6rnung) 1x BAF-Feile (240er K\u00f6rnung) 1x Feilen (Soft) (80er K\u00f6rnung) 1x Feilen (Soft) (100er K\u00f6rnung) 1x Feilen (Soft) (150er K\u00f6rnung) 1x Feilen (Soft) (180er K\u00f6rnung) 1x Feilen (Soft) (220er K\u00f6rnung) 1x Feilen (Soft) (240er K\u00f6rnung) 1x Feilen (Soft) (280er<\/p>\n<div class=\"klb-readmore entry-button\"><a class=\"button light alt medium\" href=\"https:\/\/urzo.ambex.lv\/de\/Produkt\/glamour-maven-starter-kit\/\">Read More<\/a><\/div>\n","protected":false},"featured_media":19041,"comment_status":"open","ping_status":"closed","template":"","meta":[],"product_brand":[],"product_cat":[246,236],"product_tag":[],"class_list":{"0":"post-12112","1":"product","2":"type-product","3":"status-publish","4":"has-post-thumbnail","6":"product_cat-starter-set","7":"product_cat-diamond-de","9":"first","10":"instock","11":"taxable","12":"shipping-taxable","13":"purchasable","14":"product-type-variable","15":"has-default-attributes"},"_links":{"self":[{"href":"https:\/\/urzo.ambex.lv\/de\/wp-json\/wp\/v2\/product\/12112","targetHints":{"allow":["GET"]}}],"collection":[{"href":"https:\/\/urzo.ambex.lv\/de\/wp-json\/wp\/v2\/product"}],"about":[{"href":"https:\/\/urzo.ambex.lv\/de\/wp-json\/wp\/v2\/types\/product"}],"replies":[{"embeddable":true,"href":"https:\/\/urzo.ambex.lv\/de\/wp-json\/wp\/v2\/comments?post=12112"}],"version-history":[{"count":0,"href":"https:\/\/urzo.ambex.lv\/de\/wp-json\/wp\/v2\/product\/12112\/revisions"}],"wp:featuredmedia":[{"embeddable":true,"href":"https:\/\/urzo.ambex.lv\/de\/wp-json\/wp\/v2\/media\/19041"}],"wp:attachment":[{"href":"https:\/\/urzo.ambex.lv\/de\/wp-json\/wp\/v2\/media?parent=12112"}],"wp:term":[{"taxonomy":"product_brand","embeddable":true,"href":"https:\/\/urzo.ambex.lv\/de\/wp-json\/wp\/v2\/product_brand?post=12112"},{"taxonomy":"product_cat","embeddable":true,"href":"https:\/\/urzo.ambex.lv\/de\/wp-json\/wp\/v2\/product_cat?post=12112"},{"taxonomy":"product_tag","embeddable":true,"href":"https:\/\/urzo.ambex.lv\/de\/wp-json\/wp\/v2\/product_tag?post=12112"}],"curies":[{"name":"wp","href":"https:\/\/api.w.org\/{rel}","templated":true}]}}