{"id":12650,"date":"2023-10-09T21:38:53","date_gmt":"2023-10-09T21:38:53","guid":{"rendered":"https:\/\/urzonailfiles.com\/product\/pedikure-disk-u-podo-l-o25mm\/"},"modified":"2023-10-09T21:38:53","modified_gmt":"2023-10-09T21:38:53","slug":"pedikure-disk-u-podo-l-o25mm","status":"publish","type":"product","link":"https:\/\/urzo.ambex.lv\/de\/Produkt\/pedikure-disk-u-podo-l-o25mm\/","title":{"rendered":"Pedik\u00fcre-Disk U-Podo L \u00d825mm"},"content":{"rendered":"<p><strong>Hygiene:<\/strong> Verw\u00f6hnen Sie Ihre Kunden und sorgen Sie gleichzeitig f\u00fcr eine hygienische Arbeitsumgebung mit unseren U-Premium Podo Discs. Jeder von ihnen ist neu und bereit, das beste Fu\u00dfsporterlebnis zu bieten. <\/p>\n<p><strong>Sicherheit:<\/strong> Unsere U-Premium Podo Discs wurden mit Ber\u00fccksichtigung der Sicherheit entwickelt, damit Sie sich entspannt zur\u00fccklehnen k\u00f6nnen, wissend, dass die F\u00fc\u00dfe Ihrer Kunden in guten H\u00e4nden sind. Die Scheiben bewirken eine glatte und weiche Haut, obwohl sie sanft sind. <\/p>\n<p><strong>Bequemlichkeit und Einfachheit:<\/strong> Unsere U-Premium Podo Discs k\u00f6nnen mit f\u00fcnf verschiedenen Durchmessern angepasst werden. Au\u00dferdem ist es dank ihres innovativen Designs einfach, sie gegen eine neue Platte zu ersetzen. <\/p>\n","protected":false},"excerpt":{"rendered":"<p>Wenn Sie eine Fu\u00dfpflegebehandlung genie\u00dfen k\u00f6nnen, warum sollten Sie sich mit einer langwierigen Pedik\u00fcre zufrieden geben? Unsere U-Premium Podo Discs sind der ideale Weg, um die F\u00fc\u00dfe Ihrer Kunden zu verw\u00f6hnen. Es gibt f\u00fcnf verschiedene Durchmesser, mit denen Sie jede Pedik\u00fcre bis zur Perfektion individualisieren k\u00f6nnen. Glauben Sie uns, Ihre Kunden werden begeistert sein!   <\/p>\n<ul>\n<li>Im Paket: 1 St\u00fcck<\/li>\n<li>Beinl\u00e4nge 40mm<\/li>\n<\/ul>\n","protected":false},"featured_media":12651,"comment_status":"open","ping_status":"closed","template":"","meta":[],"product_brand":[],"product_cat":[247,254],"product_tag":[],"class_list":{"0":"post-12650","1":"product","2":"type-product","3":"status-publish","4":"has-post-thumbnail","6":"product_cat-die-discs-u-podo-sind","7":"product_cat-o25-l-de","9":"first","10":"instock","11":"taxable","12":"shipping-taxable","13":"purchasable","14":"product-type-simple"},"_links":{"self":[{"href":"https:\/\/urzo.ambex.lv\/de\/wp-json\/wp\/v2\/product\/12650","targetHints":{"allow":["GET"]}}],"collection":[{"href":"https:\/\/urzo.ambex.lv\/de\/wp-json\/wp\/v2\/product"}],"about":[{"href":"https:\/\/urzo.ambex.lv\/de\/wp-json\/wp\/v2\/types\/product"}],"replies":[{"embeddable":true,"href":"https:\/\/urzo.ambex.lv\/de\/wp-json\/wp\/v2\/comments?post=12650"}],"version-history":[{"count":0,"href":"https:\/\/urzo.ambex.lv\/de\/wp-json\/wp\/v2\/product\/12650\/revisions"}],"wp:featuredmedia":[{"embeddable":true,"href":"https:\/\/urzo.ambex.lv\/de\/wp-json\/wp\/v2\/media\/12651"}],"wp:attachment":[{"href":"https:\/\/urzo.ambex.lv\/de\/wp-json\/wp\/v2\/media?parent=12650"}],"wp:term":[{"taxonomy":"product_brand","embeddable":true,"href":"https:\/\/urzo.ambex.lv\/de\/wp-json\/wp\/v2\/product_brand?post=12650"},{"taxonomy":"product_cat","embeddable":true,"href":"https:\/\/urzo.ambex.lv\/de\/wp-json\/wp\/v2\/product_cat?post=12650"},{"taxonomy":"product_tag","embeddable":true,"href":"https:\/\/urzo.ambex.lv\/de\/wp-json\/wp\/v2\/product_tag?post=12650"}],"curies":[{"name":"wp","href":"https:\/\/api.w.org\/{rel}","templated":true}]}}