{"id":12690,"date":"2023-06-01T12:41:19","date_gmt":"2023-06-01T12:41:19","guid":{"rendered":"https:\/\/urzonailfiles.com\/product\/u-podo-scheibenfeilen-m-o20-standard\/"},"modified":"2023-06-01T12:41:19","modified_gmt":"2023-06-01T12:41:19","slug":"u-podo-scheibenfeilen-m-o20-standard","status":"publish","type":"product","link":"https:\/\/urzo.ambex.lv\/de\/Produkt\/u-podo-scheibenfeilen-m-o20-standard\/","title":{"rendered":"U \u2013 Podo-Scheibenfeilen M \u00d820 (Standard)"},"content":{"rendered":"<p><strong>Hygiene:<\/strong> Mit unseren Ersatzfeilen f\u00fcr U-Podo Discs k\u00f6nnen Sie sicher sein, dass Ihr Arbeitsplatz hygienisch und frei von Keimen ist. Jede von ihnen ist neu und bereit, selbst die schwierigsten Pedik\u00fcre-Probleme zu bew\u00e4ltigen. <\/p>\n<p><strong>Sicherheit:<\/strong> Die Verwendung veralteter Feilen kann sowohl f\u00fcr Sie als auch f\u00fcr Ihre Kunden ein Risiko darstellen. Unsere Ersatzfeilen f\u00fcr U-Podo Discs stellen sicher, dass Sie jedes Mal eine sichere und erfolgreiche Pedik\u00fcre durchf\u00fchren k\u00f6nnen. <\/p>\n<p><strong>Bequemlichkeit und Einfachheit:<\/strong> Unsere Ersatzordner f\u00fcr U-Podo Discs machen es einfach, einen sauberen und organisierten Arbeitsplatz zu haben. Dank des einfachen Pop-on-Designs k\u00f6nnen Kunden die Ordner schnell und einfach austauschen. <\/p>\n","protected":false},"excerpt":{"rendered":"<p>Mit den Ersatzfeilen f\u00fcr die U-Podo-Discs bleiben Sie immer am Laufenden. Ein hygienischer Arbeitsplatz zu haben, ist mit diesen coolen Feilen einfach. Die F\u00fc\u00dfe deiner Kunden werden es dir danken, wenn Sie mit dem Alten und dem Neuen umgehen.  <\/p>\n<ul>\n<li>Packung mit 30 St\u00fcck.<\/li>\n<\/ul>\n","protected":false},"featured_media":12655,"comment_status":"open","ping_status":"closed","template":"","meta":[],"product_brand":[],"product_cat":[248,250,253],"product_tag":[],"class_list":{"0":"post-12690","1":"product","2":"type-product","3":"status-publish","4":"has-post-thumbnail","6":"product_cat-um-ersatzscheiben-fur-u-podo-discs-zu-finden","7":"product_cat-standard-de","8":"product_cat-o20-m-de","10":"first","11":"instock","12":"taxable","13":"shipping-taxable","14":"purchasable","15":"product-type-variable","16":"has-default-attributes"},"_links":{"self":[{"href":"https:\/\/urzo.ambex.lv\/de\/wp-json\/wp\/v2\/product\/12690","targetHints":{"allow":["GET"]}}],"collection":[{"href":"https:\/\/urzo.ambex.lv\/de\/wp-json\/wp\/v2\/product"}],"about":[{"href":"https:\/\/urzo.ambex.lv\/de\/wp-json\/wp\/v2\/types\/product"}],"replies":[{"embeddable":true,"href":"https:\/\/urzo.ambex.lv\/de\/wp-json\/wp\/v2\/comments?post=12690"}],"version-history":[{"count":0,"href":"https:\/\/urzo.ambex.lv\/de\/wp-json\/wp\/v2\/product\/12690\/revisions"}],"wp:featuredmedia":[{"embeddable":true,"href":"https:\/\/urzo.ambex.lv\/de\/wp-json\/wp\/v2\/media\/12655"}],"wp:attachment":[{"href":"https:\/\/urzo.ambex.lv\/de\/wp-json\/wp\/v2\/media?parent=12690"}],"wp:term":[{"taxonomy":"product_brand","embeddable":true,"href":"https:\/\/urzo.ambex.lv\/de\/wp-json\/wp\/v2\/product_brand?post=12690"},{"taxonomy":"product_cat","embeddable":true,"href":"https:\/\/urzo.ambex.lv\/de\/wp-json\/wp\/v2\/product_cat?post=12690"},{"taxonomy":"product_tag","embeddable":true,"href":"https:\/\/urzo.ambex.lv\/de\/wp-json\/wp\/v2\/product_tag?post=12690"}],"curies":[{"name":"wp","href":"https:\/\/api.w.org\/{rel}","templated":true}]}}