{"id":14073,"date":"2023-04-26T14:34:43","date_gmt":"2023-04-26T14:34:43","guid":{"rendered":"https:\/\/urzonailfiles.com\/quienes-somos\/"},"modified":"2024-02-08T09:15:29","modified_gmt":"2024-02-08T09:15:29","slug":"quienes-somos","status":"publish","type":"page","link":"https:\/\/urzo.ambex.lv\/es\/quienes-somos\/","title":{"rendered":"Qui\u00e9nes somos"},"content":{"rendered":"\t\t<div data-elementor-type=\"wp-page\" data-elementor-id=\"14073\" class=\"elementor elementor-14073 elementor-3227\">\n\t\t\t\t\t\t<section class=\"elementor-section elementor-top-section elementor-element elementor-element-81d6c36 elementor-section-full_width elementor-section-content-middle elementor-section-height-default elementor-section-height-default\" data-id=\"81d6c36\" data-element_type=\"section\">\n\t\t\t\t\t\t<div class=\"elementor-container elementor-column-gap-default\">\n\t\t\t\t\t<div class=\"elementor-column elementor-col-100 elementor-top-column elementor-element elementor-element-da112c2\" data-id=\"da112c2\" data-element_type=\"column\">\n\t\t\t<div class=\"elementor-widget-wrap elementor-element-populated\">\n\t\t\t\t\t\t<div class=\"elementor-element elementor-element-0954079 elementor-widget elementor-widget-image\" data-id=\"0954079\" data-element_type=\"widget\" data-widget_type=\"image.default\">\n\t\t\t\t<div class=\"elementor-widget-container\">\n\t\t\t\t\t\t\t\t\t\t\t\t\t\t\t<img fetchpriority=\"high\" decoding=\"async\" width=\"2048\" height=\"471\" src=\"https:\/\/urzo.ambex.lv\/wp-content\/uploads\/2023\/06\/WHY-US.webp\" class=\"attachment-full size-full wp-image-14090\" alt=\"\" srcset=\"https:\/\/urzo.ambex.lv\/wp-content\/uploads\/2023\/06\/WHY-US.webp 2048w, https:\/\/urzo.ambex.lv\/wp-content\/uploads\/2023\/06\/WHY-US-300x69.webp 300w, https:\/\/urzo.ambex.lv\/wp-content\/uploads\/2023\/06\/WHY-US-1024x236.webp 1024w, https:\/\/urzo.ambex.lv\/wp-content\/uploads\/2023\/06\/WHY-US-768x177.webp 768w, https:\/\/urzo.ambex.lv\/wp-content\/uploads\/2023\/06\/WHY-US-1536x353.webp 1536w, https:\/\/urzo.ambex.lv\/wp-content\/uploads\/2023\/06\/WHY-US-600x138.webp 600w, https:\/\/urzo.ambex.lv\/wp-content\/uploads\/2023\/06\/WHY-US-90x21.webp 90w\" sizes=\"(max-width: 2048px) 100vw, 2048px\" \/>\t\t\t\t\t\t\t\t\t\t\t\t\t\t\t<\/div>\n\t\t\t\t<\/div>\n\t\t\t\t\t<\/div>\n\t\t<\/div>\n\t\t\t\t\t<\/div>\n\t\t<\/section>\n\t\t\t\t<section class=\"elementor-section elementor-top-section elementor-element elementor-element-45328b3 elementor-section-boxed elementor-section-height-default elementor-section-height-default\" data-id=\"45328b3\" data-element_type=\"section\">\n\t\t\t\t\t\t<div class=\"elementor-container elementor-column-gap-default\">\n\t\t\t\t\t<div class=\"elementor-column elementor-col-50 elementor-top-column elementor-element elementor-element-4b82cd1\" data-id=\"4b82cd1\" data-element_type=\"column\">\n\t\t\t<div class=\"elementor-widget-wrap elementor-element-populated\">\n\t\t\t\t\t\t<div class=\"elementor-element elementor-element-aa7902c elementor-widget elementor-widget-text-editor\" data-id=\"aa7902c\" data-element_type=\"widget\" data-widget_type=\"text-editor.default\">\n\t\t\t\t<div class=\"elementor-widget-container\">\n\t\t\t\t\t\t\t\t\t<\/p>\n<h1 style=\"font-family: Poppins, sans-serif; letter-spacing: normal;\" data-elementor-setting-key=\"title\" data-pen-placeholder=\"Type Here...\">Muy bien, \u00a1abr\u00f3chense los cinturones!<\/h1>\n<div> <\/div>\n<p>Bueno, querida lectora, URZO est\u00e1 aqu\u00ed para hacer realidad tus sue\u00f1os sobre el cuidado de las u\u00f1as.<\/p>\n<p>Nuestro equipo, ingenioso, inteligente y apasionado, ha creado una gama de productos <span style=\"background-color: var(--color-main-background); color: var(--color-main-text); font-family: var(--font-primary); letter-spacing: 0px;\">tan fiables como elegantes.<\/span> <\/p>\n<p><span style=\"background-color: var(--color-main-background); color: var(--color-main-text); font-family: var(--font-primary); letter-spacing: 0px;\">Desp\u00eddete de tus problemas con las u\u00f1as y \u00fanete <\/span><span style=\"background-color: var(--color-main-background); color: var(--color-main-text); font-family: var(--font-primary); letter-spacing: 0px;\">a la familia URZO para disfrutar de una vida llena de u\u00f1as perfectas y una higiene impecable. \u00bfEst\u00e1 preparada  <\/span><span style=\"background-color: var(--color-main-background); color: var(--color-main-text); font-family: var(--font-primary); letter-spacing: 0px;\">para experimentar la magia de URZO? Con nuestro enfoque  <\/span><span style=\"background-color: var(--color-main-background); color: var(--color-main-text); font-family: var(--font-primary); letter-spacing: 0px;\">atrevido y poco convencional, te prometemos que nunca volver\u00e1s a ver el cuidado de las u\u00f1as de la misma manera. <\/span><\/p>\n<p><span style=\"background-color: var(--color-main-background); color: var(--color-main-text); font-family: var(--font-primary); letter-spacing: 0px;\"> <\/span><\/p>\n<p><span style=\"background-color: var(--color-main-background); color: var(--color-main-text); font-family: var(--font-primary); letter-spacing: 0px;\">Bienvenida al futuro de la manicura y la pedicura, \u00a1donde cada pincelada es una obra<\/span> <span style=\"background-color: var(--color-main-background); color: var(--color-main-text); font-family: var(--font-primary); letter-spacing: 0px;\">maestra!<\/span><\/p>\n\t\t\t\t\t\t\t\t<\/div>\n\t\t\t\t<\/div>\n\t\t\t\t\t<\/div>\n\t\t<\/div>\n\t\t\t\t<div class=\"elementor-column elementor-col-50 elementor-top-column elementor-element elementor-element-ca8c3ac\" data-id=\"ca8c3ac\" data-element_type=\"column\">\n\t\t\t<div class=\"elementor-widget-wrap elementor-element-populated\">\n\t\t\t\t\t\t<div class=\"elementor-element elementor-element-26fba0d elementor-widget elementor-widget-text-editor\" data-id=\"26fba0d\" data-element_type=\"widget\" data-widget_type=\"text-editor.default\">\n\t\t\t\t<div class=\"elementor-widget-container\">\n\t\t\t\t\t\t\t\t\t<\/p>\n<h1 style=\"font-family: Poppins, sans-serif; letter-spacing: normal;\" data-elementor-setting-key=\"title\" data-pen-placeholder=\"Type Here...\"><span style=\"font-size: 2.5rem; background-color: var(--color-main-background); color: var(--color-main-text);\">\u00bfPor qu\u00e9 unirse a URZO Revolution?<\/span><\/h1>\n<div> <\/div>\n<p>Muy bien, \u00a1abr\u00f3chense los cinturones! Vamos a sumergirnos en el encantador <span style=\"background-color: var(--color-main-background); color: var(--color-main-text); font-family: var(--font-primary); letter-spacing: 0px;\">mundo de URZO, donde nuestro fabuloso equipo de creativos pioneros est\u00e1<\/span> <span style=\"background-color: var(--color-main-background); color: var(--color-main-text); font-family: var(--font-primary); letter-spacing: 0px;\">revolucionando la industria del cuidado de las u\u00f1as, base de titanio mediante.<\/span><\/p>\n<p><strong>Historia de la empresa:<\/strong><\/p>\n<p>Hace tiempo, J\u0101nis Za\u0142oksnis, un maestro de la ingenier\u00eda, se top\u00f3 con las<span style=\"background-color: var(--color-main-background); color: var(--color-main-text); font-family: var(--font-primary); letter-spacing: 0px;\">dificultades cotidianasde las manicuristas durante una conversaci\u00f3n fortuita con un amigo.<\/span> <span style=\"background-color: var(--color-main-background); color: var(--color-main-text); font-family: var(--font-primary); letter-spacing: 0px;\">artistas de u\u00f1as de renombre. Movido por la inspiraci\u00f3n, J\u0101nis se embarc\u00f3 en la misi\u00f3n de crear  <\/span><span style=\"background-color: var(--color-main-background); color: var(--color-main-text); font-family: var(--font-primary); letter-spacing: 0px;\">a solution that would make nail care as smooth as a perfectly polished nail. <\/span><span style=\"background-color: var(--color-main-background); color: var(--color-main-text); font-family: var(--font-primary); letter-spacing: 0px;\">Fast forward a few years, and the URZO team is now shaking up the nail care <\/span><span style=\"background-color: var(--color-main-background); color: var(--color-main-text); font-family: var(--font-primary); letter-spacing: 0px;\">scene with their game-changing products, making manicurists around the <\/span><span style=\"background-color: var(--color-main-background); color: var(--color-main-text); font-family: var(--font-primary); letter-spacing: 0px;\">globe swoon with joy.<\/span><\/p>\n\t\t\t\t\t\t\t\t<\/div>\n\t\t\t\t<\/div>\n\t\t\t\t\t<\/div>\n\t\t<\/div>\n\t\t\t\t\t<\/div>\n\t\t<\/section>\n\t\t\t\t<section class=\"elementor-section elementor-top-section elementor-element elementor-element-31243ac6 elementor-section-content-middle elementor-section-boxed elementor-section-height-default elementor-section-height-default\" data-id=\"31243ac6\" data-element_type=\"section\">\n\t\t\t\t\t\t<div class=\"elementor-container elementor-column-gap-no\">\n\t\t\t\t\t<div class=\"elementor-column elementor-col-100 elementor-top-column elementor-element elementor-element-77b4c532\" data-id=\"77b4c532\" data-element_type=\"column\">\n\t\t\t<div class=\"elementor-widget-wrap elementor-element-populated\">\n\t\t\t\t\t\t<div class=\"elementor-element elementor-element-5376fc21 elementor-widget elementor-widget-heading\" data-id=\"5376fc21\" data-element_type=\"widget\" data-widget_type=\"heading.default\">\n\t\t\t\t<div class=\"elementor-widget-container\">\n\t\t\t\t\t<h3 class=\"elementor-heading-title elementor-size-default\">NUESTRO EQUIPO<\/h3>\t\t\t\t<\/div>\n\t\t\t\t<\/div>\n\t\t\t\t<section class=\"elementor-section elementor-inner-section elementor-element elementor-element-2b457565 elementor-section-boxed elementor-section-height-default elementor-section-height-default\" data-id=\"2b457565\" data-element_type=\"section\">\n\t\t\t\t\t\t<div class=\"elementor-container elementor-column-gap-default\">\n\t\t\t\t\t<div class=\"elementor-column elementor-col-50 elementor-inner-column elementor-element elementor-element-640f6ff6\" data-id=\"640f6ff6\" data-element_type=\"column\">\n\t\t\t<div class=\"elementor-widget-wrap elementor-element-populated\">\n\t\t\t\t\t\t<div class=\"elementor-element elementor-element-4d25b6fa elementor-widget elementor-widget-image-box\" data-id=\"4d25b6fa\" data-element_type=\"widget\" data-widget_type=\"image-box.default\">\n\t\t\t\t<div class=\"elementor-widget-container\">\n\t\t\t\t\t<div class=\"elementor-image-box-wrapper\"><div class=\"elementor-image-box-content\"><h3 class=\"elementor-image-box-title\">Janis Zaloksnis<\/h3><p class=\"elementor-image-box-description\">l\u00edder y fundador <\/p><\/div><\/div>\t\t\t\t<\/div>\n\t\t\t\t<\/div>\n\t\t\t\t<div class=\"elementor-element elementor-element-4b3db3c5 elementor-widget elementor-widget-text-editor\" data-id=\"4b3db3c5\" data-element_type=\"widget\" data-widget_type=\"text-editor.default\">\n\t\t\t\t<div class=\"elementor-widget-container\">\n\t\t\t\t\t\t\t\t\t<p>Nuestro intr\u00e9pido l\u00edder y fundador, J\u0101nis es el cerebro de URZO. Con una formaci\u00f3n en ingenier\u00eda y una asombrosa capacidad para detectar oportunidades, est\u00e1 transformando la industria del cuidado de las u\u00f1as como un jefe. <\/p>\n\t\t\t\t\t\t\t\t<\/div>\n\t\t\t\t<\/div>\n\t\t\t\t\t<\/div>\n\t\t<\/div>\n\t\t\t\t<div class=\"elementor-column elementor-col-50 elementor-inner-column elementor-element elementor-element-61e3e4ed\" data-id=\"61e3e4ed\" data-element_type=\"column\">\n\t\t\t<div class=\"elementor-widget-wrap elementor-element-populated\">\n\t\t\t\t\t\t<div class=\"elementor-element elementor-element-67397537 elementor-widget elementor-widget-image-box\" data-id=\"67397537\" data-element_type=\"widget\" data-widget_type=\"image-box.default\">\n\t\t\t\t<div class=\"elementor-widget-container\">\n\t\t\t\t\t<div class=\"elementor-image-box-wrapper\"><div class=\"elementor-image-box-content\"><h3 class=\"elementor-image-box-title\">Janis Feldmanis<\/h3><p class=\"elementor-image-box-description\">cofundador<\/p><\/div><\/div>\t\t\t\t<\/div>\n\t\t\t\t<\/div>\n\t\t\t\t<div class=\"elementor-element elementor-element-2e1729cf elementor-widget elementor-widget-text-editor\" data-id=\"2e1729cf\" data-element_type=\"widget\" data-widget_type=\"text-editor.default\">\n\t\t\t\t<div class=\"elementor-widget-container\">\n\t\t\t\t\t\t\t\t\t<p>J\u0101nis, como segundo cofundador, tiene una dedicaci\u00f3n inquebrantable a la satisfacci\u00f3n del cliente, lo que le ha convertido en un miembro inestimable de la familia URZO. Bajo el liderazgo de J\u0101nis, URZO sigue ampliando los l\u00edmites de lo posible, manteni\u00e9ndose siempre un paso por delante y garantizando que los profesionales de la manicura y la pedicura tengan las mejores herramientas a su alcance. \n \n \n \n \n\n<\/p>\t\t\t\t\t\t\t\t<\/div>\n\t\t\t\t<\/div>\n\t\t\t\t\t<\/div>\n\t\t<\/div>\n\t\t\t\t\t<\/div>\n\t\t<\/section>\n\t\t\t\t<section class=\"elementor-section elementor-inner-section elementor-element elementor-element-63f712a4 elementor-section-boxed elementor-section-height-default elementor-section-height-default\" data-id=\"63f712a4\" data-element_type=\"section\">\n\t\t\t\t\t\t<div class=\"elementor-container elementor-column-gap-default\">\n\t\t\t\t\t<div class=\"elementor-column elementor-col-50 elementor-inner-column elementor-element elementor-element-532f3e8c\" data-id=\"532f3e8c\" data-element_type=\"column\">\n\t\t\t<div class=\"elementor-widget-wrap elementor-element-populated\">\n\t\t\t\t\t\t<div class=\"elementor-element elementor-element-5c3a2893 elementor-widget elementor-widget-image-box\" data-id=\"5c3a2893\" data-element_type=\"widget\" data-widget_type=\"image-box.default\">\n\t\t\t\t<div class=\"elementor-widget-container\">\n\t\t\t\t\t<div class=\"elementor-image-box-wrapper\"><div class=\"elementor-image-box-content\"><h3 class=\"elementor-image-box-title\">Gertrude Vasiluka<\/h3><p class=\"elementor-image-box-description\">director<\/p><\/div><\/div>\t\t\t\t<\/div>\n\t\t\t\t<\/div>\n\t\t\t\t<div class=\"elementor-element elementor-element-38528e0d elementor-widget elementor-widget-text-editor\" data-id=\"38528e0d\" data-element_type=\"widget\" data-widget_type=\"text-editor.default\">\n\t\t\t\t<div class=\"elementor-widget-container\">\n\t\t\t\t\t\t\t\t\t<p>El viaje de Gertrude comenz\u00f3 cuando se dio cuenta de que las limas de u\u00f1as tradicionales propagaban g\u00e9rmenes e infecciones. Con su buen ojo para los detalles y la determinaci\u00f3n de marcar la diferencia, encabez\u00f3 el desarrollo de los sistemas de limas de titanio de URZO. Como directora de empresas activas, \u0122etrtr\u016bde establece la visi\u00f3n e impulsa la empresa, garantizando que URZO se mantenga a la vanguardia de la innovaci\u00f3n en el cuidado de las u\u00f1as.  <\/p>\n\t\t\t\t\t\t\t\t<\/div>\n\t\t\t\t<\/div>\n\t\t\t\t\t<\/div>\n\t\t<\/div>\n\t\t\t\t<div class=\"elementor-column elementor-col-50 elementor-inner-column elementor-element elementor-element-7674bb57\" data-id=\"7674bb57\" data-element_type=\"column\">\n\t\t\t<div class=\"elementor-widget-wrap elementor-element-populated\">\n\t\t\t\t\t\t<div class=\"elementor-element elementor-element-50a93e6b elementor-widget elementor-widget-image-box\" data-id=\"50a93e6b\" data-element_type=\"widget\" data-widget_type=\"image-box.default\">\n\t\t\t\t<div class=\"elementor-widget-container\">\n\t\t\t\t\t<div class=\"elementor-image-box-wrapper\"><div class=\"elementor-image-box-content\"><h3 class=\"elementor-image-box-title\">Laura Pudane<\/h3><p class=\"elementor-image-box-description\">director de marketing<\/p><\/div><\/div>\t\t\t\t<\/div>\n\t\t\t\t<\/div>\n\t\t\t\t<div class=\"elementor-element elementor-element-195dd26e elementor-widget elementor-widget-text-editor\" data-id=\"195dd26e\" data-element_type=\"widget\" data-widget_type=\"text-editor.default\">\n\t\t\t\t<div class=\"elementor-widget-container\">\n\t\t\t\t\t\t\t\t\t<p>Experta en marketing y entusiasta del cuidado de las u\u00f1as, Laura aporta dinamismo a la identidad de marca de URZO, creando historias que cautivan a expertos en manicura, escuelas y salones de todo el mundo. Cr\u00e9enos, con Laura de nuestro lado, \u00a1nunca hay un momento aburrido! <\/p>\n\t\t\t\t\t\t\t\t<\/div>\n\t\t\t\t<\/div>\n\t\t\t\t\t<\/div>\n\t\t<\/div>\n\t\t\t\t\t<\/div>\n\t\t<\/section>\n\t\t\t\t\t<\/div>\n\t\t<\/div>\n\t\t\t\t\t<\/div>\n\t\t<\/section>\n\t\t\t\t<\/div>\n\t\t","protected":false},"excerpt":{"rendered":"<p>Muy bien, \u00a1abr\u00f3chense los cinturones! Bueno, querida lectora, URZO est\u00e1 aqu\u00ed para hacer realidad tus sue\u00f1os sobre el cuidado de las u\u00f1as. Nuestro equipo, ingenioso, inteligente y apasionado, ha creado una gama de productos tan fiables como elegantes. Desp\u00eddete de tus problemas con las u\u00f1as y \u00fanete a la familia URZO para disfrutar de una<\/p>\n<div class=\"klb-readmore entry-button\"><a class=\"button light alt medium\" href=\"https:\/\/urzo.ambex.lv\/es\/quienes-somos\/\">Read More<\/a><\/div>\n","protected":false},"author":3,"featured_media":0,"parent":0,"menu_order":40,"comment_status":"closed","ping_status":"closed","template":"","meta":{"footnotes":""},"class_list":["post-14073","page","type-page","status-publish","hentry"],"_links":{"self":[{"href":"https:\/\/urzo.ambex.lv\/es\/wp-json\/wp\/v2\/pages\/14073","targetHints":{"allow":["GET"]}}],"collection":[{"href":"https:\/\/urzo.ambex.lv\/es\/wp-json\/wp\/v2\/pages"}],"about":[{"href":"https:\/\/urzo.ambex.lv\/es\/wp-json\/wp\/v2\/types\/page"}],"author":[{"embeddable":true,"href":"https:\/\/urzo.ambex.lv\/es\/wp-json\/wp\/v2\/users\/3"}],"replies":[{"embeddable":true,"href":"https:\/\/urzo.ambex.lv\/es\/wp-json\/wp\/v2\/comments?post=14073"}],"version-history":[{"count":0,"href":"https:\/\/urzo.ambex.lv\/es\/wp-json\/wp\/v2\/pages\/14073\/revisions"}],"wp:attachment":[{"href":"https:\/\/urzo.ambex.lv\/es\/wp-json\/wp\/v2\/media?parent=14073"}],"curies":[{"name":"wp","href":"https:\/\/api.w.org\/{rel}","templated":true}]}}