{"id":14546,"date":"2021-07-18T08:41:13","date_gmt":"2021-07-18T08:41:13","guid":{"rendered":"https:\/\/urzonailfiles.com\/product\/elysian-dreamwiever-fino\/"},"modified":"2024-02-15T08:39:59","modified_gmt":"2024-02-15T08:39:59","slug":"elysian-dreamwiever-fino","status":"publish","type":"product","link":"https:\/\/urzo.ambex.lv\/es\/producto\/elysian-dreamwiever-fino\/","title":{"rendered":"Elysian Dreamwiever (Standard)"},"content":{"rendered":"<p><strong>Higiene:<\/strong> Desp\u00eddete de las limas sucias y da la bienvenida a nuestras frescas limas de repuesto. Cada una de ellas est\u00e1 preparada para enfrentarse a cualquier reto y dejar tus u\u00f1as perfectas. <\/p>\n<p><strong>Seguridad:<\/strong> Con nuestras limas de u\u00f1as de repuesto, puedes estar tranquila sabiendo que no te expones ni expones a tus clientas al riesgo de infecciones por limas viejas y desgastadas.<\/p>\n<p><strong>Comodidad y sencillez:<\/strong> Nuestras limas de u\u00f1as de repuesto son tan f\u00e1ciles de usar que te preguntar\u00e1s c\u00f3mo has podido vivir sin ellas. Con una gran variedad de granos para elegir, siempre tendr\u00e1 a mano la lima adecuada para una manicura perfecta. <\/p>\n","protected":false},"excerpt":{"rendered":"<p>\u00bfPor qu\u00e9 conformarse con una lima de u\u00f1as gastada y sin brillo cuando puedes tener nuestras fant\u00e1sticas limas de u\u00f1as de repuesto? Disponibles en diferentes granos, estas limas dejar\u00e1n tus u\u00f1as impecables. Y como la higiene es lo nuestro, puedes estar segura de que cada una de ellas es nueva y est\u00e1 lista para enfrentarse a cualquier reto.  <\/p>\n<ul>\n<li>Paquete de 30 unidades.<\/li>\n<\/ul>\n","protected":false},"featured_media":14536,"comment_status":"open","ping_status":"closed","template":"","meta":[],"product_brand":[],"product_cat":[337,339,334],"product_tag":[],"class_list":{"0":"post-14546","1":"product","2":"type-product","3":"status-publish","4":"has-post-thumbnail","6":"product_cat-limas-de-unas-de-repuesto","7":"product_cat-limas-intercambiables-fino","8":"product_cat-straight-es","10":"first","11":"instock","12":"taxable","13":"shipping-taxable","14":"purchasable","15":"product-type-variable","16":"has-default-attributes"},"_links":{"self":[{"href":"https:\/\/urzo.ambex.lv\/es\/wp-json\/wp\/v2\/product\/14546","targetHints":{"allow":["GET"]}}],"collection":[{"href":"https:\/\/urzo.ambex.lv\/es\/wp-json\/wp\/v2\/product"}],"about":[{"href":"https:\/\/urzo.ambex.lv\/es\/wp-json\/wp\/v2\/types\/product"}],"replies":[{"embeddable":true,"href":"https:\/\/urzo.ambex.lv\/es\/wp-json\/wp\/v2\/comments?post=14546"}],"version-history":[{"count":0,"href":"https:\/\/urzo.ambex.lv\/es\/wp-json\/wp\/v2\/product\/14546\/revisions"}],"wp:featuredmedia":[{"embeddable":true,"href":"https:\/\/urzo.ambex.lv\/es\/wp-json\/wp\/v2\/media\/14536"}],"wp:attachment":[{"href":"https:\/\/urzo.ambex.lv\/es\/wp-json\/wp\/v2\/media?parent=14546"}],"wp:term":[{"taxonomy":"product_brand","embeddable":true,"href":"https:\/\/urzo.ambex.lv\/es\/wp-json\/wp\/v2\/product_brand?post=14546"},{"taxonomy":"product_cat","embeddable":true,"href":"https:\/\/urzo.ambex.lv\/es\/wp-json\/wp\/v2\/product_cat?post=14546"},{"taxonomy":"product_tag","embeddable":true,"href":"https:\/\/urzo.ambex.lv\/es\/wp-json\/wp\/v2\/product_tag?post=14546"}],"curies":[{"name":"wp","href":"https:\/\/api.w.org\/{rel}","templated":true}]}}