{"id":14554,"date":"2023-03-25T11:40:03","date_gmt":"2023-03-25T11:40:03","guid":{"rendered":"https:\/\/urzonailfiles.com\/product\/elysian-dreamweaver-2\/"},"modified":"2024-04-05T12:20:10","modified_gmt":"2024-04-05T12:20:10","slug":"elysian-dreamweaver-2","status":"publish","type":"product","link":"https:\/\/urzo.ambex.lv\/es\/producto\/elysian-dreamweaver-2\/","title":{"rendered":"Elysian Dreamweaver"},"content":{"rendered":"<p><strong>Elysian Dreamweaver Starter kit incluye:<\/strong><\/p>\n<ul>\n<li style=\"list-style-type: none;\">\n<ul>\n<li><strong>1x Base recta AeroTitan<\/strong><\/li>\n<li>1x lima BAF (150 granos)<\/li>\n<li>1x lima BAF (180 granos)<\/li>\n<li>1x lima BAF (240 granos)<\/li>\n<\/ul>\n<\/li>\n<\/ul>\n<ul>\n<li style=\"list-style-type: none;\">\n<ul>\n<li>1x lima (Soft) (80 granos)<\/li>\n<li>1x lima (Soft) (100 granos)<\/li>\n<li>1x lima (Soft) (150 granos)<\/li>\n<li>1x lima (Soft) (180 granos)<\/li>\n<li>1x lima (Soft) (220 granos)<\/li>\n<li>1x lima (Soft) (240 granos)<\/li>\n<li>1x lima (Soft) (280 granos)<\/li>\n<\/ul>\n<\/li>\n<\/ul>\n<ul>\n<li style=\"list-style-type: none;\">\n<ul>\n<li>1x lima (Semi-soft) (80 granos)<\/li>\n<li>1x lima (Semi-soft) (100 granos)<\/li>\n<li>1x lima (Semi-soft) (150 granos)<\/li>\n<li>1x lima (Semi-soft) (180 granos)<\/li>\n<li>1x lima (Semi-soft) (220 granos)<\/li>\n<li>1x lima (Semi-soft) (240 granos)<\/li>\n<li>1x lima (Semi-soft) (280 granos)<\/li>\n<\/ul>\n<\/li>\n<\/ul>\n<ul>\n<li style=\"list-style-type: none;\">\n<ul>\n<li>1x lima (Standard) (80 granos)<\/li>\n<li>1x lima (Standard) (100 granos)<\/li>\n<li>1x lima (Standard) (150 granos)<\/li>\n<li>1x lima (Standard) (180 granos)<\/li>\n<li>1x lima (Standard) (220 granos)<\/li>\n<li>1x lima (Standard) (240 granos)<\/li>\n<li>1x lima (Standard) (280 granos)<\/li>\n<\/ul>\n<\/li>\n<\/ul>\n<p>Si eres una profesional del cuidado de las u\u00f1as, necesitas nuestro Kit de inicio URZO en tu vida. Tiene todo lo que necesitas para conseguir una manicura y pedicura perfectas, todo en un pr\u00e1ctico paquete. Y con nuestra mentalidad obsesionada con la higiene, puede estar segura de que cada herramienta est\u00e1 fresca, limpia y lista para usar. \u00bfA qu\u00e9 est\u00e1s esperando? \u00a1Empecemos a clavar!  <\/p>\n<p><strong>Higiene:<\/strong> Nuestro kit de inicio viene equipado con una base AeroTitan, dise\u00f1ada para facilitar la limpieza, desinfecci\u00f3n y esterilizaci\u00f3n en un esterilizador de aire caliente o autoclave de vapor. Mantenga su espacio de trabajo impecable y minimice la propagaci\u00f3n de microorganismos nocivos para un entorno saludable. \u00a1estar\u00e1 lista para crear impresionantes obras maestras de nail art que har\u00e1n que sus clientas se sientan como en el cielo!  <\/p>\n<p><strong>Seguridad:<\/strong> Nuestro kit de inicio garantiza la seguridad tanto del especialista como del cliente, protegiendo contra enfermedades infecciosas y f\u00fangicas. Ofrezca servicios de belleza higi\u00e9nicos y de primera categor\u00eda en los que sus clientas puedan confiar con toda seguridad. <\/p>\n<p><strong>Comodidad y sencillez:<\/strong> Nuestro kit de inicio viene con limas de u\u00f1as intercambiables y limas BAF, lo que hace que el proceso de manicura sea fluido y eficaz. La base AeroTitan es ligera, flexible e indeformable, lo que garantiza durabilidad y un rendimiento duradero en sus sesiones de cuidado de u\u00f1as. Con nuestro kit de inicio, \u00a1conseguir unas u\u00f1as perfectas nunca ha sido tan sencillo y c\u00f3modo!  <\/p>\n","protected":false},"excerpt":{"rendered":"<p>Elysian Dreamweaver Starter kit incluye: 1x Base recta AeroTitan 1x lima BAF (150 granos) 1x lima BAF (180 granos) 1x lima BAF (240 granos) 1x lima (Soft) (80 granos) 1x lima (Soft) (100 granos) 1x lima (Soft) (150 granos) 1x lima (Soft) (180 granos) 1x lima (Soft) (220 granos) 1x lima (Soft) (240 granos) 1x<\/p>\n<div class=\"klb-readmore entry-button\"><a class=\"button light alt medium\" href=\"https:\/\/urzo.ambex.lv\/es\/producto\/elysian-dreamweaver-2\/\">Read More<\/a><\/div>\n","protected":false},"featured_media":19039,"comment_status":"open","ping_status":"closed","template":"","meta":[],"product_brand":[],"product_cat":[340,334],"product_tag":[],"class_list":{"0":"post-14554","1":"product","2":"type-product","3":"status-publish","4":"has-post-thumbnail","6":"product_cat-kit-de-inicio","7":"product_cat-straight-es","9":"first","10":"instock","11":"taxable","12":"shipping-taxable","13":"purchasable","14":"product-type-variable","15":"has-default-attributes"},"_links":{"self":[{"href":"https:\/\/urzo.ambex.lv\/es\/wp-json\/wp\/v2\/product\/14554","targetHints":{"allow":["GET"]}}],"collection":[{"href":"https:\/\/urzo.ambex.lv\/es\/wp-json\/wp\/v2\/product"}],"about":[{"href":"https:\/\/urzo.ambex.lv\/es\/wp-json\/wp\/v2\/types\/product"}],"replies":[{"embeddable":true,"href":"https:\/\/urzo.ambex.lv\/es\/wp-json\/wp\/v2\/comments?post=14554"}],"version-history":[{"count":0,"href":"https:\/\/urzo.ambex.lv\/es\/wp-json\/wp\/v2\/product\/14554\/revisions"}],"wp:featuredmedia":[{"embeddable":true,"href":"https:\/\/urzo.ambex.lv\/es\/wp-json\/wp\/v2\/media\/19039"}],"wp:attachment":[{"href":"https:\/\/urzo.ambex.lv\/es\/wp-json\/wp\/v2\/media?parent=14554"}],"wp:term":[{"taxonomy":"product_brand","embeddable":true,"href":"https:\/\/urzo.ambex.lv\/es\/wp-json\/wp\/v2\/product_brand?post=14554"},{"taxonomy":"product_cat","embeddable":true,"href":"https:\/\/urzo.ambex.lv\/es\/wp-json\/wp\/v2\/product_cat?post=14554"},{"taxonomy":"product_tag","embeddable":true,"href":"https:\/\/urzo.ambex.lv\/es\/wp-json\/wp\/v2\/product_tag?post=14554"}],"curies":[{"name":"wp","href":"https:\/\/api.w.org\/{rel}","templated":true}]}}