{"id":14588,"date":"2023-01-18T14:38:44","date_gmt":"2023-01-18T14:38:44","guid":{"rendered":"https:\/\/urzonailfiles.com\/product\/petit\/"},"modified":"2024-06-13T19:53:07","modified_gmt":"2024-06-13T19:53:07","slug":"petit","status":"publish","type":"product","link":"https:\/\/urzo.ambex.lv\/es\/producto\/petit\/","title":{"rendered":"Petit"},"content":{"rendered":"<p><strong>Higiene:<\/strong> Con nuestras limas de u\u00f1as de recambio BAF, nunca tendr\u00e1s que preocuparte por la contaminaci\u00f3n cruzada. Cada una de ellas est\u00e1 fresca y lista para proporcionar a sus clientas un acabado suave y pulido. <\/p>\n<p><strong>Seguridad:<\/strong> Nuestras limas de u\u00f1as de repuesto BAF est\u00e1n dise\u00f1adas pensando en la seguridad, para que puedas utilizarlas con confianza. Su suave deslizamiento garantiza que no da\u00f1ar\u00e1 accidentalmente la u\u00f1a o las cut\u00edculas. <\/p>\n<p><strong>Comodidad y sencillez:<\/strong> Las limas de u\u00f1as de repuesto BAF son muy f\u00e1ciles de usar y ofrecen una forma r\u00e1pida y sencilla de conseguir una manicura de aspecto profesional. Adem\u00e1s, son desechables, por lo que no hay que preocuparse de limpiarlas o desinfectarlas. <\/p>\n","protected":false},"excerpt":{"rendered":"<p>\u00bfQui\u00e9n dice que no se puede tener todo? Nuestras limas de u\u00f1as de repuesto BAF est\u00e1n aqu\u00ed para demostrarte que s\u00ed puedes. Tanto si trabajas con u\u00f1as naturales como artificiales, estas limas se deslizar\u00e1n como un sue\u00f1o, dejando un acabado suave y pulido. Es hora de mejorar el cuidado de tus u\u00f1as.   <\/p>\n<ul>\n<li>Paquete de 30 unidades.<\/li>\n<\/ul>\n","protected":false},"featured_media":14589,"comment_status":"open","ping_status":"closed","template":"","meta":[],"product_brand":[],"product_cat":[328,329],"product_tag":[],"class_list":{"0":"post-14588","1":"product","2":"type-product","3":"status-publish","4":"has-post-thumbnail","6":"product_cat-limas-de-repuesto-baf","7":"product_cat-compact-es","9":"first","10":"instock","11":"taxable","12":"shipping-taxable","13":"purchasable","14":"product-type-variable","15":"has-default-attributes"},"_links":{"self":[{"href":"https:\/\/urzo.ambex.lv\/es\/wp-json\/wp\/v2\/product\/14588","targetHints":{"allow":["GET"]}}],"collection":[{"href":"https:\/\/urzo.ambex.lv\/es\/wp-json\/wp\/v2\/product"}],"about":[{"href":"https:\/\/urzo.ambex.lv\/es\/wp-json\/wp\/v2\/types\/product"}],"replies":[{"embeddable":true,"href":"https:\/\/urzo.ambex.lv\/es\/wp-json\/wp\/v2\/comments?post=14588"}],"version-history":[{"count":0,"href":"https:\/\/urzo.ambex.lv\/es\/wp-json\/wp\/v2\/product\/14588\/revisions"}],"wp:featuredmedia":[{"embeddable":true,"href":"https:\/\/urzo.ambex.lv\/es\/wp-json\/wp\/v2\/media\/14589"}],"wp:attachment":[{"href":"https:\/\/urzo.ambex.lv\/es\/wp-json\/wp\/v2\/media?parent=14588"}],"wp:term":[{"taxonomy":"product_brand","embeddable":true,"href":"https:\/\/urzo.ambex.lv\/es\/wp-json\/wp\/v2\/product_brand?post=14588"},{"taxonomy":"product_cat","embeddable":true,"href":"https:\/\/urzo.ambex.lv\/es\/wp-json\/wp\/v2\/product_cat?post=14588"},{"taxonomy":"product_tag","embeddable":true,"href":"https:\/\/urzo.ambex.lv\/es\/wp-json\/wp\/v2\/product_tag?post=14588"}],"curies":[{"name":"wp","href":"https:\/\/api.w.org\/{rel}","templated":true}]}}