{"id":14660,"date":"2023-10-11T08:26:54","date_gmt":"2023-10-11T08:26:54","guid":{"rendered":"https:\/\/urzonailfiles.com\/product\/disco-u-podo-s-o15mm\/"},"modified":"2024-02-15T13:26:02","modified_gmt":"2024-02-15T13:26:02","slug":"disco-u-podo-s-o15mm","status":"publish","type":"product","link":"https:\/\/urzo.ambex.lv\/es\/producto\/disco-u-podo-s-o15mm\/","title":{"rendered":"Disco U-Podo S \u00d815mm"},"content":{"rendered":"<p><strong>Higiene:<\/strong> Ofrece a tus clientes los mimos que se merecen mientras mantienes tu espacio de trabajo higi\u00e9nico con nuestros discos U-Premium Podo. Cada uno de ellos est\u00e1 fresco y listo para proporcionar la mejor experiencia de spa para pies. <\/p>\n<p><strong>Seguridad:<\/strong> Nuestros U-Premium Podo Discs est\u00e1n dise\u00f1ados pensando en la seguridad, para que puedas relajarte sabiendo que los pies de tus clientes est\u00e1n en buenas manos. Los discos son suaves pero eficaces, dejando la piel tersa y suave. <\/p>\n<p><strong>Comodidad y sencillez:<\/strong> Con cinco di\u00e1metros diferentes para elegir, nuestros discos U-Premium Podo hacen que la personalizaci\u00f3n sea pan comido. Adem\u00e1s, su innovador dise\u00f1o permite cambiarlos f\u00e1cilmente por un disco nuevo sin complicaciones. <\/p>\n","protected":false},"excerpt":{"rendered":"<p>\u00bfPor qu\u00e9 conformarse con aburridas pedicuras cuando puedes tener una experiencia de spa para pies? Nuestrom discos U-Premium Podo\u2019s son la forma perfecta de mimar los pies de sus clientes. Con cinco di\u00e1metros diferentes para elegir, puede personalizar cada pedicura a la perfecci\u00f3n. Cr\u00e9enos, \u00a1tus clientes estar\u00e1n en las nubes!   <\/p>\n<ul>\n<li>Paquete de 1 unidad<\/li>\n<li>Longitud de la pata 40 mm<\/li>\n<\/ul>\n","protected":false},"featured_media":14661,"comment_status":"open","ping_status":"closed","template":"","meta":[],"product_brand":[],"product_cat":[341,346],"product_tag":[],"class_list":{"0":"post-14660","1":"product","2":"type-product","3":"status-publish","4":"has-post-thumbnail","6":"product_cat-discos-u-podo","7":"product_cat-o15-s-es","9":"first","10":"instock","11":"taxable","12":"shipping-taxable","13":"purchasable","14":"product-type-simple"},"_links":{"self":[{"href":"https:\/\/urzo.ambex.lv\/es\/wp-json\/wp\/v2\/product\/14660","targetHints":{"allow":["GET"]}}],"collection":[{"href":"https:\/\/urzo.ambex.lv\/es\/wp-json\/wp\/v2\/product"}],"about":[{"href":"https:\/\/urzo.ambex.lv\/es\/wp-json\/wp\/v2\/types\/product"}],"replies":[{"embeddable":true,"href":"https:\/\/urzo.ambex.lv\/es\/wp-json\/wp\/v2\/comments?post=14660"}],"version-history":[{"count":0,"href":"https:\/\/urzo.ambex.lv\/es\/wp-json\/wp\/v2\/product\/14660\/revisions"}],"wp:featuredmedia":[{"embeddable":true,"href":"https:\/\/urzo.ambex.lv\/es\/wp-json\/wp\/v2\/media\/14661"}],"wp:attachment":[{"href":"https:\/\/urzo.ambex.lv\/es\/wp-json\/wp\/v2\/media?parent=14660"}],"wp:term":[{"taxonomy":"product_brand","embeddable":true,"href":"https:\/\/urzo.ambex.lv\/es\/wp-json\/wp\/v2\/product_brand?post=14660"},{"taxonomy":"product_cat","embeddable":true,"href":"https:\/\/urzo.ambex.lv\/es\/wp-json\/wp\/v2\/product_cat?post=14660"},{"taxonomy":"product_tag","embeddable":true,"href":"https:\/\/urzo.ambex.lv\/es\/wp-json\/wp\/v2\/product_tag?post=14660"}],"curies":[{"name":"wp","href":"https:\/\/api.w.org\/{rel}","templated":true}]}}