{"id":14765,"date":"2023-02-05T15:33:43","date_gmt":"2023-02-05T15:33:43","guid":{"rendered":"https:\/\/urzonailfiles.com\/product\/u-podo-disco-limas-s-o15-soft\/"},"modified":"2024-02-15T14:11:20","modified_gmt":"2024-02-15T14:11:20","slug":"u-podo-disco-limas-s-o15-soft","status":"publish","type":"product","link":"https:\/\/urzo.ambex.lv\/es\/producto\/u-podo-disco-limas-s-o15-soft\/","title":{"rendered":"U &#8211; Podo disco limas S \u00d815 (Soft)"},"content":{"rendered":"<p><strong>Higiene:<\/strong> Mantenga su espacio de trabajo higi\u00e9nico y libre de g\u00e9rmenes con nuestras limas de repuesto U-Podo Discs. Cada una de ellas es nueva y est\u00e1 lista para afrontar incluso los retos m\u00e1s dif\u00edciles de la pedicura. <\/p>\n<p><strong>Seguridad:<\/strong> Utilizar limas viejas y desgastadas puede ser arriesgado tanto para ti como para tus clientes. Con nuestras limas de recambio U-Podo Discs, puede estar seguro de que siempre realizar\u00e1 una pedicura segura y eficaz. <\/p>\n<p><strong>Comodidad y sencillez:<\/strong> Nuestras limas de recambio U-Podo hacen que mantener un espacio de trabajo limpio y organizado sea muy f\u00e1cil. Con un sencillo dise\u00f1o pop-on, puede cambiar r\u00e1pida y f\u00e1cilmente las limas entre clientes. <\/p>\n","protected":false},"excerpt":{"rendered":"<p>Mant\u00e9n tu pedicura a punto con nuestras limas de recambio de discos U-Podo. Estas fant\u00e1sticas limas facilitan el mantenimiento de un espacio de trabajo higi\u00e9nico. Fuera lo viejo y dentro lo nuevo: los pies de tus clientes te lo agradecer\u00e1n.  <\/p>\n<ul>\n<li>Paquete de 30 unidades.<\/li>\n<\/ul>\n","protected":false},"featured_media":14729,"comment_status":"open","ping_status":"closed","template":"","meta":[],"product_brand":[],"product_cat":[342,343,346],"product_tag":[],"class_list":{"0":"post-14765","1":"product","2":"type-product","3":"status-publish","4":"has-post-thumbnail","6":"product_cat-limas-de-recambio-u-podo-discs","7":"product_cat-u-podo-soft-suave","8":"product_cat-o15-s-es","10":"first","11":"instock","12":"taxable","13":"shipping-taxable","14":"purchasable","15":"product-type-variable","16":"has-default-attributes"},"_links":{"self":[{"href":"https:\/\/urzo.ambex.lv\/es\/wp-json\/wp\/v2\/product\/14765","targetHints":{"allow":["GET"]}}],"collection":[{"href":"https:\/\/urzo.ambex.lv\/es\/wp-json\/wp\/v2\/product"}],"about":[{"href":"https:\/\/urzo.ambex.lv\/es\/wp-json\/wp\/v2\/types\/product"}],"replies":[{"embeddable":true,"href":"https:\/\/urzo.ambex.lv\/es\/wp-json\/wp\/v2\/comments?post=14765"}],"version-history":[{"count":0,"href":"https:\/\/urzo.ambex.lv\/es\/wp-json\/wp\/v2\/product\/14765\/revisions"}],"wp:featuredmedia":[{"embeddable":true,"href":"https:\/\/urzo.ambex.lv\/es\/wp-json\/wp\/v2\/media\/14729"}],"wp:attachment":[{"href":"https:\/\/urzo.ambex.lv\/es\/wp-json\/wp\/v2\/media?parent=14765"}],"wp:term":[{"taxonomy":"product_brand","embeddable":true,"href":"https:\/\/urzo.ambex.lv\/es\/wp-json\/wp\/v2\/product_brand?post=14765"},{"taxonomy":"product_cat","embeddable":true,"href":"https:\/\/urzo.ambex.lv\/es\/wp-json\/wp\/v2\/product_cat?post=14765"},{"taxonomy":"product_tag","embeddable":true,"href":"https:\/\/urzo.ambex.lv\/es\/wp-json\/wp\/v2\/product_tag?post=14765"}],"curies":[{"name":"wp","href":"https:\/\/api.w.org\/{rel}","templated":true}]}}