{"id":14796,"date":"2023-02-05T13:41:34","date_gmt":"2023-02-05T13:41:34","guid":{"rendered":"https:\/\/urzonailfiles.com\/product\/limas-u-podo-disc-baf-xl-o30mm\/"},"modified":"2023-02-05T13:41:34","modified_gmt":"2023-02-05T13:41:34","slug":"limas-u-podo-disc-baf-xl-o30mm","status":"publish","type":"product","link":"https:\/\/urzo.ambex.lv\/es\/producto\/limas-u-podo-disc-baf-xl-o30mm\/","title":{"rendered":"Limas U-Podo Disc BAF XL \u00d830mm"},"content":{"rendered":"<p><strong>Higiene:<\/strong> Nuestras limas U-Podo Disc BAF son frescas y est\u00e1n listas para proporcionar una experiencia de pedicura de primera categor\u00eda, manteniendo su espacio de trabajo limpio e higi\u00e9nico.<\/p>\n<p><strong>Seguridad:<\/strong> Dise\u00f1adas pensando en la seguridad, nuestras limas U-Podo Disc BAF son suaves tanto con las u\u00f1as artificiales como con las naturales, dej\u00e1ndolas lisas y pulidas sin riesgo de da\u00f1arlas.<\/p>\n<p><strong>Comodidad y sencillez:<\/strong> Con su dise\u00f1o f\u00e1cil de usar, nuestras limas U-Podo Disc BAF hacen que conseguir una pedicura perfecta sea pan comido. Tambi\u00e9n son f\u00e1ciles de cambiar por una lima nueva, lo que facilita la limpieza. <\/p>\n","protected":false},"excerpt":{"rendered":"<p>Te presentamos lo \u00faltimo en accesorios de pedicura: nuestras limas U-Podo Disc BAF. Dise\u00f1adas para u\u00f1as artificiales y naturales, estas limas llevar\u00e1n tu experiencia de pedicura a cotas estratosf\u00e9ricas de genialidad. Prep\u00e1rate para lucir unos pies fabulosos.  <\/p>\n<ul>\n<li>Paquete de 30 unidades.<\/li>\n<\/ul>\n","protected":false},"featured_media":14797,"comment_status":"open","ping_status":"closed","template":"","meta":[],"product_brand":[],"product_cat":[350,349],"product_tag":[],"class_list":{"0":"post-14796","1":"product","2":"type-product","3":"status-publish","4":"has-post-thumbnail","6":"product_cat-limas-u-podo-disc-baf","7":"product_cat-o30-xl-es","9":"first","10":"instock","11":"taxable","12":"shipping-taxable","13":"purchasable","14":"product-type-variable","15":"has-default-attributes"},"_links":{"self":[{"href":"https:\/\/urzo.ambex.lv\/es\/wp-json\/wp\/v2\/product\/14796","targetHints":{"allow":["GET"]}}],"collection":[{"href":"https:\/\/urzo.ambex.lv\/es\/wp-json\/wp\/v2\/product"}],"about":[{"href":"https:\/\/urzo.ambex.lv\/es\/wp-json\/wp\/v2\/types\/product"}],"replies":[{"embeddable":true,"href":"https:\/\/urzo.ambex.lv\/es\/wp-json\/wp\/v2\/comments?post=14796"}],"version-history":[{"count":0,"href":"https:\/\/urzo.ambex.lv\/es\/wp-json\/wp\/v2\/product\/14796\/revisions"}],"wp:featuredmedia":[{"embeddable":true,"href":"https:\/\/urzo.ambex.lv\/es\/wp-json\/wp\/v2\/media\/14797"}],"wp:attachment":[{"href":"https:\/\/urzo.ambex.lv\/es\/wp-json\/wp\/v2\/media?parent=14796"}],"wp:term":[{"taxonomy":"product_brand","embeddable":true,"href":"https:\/\/urzo.ambex.lv\/es\/wp-json\/wp\/v2\/product_brand?post=14796"},{"taxonomy":"product_cat","embeddable":true,"href":"https:\/\/urzo.ambex.lv\/es\/wp-json\/wp\/v2\/product_cat?post=14796"},{"taxonomy":"product_tag","embeddable":true,"href":"https:\/\/urzo.ambex.lv\/es\/wp-json\/wp\/v2\/product_tag?post=14796"}],"curies":[{"name":"wp","href":"https:\/\/api.w.org\/{rel}","templated":true}]}}