{"id":14913,"date":"2023-01-18T14:30:12","date_gmt":"2023-01-18T14:30:12","guid":{"rendered":"https:\/\/urzonailfiles.com\/product\/drop-diva-3\/"},"modified":"2023-01-18T14:30:12","modified_gmt":"2023-01-18T14:30:12","slug":"drop-diva-3","status":"publish","type":"product","link":"https:\/\/urzo.ambex.lv\/es\/producto\/drop-diva-3\/","title":{"rendered":"Drop Diva"},"content":{"rendered":"<p><strong>Higiene:<\/strong> Con nuestras limas de u\u00f1as intercambiables BAF, nunca tendr\u00e1s que preocuparte por la contaminaci\u00f3n cruzada. Cada una de ellas est\u00e1 fresca y lista para proporcionar a tus clientas un acabado suave y pulido. <\/p>\n<p><strong>Seguridad:<\/strong> Nuestras limas de u\u00f1as intercambiables BAF est\u00e1n dise\u00f1adas pensando en la seguridad, para que puedas utilizarlas con confianza. Su suave deslizamiento garantiza que no da\u00f1ar\u00e1s accidentalmente la u\u00f1a o las cut\u00edculas. <\/p>\n<p><strong>Comodidad y sencillez:<\/strong> Las limas de u\u00f1as intercambiables BAF son s\u00faper f\u00e1ciles de usar y proporcionan una forma r\u00e1pida y sencilla de conseguir una manicura de aspecto profesional. Adem\u00e1s, son desechables, por lo que no hay que preocuparse de limpiarlas o desinfectarlas. <\/p>\n","protected":false},"excerpt":{"rendered":"<p>\u00bfQui\u00e9n dice que no se puede tener todo? Nuestras limas de u\u00f1as intercambiables BAF est\u00e1n aqu\u00ed para demostrar que s\u00ed se puede. Tanto si trabajas con u\u00f1as naturales como artificiales, estas limas se deslizar\u00e1n como un sue\u00f1o, dejando un acabado suave y pulido. Es hora de mejorar el cuidado de tus u\u00f1as. P\u00f3ntelas y observa c\u00f3mo hacen su magia desliz\u00e1ndose sin esfuerzo por la superficie de la u\u00f1a. Cr\u00e9enos, tus clientas te lo agradecer\u00e1n.<\/p>\n<ul>\n<li>Paquete de 12 unidades.<\/li>\n<\/ul>\n","protected":false},"featured_media":14914,"comment_status":"open","ping_status":"closed","template":"","meta":[],"product_brand":[],"product_cat":[328,331],"product_tag":[],"class_list":{"0":"post-14913","1":"product","2":"type-product","3":"status-publish","4":"has-post-thumbnail","6":"product_cat-limas-de-repuesto-baf","7":"product_cat-drop-es","9":"first","10":"instock","11":"taxable","12":"shipping-taxable","13":"purchasable","14":"product-type-variable","15":"has-default-attributes"},"_links":{"self":[{"href":"https:\/\/urzo.ambex.lv\/es\/wp-json\/wp\/v2\/product\/14913","targetHints":{"allow":["GET"]}}],"collection":[{"href":"https:\/\/urzo.ambex.lv\/es\/wp-json\/wp\/v2\/product"}],"about":[{"href":"https:\/\/urzo.ambex.lv\/es\/wp-json\/wp\/v2\/types\/product"}],"replies":[{"embeddable":true,"href":"https:\/\/urzo.ambex.lv\/es\/wp-json\/wp\/v2\/comments?post=14913"}],"version-history":[{"count":0,"href":"https:\/\/urzo.ambex.lv\/es\/wp-json\/wp\/v2\/product\/14913\/revisions"}],"wp:featuredmedia":[{"embeddable":true,"href":"https:\/\/urzo.ambex.lv\/es\/wp-json\/wp\/v2\/media\/14914"}],"wp:attachment":[{"href":"https:\/\/urzo.ambex.lv\/es\/wp-json\/wp\/v2\/media?parent=14913"}],"wp:term":[{"taxonomy":"product_brand","embeddable":true,"href":"https:\/\/urzo.ambex.lv\/es\/wp-json\/wp\/v2\/product_brand?post=14913"},{"taxonomy":"product_cat","embeddable":true,"href":"https:\/\/urzo.ambex.lv\/es\/wp-json\/wp\/v2\/product_cat?post=14913"},{"taxonomy":"product_tag","embeddable":true,"href":"https:\/\/urzo.ambex.lv\/es\/wp-json\/wp\/v2\/product_tag?post=14913"}],"curies":[{"name":"wp","href":"https:\/\/api.w.org\/{rel}","templated":true}]}}