{"id":13077,"date":"2023-04-26T14:34:43","date_gmt":"2023-04-26T14:34:43","guid":{"rendered":"https:\/\/urzonailfiles.com\/chi-siamo\/"},"modified":"2024-01-08T10:52:57","modified_gmt":"2024-01-08T10:52:57","slug":"chi-siamo","status":"publish","type":"page","link":"https:\/\/urzo.ambex.lv\/it\/chi-siamo\/","title":{"rendered":"Chi siamo"},"content":{"rendered":"\t\t<div data-elementor-type=\"wp-page\" data-elementor-id=\"13077\" class=\"elementor elementor-13077 elementor-3227\">\n\t\t\t\t\t\t<section class=\"elementor-section elementor-top-section elementor-element elementor-element-81d6c36 elementor-section-full_width elementor-section-content-middle elementor-section-height-default elementor-section-height-default\" data-id=\"81d6c36\" data-element_type=\"section\">\n\t\t\t\t\t\t<div class=\"elementor-container elementor-column-gap-default\">\n\t\t\t\t\t<div class=\"elementor-column elementor-col-100 elementor-top-column elementor-element elementor-element-da112c2\" data-id=\"da112c2\" data-element_type=\"column\">\n\t\t\t<div class=\"elementor-widget-wrap elementor-element-populated\">\n\t\t\t\t\t\t<div class=\"elementor-element elementor-element-0954079 elementor-widget elementor-widget-image\" data-id=\"0954079\" data-element_type=\"widget\" data-widget_type=\"image.default\">\n\t\t\t\t<div class=\"elementor-widget-container\">\n\t\t\t\t\t\t\t\t\t\t\t\t\t\t\t<img fetchpriority=\"high\" decoding=\"async\" width=\"2048\" height=\"471\" src=\"https:\/\/urzo.ambex.lv\/wp-content\/uploads\/2023\/06\/WHY-US.webp\" class=\"attachment-full size-full wp-image-13104\" alt=\"\" srcset=\"https:\/\/urzo.ambex.lv\/wp-content\/uploads\/2023\/06\/WHY-US.webp 2048w, https:\/\/urzo.ambex.lv\/wp-content\/uploads\/2023\/06\/WHY-US-300x69.webp 300w, https:\/\/urzo.ambex.lv\/wp-content\/uploads\/2023\/06\/WHY-US-1024x236.webp 1024w, https:\/\/urzo.ambex.lv\/wp-content\/uploads\/2023\/06\/WHY-US-768x177.webp 768w, https:\/\/urzo.ambex.lv\/wp-content\/uploads\/2023\/06\/WHY-US-1536x353.webp 1536w, https:\/\/urzo.ambex.lv\/wp-content\/uploads\/2023\/06\/WHY-US-600x138.webp 600w, https:\/\/urzo.ambex.lv\/wp-content\/uploads\/2023\/06\/WHY-US-90x21.webp 90w\" sizes=\"(max-width: 2048px) 100vw, 2048px\" \/>\t\t\t\t\t\t\t\t\t\t\t\t\t\t\t<\/div>\n\t\t\t\t<\/div>\n\t\t\t\t\t<\/div>\n\t\t<\/div>\n\t\t\t\t\t<\/div>\n\t\t<\/section>\n\t\t\t\t<section class=\"elementor-section elementor-top-section elementor-element elementor-element-45328b3 elementor-section-boxed elementor-section-height-default elementor-section-height-default\" data-id=\"45328b3\" data-element_type=\"section\">\n\t\t\t\t\t\t<div class=\"elementor-container elementor-column-gap-default\">\n\t\t\t\t\t<div class=\"elementor-column elementor-col-50 elementor-top-column elementor-element elementor-element-4b82cd1\" data-id=\"4b82cd1\" data-element_type=\"column\">\n\t\t\t<div class=\"elementor-widget-wrap elementor-element-populated\">\n\t\t\t\t\t\t<div class=\"elementor-element elementor-element-aa7902c elementor-widget elementor-widget-text-editor\" data-id=\"aa7902c\" data-element_type=\"widget\" data-widget_type=\"text-editor.default\">\n\t\t\t\t<div class=\"elementor-widget-container\">\n\t\t\t\t\t\t\t\t\t<\/p>\n<h1 style=\"font-family: Poppins, sans-serif; letter-spacing: normal;\" data-elementor-setting-key=\"title\" data-pen-placeholder=\"Type Here...\">Bene, allacciate le cinture!<\/h1>\n<div> <\/div>\n<p>Cara lettrice, URZO \u00e8 qui per realizzare i tuoi sogni in fatto di cura delle unghie.<\/p>\n<p>Il nostro team spiritoso, intelligente e appassionato ha creato una gamma di prodotti tanto <span style=\"background-color: var(--color-main-background); color: var(--color-main-text); font-family: var(--font-primary); letter-spacing: 0px;\">affidabili quanto eleganti.<\/span> <\/p>\n<p><span style=\"background-color: var(--color-main-background); color: var(--color-main-text); font-family: var(--font-primary); letter-spacing: 0px;\">Dite addio ai vostri problemi di cura delle unghie e unitevi alla <\/span><span style=\"background-color: var(--color-main-background); color: var(--color-main-text); font-family: var(--font-primary); letter-spacing: 0px;\">famiglia URZO per una vita piena di unghie perfette e igiene impeccabile. Allora,  <\/span><span style=\"background-color: var(--color-main-background); color: var(--color-main-text); font-family: var(--font-primary); letter-spacing: 0px;\">siete pronte a sperimentare la magia di URZO? Con il nostro approccio audace e non convenzionale,  <\/span><span style=\"background-color: var(--color-main-background); color: var(--color-main-text); font-family: var(--font-primary); letter-spacing: 0px;\">ti promettiamo che non vedrai pi\u00f9 la cura delle unghie nello stesso modo. <\/span><\/p>\n<p><span style=\"background-color: var(--color-main-background); color: var(--color-main-text); font-family: var(--font-primary); letter-spacing: 0px;\"> <\/span><\/p>\n<p><span style=\"background-color: var(--color-main-background); color: var(--color-main-text); font-family: var(--font-primary); letter-spacing: 0px;\">Benvenuti nel futuro della manicure e della pedicure, dove ogni tratto \u00e8<\/span> <span style=\"background-color: var(--color-main-background); color: var(--color-main-text); font-family: var(--font-primary); letter-spacing: 0px;\">un capolavoro!<\/span><\/p>\n\t\t\t\t\t\t\t\t<\/div>\n\t\t\t\t<\/div>\n\t\t\t\t\t<\/div>\n\t\t<\/div>\n\t\t\t\t<div class=\"elementor-column elementor-col-50 elementor-top-column elementor-element elementor-element-ca8c3ac\" data-id=\"ca8c3ac\" data-element_type=\"column\">\n\t\t\t<div class=\"elementor-widget-wrap elementor-element-populated\">\n\t\t\t\t\t\t<div class=\"elementor-element elementor-element-26fba0d elementor-widget elementor-widget-text-editor\" data-id=\"26fba0d\" data-element_type=\"widget\" data-widget_type=\"text-editor.default\">\n\t\t\t\t<div class=\"elementor-widget-container\">\n\t\t\t\t\t\t\t\t\t<\/p>\n<h1 style=\"font-family: Poppins, sans-serif; letter-spacing: normal;\" data-elementor-setting-key=\"title\" data-pen-placeholder=\"Type Here...\"><span style=\"font-size: 2.5rem; background-color: var(--color-main-background); color: var(--color-main-text);\">Perch\u00e9 unirsi alla rivoluzione URZO?<\/span><\/h1>\n<div> <\/div>\n<p>Stiamo per immergerci nell&#8217;incantevole mondo di URZO, dove il nostro favoloso <span style=\"background-color: var(--color-main-background); color: var(--color-main-text); font-family: var(--font-primary); letter-spacing: 0px;\">team di pionieri creativi sta rivoluzionando il settore della cura<\/span> <span style=\"background-color: var(--color-main-background); color: var(--color-main-text); font-family: var(--font-primary); letter-spacing: 0px;\">delle unghie una base in titanio alla volta.<\/span><\/p>\n<p><strong>Storia dell&#8217;azienda:<\/strong><\/p>\n<p>Una volta, J\u0101nis Za\u0142oksnis, un maestro dell&#8217;ingegneria, si \u00e8 imbattuto nelle<span style=\"background-color: var(--color-main-background); color: var(--color-main-text); font-family: var(--font-primary); letter-spacing: 0px;\">lotte quotidianedelle manicuriste durante una conversazione serendipica con alcuni<\/span> <span style=\"background-color: var(--color-main-background); color: var(--color-main-text); font-family: var(--font-primary); letter-spacing: 0px;\">noti artisti delle unghie. Colpito dall&#8217;ispirazione, J\u0101nis ha intrapreso una missione per realizzare un&#8217;opera di  <\/span><span style=\"background-color: var(--color-main-background); color: var(--color-main-text); font-family: var(--font-primary); letter-spacing: 0px;\">una soluzione che rendesse la cura delle unghie liscia come un&#8217;unghia perfettamente lucidata. <\/span><span style=\"background-color: var(--color-main-background); color: var(--color-main-text); font-family: var(--font-primary); letter-spacing: 0px;\">A distanza di qualche anno, il team di URZO sta ora sconvolgendo il panorama della cura delle unghie con i suoi prodotti <\/span><span style=\"background-color: var(--color-main-background); color: var(--color-main-text); font-family: var(--font-primary); letter-spacing: 0px;\">con i suoi prodotti rivoluzionari, facendo impazzire di gioia le manicuriste di tutto il mondo. <\/span><span style=\"background-color: var(--color-main-background); color: var(--color-main-text); font-family: var(--font-primary); letter-spacing: 0px;\">manicuristi di tutto il mondo.<\/span><\/p>\n\t\t\t\t\t\t\t\t<\/div>\n\t\t\t\t<\/div>\n\t\t\t\t\t<\/div>\n\t\t<\/div>\n\t\t\t\t\t<\/div>\n\t\t<\/section>\n\t\t\t\t<section class=\"elementor-section elementor-top-section elementor-element elementor-element-31243ac6 elementor-section-content-middle elementor-section-boxed elementor-section-height-default elementor-section-height-default\" data-id=\"31243ac6\" data-element_type=\"section\">\n\t\t\t\t\t\t<div class=\"elementor-container elementor-column-gap-no\">\n\t\t\t\t\t<div class=\"elementor-column elementor-col-100 elementor-top-column elementor-element elementor-element-77b4c532\" data-id=\"77b4c532\" data-element_type=\"column\">\n\t\t\t<div class=\"elementor-widget-wrap elementor-element-populated\">\n\t\t\t\t\t\t<div class=\"elementor-element elementor-element-5376fc21 elementor-widget elementor-widget-heading\" data-id=\"5376fc21\" data-element_type=\"widget\" data-widget_type=\"heading.default\">\n\t\t\t\t<div class=\"elementor-widget-container\">\n\t\t\t\t\t<h3 class=\"elementor-heading-title elementor-size-default\">IL NOSTRO TEAM<\/h3>\t\t\t\t<\/div>\n\t\t\t\t<\/div>\n\t\t\t\t<section class=\"elementor-section elementor-inner-section elementor-element elementor-element-2b457565 elementor-section-boxed elementor-section-height-default elementor-section-height-default\" data-id=\"2b457565\" data-element_type=\"section\">\n\t\t\t\t\t\t<div class=\"elementor-container elementor-column-gap-default\">\n\t\t\t\t\t<div class=\"elementor-column elementor-col-50 elementor-inner-column elementor-element elementor-element-640f6ff6\" data-id=\"640f6ff6\" data-element_type=\"column\">\n\t\t\t<div class=\"elementor-widget-wrap elementor-element-populated\">\n\t\t\t\t\t\t<div class=\"elementor-element elementor-element-4d25b6fa elementor-widget elementor-widget-image-box\" data-id=\"4d25b6fa\" data-element_type=\"widget\" data-widget_type=\"image-box.default\">\n\t\t\t\t<div class=\"elementor-widget-container\">\n\t\t\t\t\t<div class=\"elementor-image-box-wrapper\"><div class=\"elementor-image-box-content\"><h3 class=\"elementor-image-box-title\">J\u0101nis Za\u013coksnis<\/h3><p class=\"elementor-image-box-description\">leader e fondatore <\/p><\/div><\/div>\t\t\t\t<\/div>\n\t\t\t\t<\/div>\n\t\t\t\t<div class=\"elementor-element elementor-element-4b3db3c5 elementor-widget elementor-widget-text-editor\" data-id=\"4b3db3c5\" data-element_type=\"widget\" data-widget_type=\"text-editor.default\">\n\t\t\t\t<div class=\"elementor-widget-container\">\n\t\t\t\t\t\t\t\t\t<p>La nostra impavida leader e fondatrice, J\u0101nis, \u00e8 l&#8217;ideatrice di URZO. Con un background ingegneristico e una straordinaria capacit\u00e0 di individuare le opportunit\u00e0, sta trasformando il settore della cura delle unghie come un boss. <\/p>\n\t\t\t\t\t\t\t\t<\/div>\n\t\t\t\t<\/div>\n\t\t\t\t\t<\/div>\n\t\t<\/div>\n\t\t\t\t<div class=\"elementor-column elementor-col-50 elementor-inner-column elementor-element elementor-element-61e3e4ed\" data-id=\"61e3e4ed\" data-element_type=\"column\">\n\t\t\t<div class=\"elementor-widget-wrap elementor-element-populated\">\n\t\t\t\t\t\t<div class=\"elementor-element elementor-element-67397537 elementor-widget elementor-widget-image-box\" data-id=\"67397537\" data-element_type=\"widget\" data-widget_type=\"image-box.default\">\n\t\t\t\t<div class=\"elementor-widget-container\">\n\t\t\t\t\t<div class=\"elementor-image-box-wrapper\"><div class=\"elementor-image-box-content\"><h3 class=\"elementor-image-box-title\">J\u0101nis Feldmanis<\/h3><p class=\"elementor-image-box-description\">cofondatore<\/p><\/div><\/div>\t\t\t\t<\/div>\n\t\t\t\t<\/div>\n\t\t\t\t<div class=\"elementor-element elementor-element-2e1729cf elementor-widget elementor-widget-text-editor\" data-id=\"2e1729cf\" data-element_type=\"widget\" data-widget_type=\"text-editor.default\">\n\t\t\t\t<div class=\"elementor-widget-container\">\n\t\t\t\t\t\t\t\t\t<p>Janis \u00e8 il secondo co-fondatore e la sua incrollabile dedizione alla soddisfazione dei clienti lo ha reso un membro prezioso della famiglia URZO. Sotto la guida di J\u0101nis, URZO continua a spingersi oltre i confini del possibile, rimanendo sempre un passo avanti e assicurando che i professionisti della manicure e della pedicure abbiano i migliori strumenti a portata di mano. \n \n \n \n \n\n<\/p>\t\t\t\t\t\t\t\t<\/div>\n\t\t\t\t<\/div>\n\t\t\t\t\t<\/div>\n\t\t<\/div>\n\t\t\t\t\t<\/div>\n\t\t<\/section>\n\t\t\t\t<section class=\"elementor-section elementor-inner-section elementor-element elementor-element-63f712a4 elementor-section-boxed elementor-section-height-default elementor-section-height-default\" data-id=\"63f712a4\" data-element_type=\"section\">\n\t\t\t\t\t\t<div class=\"elementor-container elementor-column-gap-default\">\n\t\t\t\t\t<div class=\"elementor-column elementor-col-50 elementor-inner-column elementor-element elementor-element-532f3e8c\" data-id=\"532f3e8c\" data-element_type=\"column\">\n\t\t\t<div class=\"elementor-widget-wrap elementor-element-populated\">\n\t\t\t\t\t\t<div class=\"elementor-element elementor-element-5c3a2893 elementor-widget elementor-widget-image-box\" data-id=\"5c3a2893\" data-element_type=\"widget\" data-widget_type=\"image-box.default\">\n\t\t\t\t<div class=\"elementor-widget-container\">\n\t\t\t\t\t<div class=\"elementor-image-box-wrapper\"><div class=\"elementor-image-box-content\"><h3 class=\"elementor-image-box-title\">Gertr\u016bde Vasi\u013cuka<\/h3><p class=\"elementor-image-box-description\">manager<\/p><\/div><\/div>\t\t\t\t<\/div>\n\t\t\t\t<\/div>\n\t\t\t\t<div class=\"elementor-element elementor-element-38528e0d elementor-widget elementor-widget-text-editor\" data-id=\"38528e0d\" data-element_type=\"widget\" data-widget_type=\"text-editor.default\">\n\t\t\t\t<div class=\"elementor-widget-container\">\n\t\t\t\t\t\t\t\t\t<p>Il viaggio di Gertrude \u00e8 iniziato quando si \u00e8 resa conto che le lime per unghie tradizionali diffondevano germi e infezioni. Con il suo occhio attento ai dettagli e la determinazione a fare la differenza, ha guidato lo sviluppo dei sistemi di lime per unghie in titanio URZO. In qualit\u00e0 di manager delle societ\u00e0 attive, \u0122etrtr\u016bde definisce la visione e guida l&#8217;azienda, assicurando che URZO rimanga all&#8217;avanguardia nell&#8217;innovazione della cura delle unghie.  <\/p>\n\t\t\t\t\t\t\t\t<\/div>\n\t\t\t\t<\/div>\n\t\t\t\t\t<\/div>\n\t\t<\/div>\n\t\t\t\t<div class=\"elementor-column elementor-col-50 elementor-inner-column elementor-element elementor-element-7674bb57\" data-id=\"7674bb57\" data-element_type=\"column\">\n\t\t\t<div class=\"elementor-widget-wrap elementor-element-populated\">\n\t\t\t\t\t\t<div class=\"elementor-element elementor-element-50a93e6b elementor-widget elementor-widget-image-box\" data-id=\"50a93e6b\" data-element_type=\"widget\" data-widget_type=\"image-box.default\">\n\t\t\t\t<div class=\"elementor-widget-container\">\n\t\t\t\t\t<div class=\"elementor-image-box-wrapper\"><div class=\"elementor-image-box-content\"><h3 class=\"elementor-image-box-title\">Laura Pud\u0101ne<\/h3><p class=\"elementor-image-box-description\">responsabile marketing<\/p><\/div><\/div>\t\t\t\t<\/div>\n\t\t\t\t<\/div>\n\t\t\t\t<div class=\"elementor-element elementor-element-195dd26e elementor-widget elementor-widget-text-editor\" data-id=\"195dd26e\" data-element_type=\"widget\" data-widget_type=\"text-editor.default\">\n\t\t\t\t<div class=\"elementor-widget-container\">\n\t\t\t\t\t\t\t\t\t<p>Laura: esperta di marketing e appassionata di nail care, Laura aggiunge brio all&#8217;identit\u00e0 del marchio URZO, creando storie che affascinano gli esperti di manicure, le scuole e i saloni di tutto il mondo. Fidatevi di noi: con Laura al nostro fianco, non c&#8217;\u00e8 mai un momento di noia! <\/p>\n\t\t\t\t\t\t\t\t<\/div>\n\t\t\t\t<\/div>\n\t\t\t\t\t<\/div>\n\t\t<\/div>\n\t\t\t\t\t<\/div>\n\t\t<\/section>\n\t\t\t\t\t<\/div>\n\t\t<\/div>\n\t\t\t\t\t<\/div>\n\t\t<\/section>\n\t\t\t\t<\/div>\n\t\t","protected":false},"excerpt":{"rendered":"<p>Bene, allacciate le cinture! Cara lettrice, URZO \u00e8 qui per realizzare i tuoi sogni in fatto di cura delle unghie. Il nostro team spiritoso, intelligente e appassionato ha creato una gamma di prodotti tanto affidabili quanto eleganti. Dite addio ai vostri problemi di cura delle unghie e unitevi alla famiglia URZO per una vita piena<\/p>\n<div class=\"klb-readmore entry-button\"><a class=\"button light alt medium\" href=\"https:\/\/urzo.ambex.lv\/it\/chi-siamo\/\">Read More<\/a><\/div>\n","protected":false},"author":3,"featured_media":0,"parent":0,"menu_order":40,"comment_status":"closed","ping_status":"closed","template":"","meta":{"footnotes":""},"class_list":["post-13077","page","type-page","status-publish","hentry"],"_links":{"self":[{"href":"https:\/\/urzo.ambex.lv\/it\/wp-json\/wp\/v2\/pages\/13077","targetHints":{"allow":["GET"]}}],"collection":[{"href":"https:\/\/urzo.ambex.lv\/it\/wp-json\/wp\/v2\/pages"}],"about":[{"href":"https:\/\/urzo.ambex.lv\/it\/wp-json\/wp\/v2\/types\/page"}],"author":[{"embeddable":true,"href":"https:\/\/urzo.ambex.lv\/it\/wp-json\/wp\/v2\/users\/3"}],"replies":[{"embeddable":true,"href":"https:\/\/urzo.ambex.lv\/it\/wp-json\/wp\/v2\/comments?post=13077"}],"version-history":[{"count":0,"href":"https:\/\/urzo.ambex.lv\/it\/wp-json\/wp\/v2\/pages\/13077\/revisions"}],"wp:attachment":[{"href":"https:\/\/urzo.ambex.lv\/it\/wp-json\/wp\/v2\/media?parent=13077"}],"curies":[{"name":"wp","href":"https:\/\/api.w.org\/{rel}","templated":true}]}}