{"id":17330,"date":"2024-03-26T08:15:31","date_gmt":"2024-03-26T08:15:31","guid":{"rendered":"https:\/\/urzonailfiles.com\/?post_type=product&#038;p=17330"},"modified":"2024-04-04T10:22:21","modified_gmt":"2024-04-04T10:22:21","slug":"lime-per-unghie-contour-queen-semi-soft","status":"publish","type":"product","link":"https:\/\/urzo.ambex.lv\/it\/prodotto\/lime-per-unghie-contour-queen-semi-soft\/","title":{"rendered":"Contour Queen (Semi-soft)"},"content":{"rendered":"<p><strong>Igiene:<\/strong> Dite addio alle lime per unghie piene di germi e date il benvenuto alle nostre fresche lime di ricambio. Ciascuna di esse \u00e8 pronta ad affrontare qualsiasi sfida e a lasciare le vostre unghie nitide e perfette.<br \/>\n<strong>Sicurezza:<\/strong> Con le nostre lime sostitutive, potete stare tranquille sapendo che non esporrete voi stesse o le vostre clienti al rischio di infezioni causate da lime vecchie e usurate.<\/p>\n<p><strong>Convenienza e semplicit\u00e0:<\/strong> Le nostre lime sostitutive sono cos\u00ec facili da usare che vi chiederete come avete fatto a farne a meno. Con una variet\u00e0 di grane tra cui scegliere, avrete sempre a portata di mano la lima giusta per una manicure perfetta. <\/p>\n","protected":false},"excerpt":{"rendered":"<p>Perch\u00e9 accontentarsi di una lima per unghie opaca e consumata quando si possono avere le nostre fantastiche lime per unghie di ricambio? Disponibili in diverse grane, queste lime lasceranno le vostre unghie pulite e immacolate. E dato che l&#8217;igiene \u00e8 la nostra specialit\u00e0, potete scommettere che ognuna di esse \u00e8 fresca e pronta ad affrontare qualsiasi sfida con le unghie!  <\/p>\n<ul>\n<li>Confezione da 30 pezzi.<\/li>\n<\/ul>\n","protected":false},"featured_media":13383,"comment_status":"open","ping_status":"closed","template":"","meta":[],"product_brand":[],"product_cat":[287,289,387,284],"product_tag":[],"class_list":{"0":"post-17330","1":"product","2":"type-product","3":"status-publish","4":"has-post-thumbnail","6":"product_cat-negozio","7":"product_cat-lime-per-unghie-intercambiabili","8":"product_cat-semi-soft-it","9":"product_cat-ellipse-it","11":"first","12":"instock","13":"taxable","14":"shipping-taxable","15":"purchasable","16":"product-type-variable","17":"has-default-attributes"},"_links":{"self":[{"href":"https:\/\/urzo.ambex.lv\/it\/wp-json\/wp\/v2\/product\/17330","targetHints":{"allow":["GET"]}}],"collection":[{"href":"https:\/\/urzo.ambex.lv\/it\/wp-json\/wp\/v2\/product"}],"about":[{"href":"https:\/\/urzo.ambex.lv\/it\/wp-json\/wp\/v2\/types\/product"}],"replies":[{"embeddable":true,"href":"https:\/\/urzo.ambex.lv\/it\/wp-json\/wp\/v2\/comments?post=17330"}],"version-history":[{"count":0,"href":"https:\/\/urzo.ambex.lv\/it\/wp-json\/wp\/v2\/product\/17330\/revisions"}],"wp:featuredmedia":[{"embeddable":true,"href":"https:\/\/urzo.ambex.lv\/it\/wp-json\/wp\/v2\/media\/13383"}],"wp:attachment":[{"href":"https:\/\/urzo.ambex.lv\/it\/wp-json\/wp\/v2\/media?parent=17330"}],"wp:term":[{"taxonomy":"product_brand","embeddable":true,"href":"https:\/\/urzo.ambex.lv\/it\/wp-json\/wp\/v2\/product_brand?post=17330"},{"taxonomy":"product_cat","embeddable":true,"href":"https:\/\/urzo.ambex.lv\/it\/wp-json\/wp\/v2\/product_cat?post=17330"},{"taxonomy":"product_tag","embeddable":true,"href":"https:\/\/urzo.ambex.lv\/it\/wp-json\/wp\/v2\/product_tag?post=17330"}],"curies":[{"name":"wp","href":"https:\/\/api.w.org\/{rel}","templated":true}]}}