{"id":9092,"date":"2023-05-24T10:21:51","date_gmt":"2023-05-24T10:21:51","guid":{"rendered":"https:\/\/urzonailfiles.com\/why-us\/"},"modified":"2024-02-21T13:16:19","modified_gmt":"2024-02-21T13:16:19","slug":"why-us","status":"publish","type":"page","link":"https:\/\/urzo.ambex.lv\/lv\/why-us\/","title":{"rendered":"K\u0101p\u0113c m\u0113s?"},"content":{"rendered":"\t\t<div data-elementor-type=\"wp-page\" data-elementor-id=\"9092\" class=\"elementor elementor-9092 elementor-4235\">\n\t\t\t\t\t\t<section class=\"elementor-section elementor-top-section elementor-element elementor-element-e13a23b elementor-section-full_width elementor-section-content-middle elementor-section-height-default elementor-section-height-default\" data-id=\"e13a23b\" data-element_type=\"section\">\n\t\t\t\t\t\t<div class=\"elementor-container elementor-column-gap-default\">\n\t\t\t\t\t<div class=\"elementor-column elementor-col-100 elementor-top-column elementor-element elementor-element-593d84f5\" data-id=\"593d84f5\" data-element_type=\"column\">\n\t\t\t<div class=\"elementor-widget-wrap elementor-element-populated\">\n\t\t\t\t\t\t<div class=\"elementor-element elementor-element-d5cd3c elementor-widget-mobile__width-auto elementor-widget elementor-widget-image\" data-id=\"d5cd3c\" data-element_type=\"widget\" data-widget_type=\"image.default\">\n\t\t\t\t<div class=\"elementor-widget-container\">\n\t\t\t\t\t\t\t\t\t\t\t\t\t\t\t<img fetchpriority=\"high\" decoding=\"async\" width=\"2048\" height=\"471\" src=\"https:\/\/urzo.ambex.lv\/wp-content\/uploads\/2023\/07\/Why-Us-Urzo-Nail-Files-Web.webp\" class=\"attachment-full size-full wp-image-9106\" alt=\"\" srcset=\"https:\/\/urzo.ambex.lv\/wp-content\/uploads\/2023\/07\/Why-Us-Urzo-Nail-Files-Web.webp 2048w, https:\/\/urzo.ambex.lv\/wp-content\/uploads\/2023\/07\/Why-Us-Urzo-Nail-Files-Web-300x69.webp 300w, https:\/\/urzo.ambex.lv\/wp-content\/uploads\/2023\/07\/Why-Us-Urzo-Nail-Files-Web-1024x236.webp 1024w, https:\/\/urzo.ambex.lv\/wp-content\/uploads\/2023\/07\/Why-Us-Urzo-Nail-Files-Web-768x177.webp 768w, https:\/\/urzo.ambex.lv\/wp-content\/uploads\/2023\/07\/Why-Us-Urzo-Nail-Files-Web-1536x353.webp 1536w, https:\/\/urzo.ambex.lv\/wp-content\/uploads\/2023\/07\/Why-Us-Urzo-Nail-Files-Web-600x138.webp 600w, https:\/\/urzo.ambex.lv\/wp-content\/uploads\/2023\/07\/Why-Us-Urzo-Nail-Files-Web-90x21.webp 90w\" sizes=\"(max-width: 2048px) 100vw, 2048px\" \/>\t\t\t\t\t\t\t\t\t\t\t\t\t\t\t<\/div>\n\t\t\t\t<\/div>\n\t\t\t\t\t<\/div>\n\t\t<\/div>\n\t\t\t\t\t<\/div>\n\t\t<\/section>\n\t\t\t\t<section class=\"elementor-section elementor-top-section elementor-element elementor-element-24728565 elementor-section-content-middle elementor-section-boxed elementor-section-height-default elementor-section-height-default\" data-id=\"24728565\" data-element_type=\"section\">\n\t\t\t\t\t\t<div class=\"elementor-container elementor-column-gap-no\">\n\t\t\t\t\t<div class=\"elementor-column elementor-col-100 elementor-top-column elementor-element elementor-element-2f36fe3e\" data-id=\"2f36fe3e\" data-element_type=\"column\">\n\t\t\t<div class=\"elementor-widget-wrap elementor-element-populated\">\n\t\t\t\t\t\t<section class=\"elementor-section elementor-inner-section elementor-element elementor-element-38555369 elementor-section-content-middle elementor-section-boxed elementor-section-height-default elementor-section-height-default\" data-id=\"38555369\" data-element_type=\"section\">\n\t\t\t\t\t\t<div class=\"elementor-container elementor-column-gap-no\">\n\t\t\t\t\t<div class=\"elementor-column elementor-col-50 elementor-inner-column elementor-element elementor-element-542500b0\" data-id=\"542500b0\" data-element_type=\"column\">\n\t\t\t<div class=\"elementor-widget-wrap elementor-element-populated\">\n\t\t\t\t\t\t<div class=\"elementor-element elementor-element-7a0255dd elementor-widget elementor-widget-image\" data-id=\"7a0255dd\" data-element_type=\"widget\" data-widget_type=\"image.default\">\n\t\t\t\t<div class=\"elementor-widget-container\">\n\t\t\t\t\t\t\t\t\t\t\t\t\t\t\t<img decoding=\"async\" width=\"1180\" height=\"800\" src=\"https:\/\/urzo.ambex.lv\/wp-content\/uploads\/2023\/07\/Manicure.webp\" class=\"attachment-full size-full wp-image-9108\" alt=\"\" srcset=\"https:\/\/urzo.ambex.lv\/wp-content\/uploads\/2023\/07\/Manicure.webp 1180w, https:\/\/urzo.ambex.lv\/wp-content\/uploads\/2023\/07\/Manicure-300x203.webp 300w, https:\/\/urzo.ambex.lv\/wp-content\/uploads\/2023\/07\/Manicure-1024x694.webp 1024w, https:\/\/urzo.ambex.lv\/wp-content\/uploads\/2023\/07\/Manicure-768x521.webp 768w, https:\/\/urzo.ambex.lv\/wp-content\/uploads\/2023\/07\/Manicure-600x407.webp 600w, https:\/\/urzo.ambex.lv\/wp-content\/uploads\/2023\/07\/Manicure-80x54.webp 80w\" sizes=\"(max-width: 1180px) 100vw, 1180px\" \/>\t\t\t\t\t\t\t\t\t\t\t\t\t\t\t<\/div>\n\t\t\t\t<\/div>\n\t\t\t\t\t<\/div>\n\t\t<\/div>\n\t\t\t\t<div class=\"elementor-column elementor-col-50 elementor-inner-column elementor-element elementor-element-42f550d3\" data-id=\"42f550d3\" data-element_type=\"column\">\n\t\t\t<div class=\"elementor-widget-wrap elementor-element-populated\">\n\t\t\t\t\t\t<div class=\"elementor-element elementor-element-4d579c03 elementor-widget elementor-widget-heading\" data-id=\"4d579c03\" data-element_type=\"widget\" data-widget_type=\"heading.default\">\n\t\t\t\t<div class=\"elementor-widget-container\">\n\t\t\t\t\t<h2 class=\"elementor-heading-title elementor-size-default\">Priek\u0161roc\u012bbas<\/h2>\t\t\t\t<\/div>\n\t\t\t\t<\/div>\n\t\t\t\t<div class=\"elementor-element elementor-element-249be269 elementor-widget elementor-widget-text-editor\" data-id=\"249be269\" data-element_type=\"widget\" data-widget_type=\"text-editor.default\">\n\t\t\t\t<div class=\"elementor-widget-container\">\n\t\t\t\t\t\t\t\t\t<p style=\"color: #000000; font-family: Poppins, sans-serif; text-align: left;\"><span style=\"font-weight: bolder;\">Centr\u0113ti uz inov\u0101cij\u0101m:<\/span> M\u0113s vienm\u0113r mekl\u0113jam veidus k\u0101 uzlabot nagu kop\u0161anas pieredzi gan speci\u0101listam, gan klientam.<\/p>\n<p style=\"color: #000000; font-family: Poppins, sans-serif; text-align: left;\"><span style=\"font-weight: bolder;\">P\u0101r\u0146emti ar higi\u0113nu: :<\/span> T\u012br\u012bba ir m\u016bsu otrais v\u0101rds un mums ir svar\u012bgi, lai J\u016bsu darba instrumentu t\u012br\u012bba vienm\u0113r b\u016btu augst\u0101kaj\u0101 l\u012bmen\u012b.<\/p>\n<p style=\"color: #000000; font-family: Poppins, sans-serif; text-align: left;\"><span style=\"font-weight: bolder;\">Orient\u0113ti uz klientiem:<\/span> Mums no sirds r\u016bp gan J\u016bsu, gan J\u016bsu klientu apmierin\u0101t\u012bba ar produktiem un sa\u0146emto pakalpojumu, t\u0101 ir m\u016bsu priorit\u0101te!<\/p>\n<p style=\"color: #000000; font-family: Poppins, sans-serif; text-align: left;\"><span style=\"font-weight: bolder;\">Kvalitat\u012bvs ra\u017eo\u0161anas process:<\/span> M\u016bsu produkti ir ra\u017eoti ar maksim\u0101l\u0101m r\u016bp\u0113m, piev\u0113r\u0161ot uzman\u012bbu vissmalk\u0101kaj\u0101m deta\u013c\u0101m.<\/p>\n<p style=\"color: #000000; font-family: Poppins, sans-serif; text-align: left;\"><span style=\"font-weight: bolder;\">Tenden\u010du noteic\u0113ji:<\/span> M\u0113s pied\u0101v\u0101jam m\u016bsdien\u012bgu izr\u0101vienu modern\u0101 manik\u012bra un pedik\u012bra pasaul\u0113!<\/p>\n\t\t\t\t\t\t\t\t<\/div>\n\t\t\t\t<\/div>\n\t\t\t\t\t<\/div>\n\t\t<\/div>\n\t\t\t\t\t<\/div>\n\t\t<\/section>\n\t\t\t\t<section class=\"elementor-section elementor-inner-section elementor-element elementor-element-78e99687 elementor-section-content-middle elementor-reverse-mobile elementor-section-boxed elementor-section-height-default elementor-section-height-default\" data-id=\"78e99687\" data-element_type=\"section\">\n\t\t\t\t\t\t<div class=\"elementor-container elementor-column-gap-no\">\n\t\t\t\t\t<div class=\"elementor-column elementor-col-50 elementor-inner-column elementor-element elementor-element-169ff1b\" data-id=\"169ff1b\" data-element_type=\"column\">\n\t\t\t<div class=\"elementor-widget-wrap elementor-element-populated\">\n\t\t\t\t\t\t<div class=\"elementor-element elementor-element-60f7e8ff elementor-widget elementor-widget-heading\" data-id=\"60f7e8ff\" data-element_type=\"widget\" data-widget_type=\"heading.default\">\n\t\t\t\t<div class=\"elementor-widget-container\">\n\t\t\t\t\t<h2 class=\"elementor-heading-title elementor-size-default\">V\u0113rt\u012bbas<\/h2>\t\t\t\t<\/div>\n\t\t\t\t<\/div>\n\t\t\t\t<div class=\"elementor-element elementor-element-27237975 elementor-widget elementor-widget-text-editor\" data-id=\"27237975\" data-element_type=\"widget\" data-widget_type=\"text-editor.default\">\n\t\t\t\t<div class=\"elementor-widget-container\">\n\t\t\t\t\t\t\t\t\t<p style=\"color: #000000; font-family: Poppins, sans-serif; text-align: left;\"><span style=\"font-weight: bolder;\">Uztic\u012bba:<\/span> M\u0113s velt\u0101m sevi produktu rad\u012b\u0161anai, kuri J\u016bsu darbu padar\u012bs vienk\u0101r\u0161\u0101ku un J\u016bsu klientus smaid\u012bg\u0101kus.<\/p>\n<p style=\"color: #000000; font-family: Poppins, sans-serif; text-align: left;\"><span style=\"font-weight: bolder;\">Kvalit\u0101te:<\/span> Nek\u0101da skopo\u0161an\u0101s, izv\u0113loties ra\u017eo\u0161anas materi\u0101lus un esot ra\u017eo\u0161anas proces\u0101 \u2013 mums svar\u012bga ir augst\u0101k\u0101s klases produktu rad\u012b\u0161ana.<\/p>\n<p style=\"color: #000000; font-family: Poppins, sans-serif; text-align: left;\"><span style=\"font-weight: bolder;\">Inov\u0101cijas:<\/span> M\u0113s nep\u0101rtraukti darbojamies, lai pied\u0101v\u0101tu Jums jaun\u0101ko, aktu\u0101l\u0101ko un lab\u0101ko, kas pieejams nagu kop\u0161an\u0101.<\/p>\n<p style=\"color: #000000; font-family: Poppins, sans-serif; text-align: left;\"><span style=\"font-weight: bolder;\">Aizraut\u012bba:<\/span> M\u016bsu komandu uz priek\u0161u virza m\u012blest\u012bba pret visu, kas saist\u012bts ar nagu kop\u0161anu un tie\u0161i \u0161\u012b ener\u0123ija atspogu\u013cojas visa, ko dar\u0101m!<\/p>\n<p style=\"color: #000000; font-family: Poppins, sans-serif; text-align: left;\"><span style=\"font-weight: bolder;\">Prieks:<\/span> M\u0113s ticam, ka nagu kop\u0161anai j\u0101b\u016bt priec\u012bgam un baudpilnam procesam un to atspogu\u013co ar\u012b m\u016bsu ra\u017eotie produkti!<\/p>\n\t\t\t\t\t\t\t\t<\/div>\n\t\t\t\t<\/div>\n\t\t\t\t\t<\/div>\n\t\t<\/div>\n\t\t\t\t<div class=\"elementor-column elementor-col-50 elementor-inner-column elementor-element elementor-element-27f22cce\" data-id=\"27f22cce\" data-element_type=\"column\">\n\t\t\t<div class=\"elementor-widget-wrap elementor-element-populated\">\n\t\t\t\t\t\t<div class=\"elementor-element elementor-element-7b71d606 elementor-widget elementor-widget-image\" data-id=\"7b71d606\" data-element_type=\"widget\" data-widget_type=\"image.default\">\n\t\t\t\t<div class=\"elementor-widget-container\">\n\t\t\t\t\t\t\t\t\t\t\t\t\t\t\t<img decoding=\"async\" width=\"960\" height=\"651\" src=\"https:\/\/urzo.ambex.lv\/wp-content\/uploads\/2023\/07\/Urzo-Why-Us-1024x694.webp\" class=\"attachment-large size-large wp-image-9107\" alt=\"\" srcset=\"https:\/\/urzo.ambex.lv\/wp-content\/uploads\/2023\/07\/Urzo-Why-Us-1024x694.webp 1024w, https:\/\/urzo.ambex.lv\/wp-content\/uploads\/2023\/07\/Urzo-Why-Us-300x203.webp 300w, https:\/\/urzo.ambex.lv\/wp-content\/uploads\/2023\/07\/Urzo-Why-Us-768x521.webp 768w, https:\/\/urzo.ambex.lv\/wp-content\/uploads\/2023\/07\/Urzo-Why-Us-600x407.webp 600w, https:\/\/urzo.ambex.lv\/wp-content\/uploads\/2023\/07\/Urzo-Why-Us-80x54.webp 80w, https:\/\/urzo.ambex.lv\/wp-content\/uploads\/2023\/07\/Urzo-Why-Us.webp 1180w\" sizes=\"(max-width: 960px) 100vw, 960px\" \/>\t\t\t\t\t\t\t\t\t\t\t\t\t\t\t<\/div>\n\t\t\t\t<\/div>\n\t\t\t\t\t<\/div>\n\t\t<\/div>\n\t\t\t\t\t<\/div>\n\t\t<\/section>\n\t\t\t\t\t<\/div>\n\t\t<\/div>\n\t\t\t\t\t<\/div>\n\t\t<\/section>\n\t\t\t\t<section class=\"elementor-section elementor-top-section elementor-element elementor-element-5cb20483 elementor-section-content-middle elementor-section-boxed elementor-section-height-default elementor-section-height-default\" data-id=\"5cb20483\" data-element_type=\"section\">\n\t\t\t\t\t\t<div class=\"elementor-container elementor-column-gap-no\">\n\t\t\t\t\t<div class=\"elementor-column elementor-col-100 elementor-top-column elementor-element elementor-element-70fc0da6\" data-id=\"70fc0da6\" data-element_type=\"column\" data-settings=\"{&quot;background_background&quot;:&quot;classic&quot;}\">\n\t\t\t<div class=\"elementor-widget-wrap elementor-element-populated\">\n\t\t\t\t\t\t<div class=\"elementor-element elementor-element-1b9ae0e9 elementor-widget elementor-widget-text-editor\" data-id=\"1b9ae0e9\" data-element_type=\"widget\" data-widget_type=\"text-editor.default\">\n\t\t\t\t<div class=\"elementor-widget-container\">\n\t\t\t\t\t\t\t\t\t<p dir=\"ltr\" style=\"line-height: 1.38; margin-top: 0pt; margin-bottom: 0pt;\"><span style=\"font-size: 10.5pt; font-family: Arial; color: #333539; font-weight: 400; font-style: normal; font-variant: normal; text-decoration: none; vertical-align: baseline; white-space: pre-wrap;\">M\u016bsu AeroTitan materi\u0101ls ir slepen\u0101 m\u0113rce, kas padara m\u016bsu izstr\u0101d\u0101jumus izcilus. <\/span><\/p>\n<p dir=\"ltr\" style=\"line-height: 1.38; margin-top: 0pt; margin-bottom: 0pt;\"><span style=\"font-size: 10.5pt; font-family: Arial; color: #333539; font-weight: 400; font-style: normal; font-variant: normal; text-decoration: none; vertical-align: baseline; white-space: pre-wrap;\">M\u016bsu tit\u0101na nagu v\u012bl\u012b\u0161u sist\u0113mas ir vieglas, elast\u012bgas un iztur\u012bgas. <\/span><span style=\" color: #333539; font-family: Arial; font-size: 10.5pt; white-space: pre-wrap; letter-spacing: 0px;\">kalpo gadiem ilgi, nodro\u0161inot optim\u0101lu higi\u0113nu un klientu apmierin\u0101t\u012bbu.<\/span><\/p>\t\t\t\t\t\t\t\t<\/div>\n\t\t\t\t<\/div>\n\t\t\t\t<section class=\"elementor-section elementor-inner-section elementor-element elementor-element-279e77bc elementor-section-content-middle elementor-section-boxed elementor-section-height-default elementor-section-height-default\" data-id=\"279e77bc\" data-element_type=\"section\">\n\t\t\t\t\t\t<div class=\"elementor-container elementor-column-gap-no\">\n\t\t\t\t\t<div class=\"elementor-column elementor-col-100 elementor-inner-column elementor-element elementor-element-649a59ba\" data-id=\"649a59ba\" data-element_type=\"column\">\n\t\t\t<div class=\"elementor-widget-wrap elementor-element-populated\">\n\t\t\t\t\t\t<div class=\"elementor-element elementor-element-4149bf94 elementor-align-center elementor-widget elementor-widget-button\" data-id=\"4149bf94\" data-element_type=\"widget\" data-widget_type=\"button.default\">\n\t\t\t\t<div class=\"elementor-widget-container\">\n\t\t\t\t\t\t\t\t\t<div class=\"elementor-button-wrapper\">\n\t\t\t\t\t<a class=\"elementor-button elementor-button-link elementor-size-sm elementor-animation-grow\" href=\"#SHOP\">\n\t\t\t\t\t\t<span class=\"elementor-button-content-wrapper\">\n\t\t\t\t\t\t\t\t\t<span class=\"elementor-button-text\">IEPIRKTIES<\/span>\n\t\t\t\t\t<\/span>\n\t\t\t\t\t<\/a>\n\t\t\t\t<\/div>\n\t\t\t\t\t\t\t\t<\/div>\n\t\t\t\t<\/div>\n\t\t\t\t\t<\/div>\n\t\t<\/div>\n\t\t\t\t\t<\/div>\n\t\t<\/section>\n\t\t\t\t\t<\/div>\n\t\t<\/div>\n\t\t\t\t\t<\/div>\n\t\t<\/section>\n\t\t\t\t<section class=\"elementor-section elementor-top-section elementor-element elementor-element-7314b32 elementor-section-boxed elementor-section-height-default elementor-section-height-default\" data-id=\"7314b32\" data-element_type=\"section\">\n\t\t\t\t\t\t<div class=\"elementor-container elementor-column-gap-default\">\n\t\t\t\t\t<div class=\"elementor-column elementor-col-100 elementor-top-column elementor-element elementor-element-4741172\" data-id=\"4741172\" data-element_type=\"column\">\n\t\t\t<div class=\"elementor-widget-wrap elementor-element-populated\">\n\t\t\t\t\t\t<div class=\"elementor-element elementor-element-5652e9d elementor-arrows-position-inside elementor-pagination-position-outside elementor-widget elementor-widget-image-carousel\" data-id=\"5652e9d\" data-element_type=\"widget\" data-settings=\"{&quot;navigation&quot;:&quot;both&quot;,&quot;autoplay&quot;:&quot;yes&quot;,&quot;pause_on_hover&quot;:&quot;yes&quot;,&quot;pause_on_interaction&quot;:&quot;yes&quot;,&quot;autoplay_speed&quot;:5000,&quot;infinite&quot;:&quot;yes&quot;,&quot;speed&quot;:500}\" data-widget_type=\"image-carousel.default\">\n\t\t\t\t<div class=\"elementor-widget-container\">\n\t\t\t\t\t\t\t<div class=\"elementor-image-carousel-wrapper swiper\" role=\"region\" aria-roledescription=\"carousel\" aria-label=\"Image Carousel\" dir=\"ltr\">\n\t\t\t<div class=\"elementor-image-carousel swiper-wrapper\" aria-live=\"off\">\n\t\t\t\t\t\t\t\t<div class=\"swiper-slide\" role=\"group\" aria-roledescription=\"slide\" aria-label=\"1 of 15\"><figure class=\"swiper-slide-inner\"><img decoding=\"async\" class=\"swiper-slide-image\" src=\"https:\/\/urzo.ambex.lv\/wp-content\/uploads\/2024\/02\/2-1336x1536.webp\" alt=\"Urzo Nail Files\" \/><\/figure><\/div><div class=\"swiper-slide\" role=\"group\" aria-roledescription=\"slide\" aria-label=\"2 of 15\"><figure class=\"swiper-slide-inner\"><img decoding=\"async\" class=\"swiper-slide-image\" src=\"https:\/\/urzo.ambex.lv\/wp-content\/uploads\/2024\/02\/3-1336x1536.webp\" alt=\"Urzo Nail Files\" \/><\/figure><\/div><div class=\"swiper-slide\" role=\"group\" aria-roledescription=\"slide\" aria-label=\"3 of 15\"><figure class=\"swiper-slide-inner\"><img decoding=\"async\" class=\"swiper-slide-image\" src=\"https:\/\/urzo.ambex.lv\/wp-content\/uploads\/2024\/02\/4-1336x1536.webp\" alt=\"Urzo Nail Files\" \/><\/figure><\/div><div class=\"swiper-slide\" role=\"group\" aria-roledescription=\"slide\" aria-label=\"4 of 15\"><figure class=\"swiper-slide-inner\"><img decoding=\"async\" class=\"swiper-slide-image\" src=\"https:\/\/urzo.ambex.lv\/wp-content\/uploads\/2024\/02\/5-1336x1536.webp\" alt=\"Urzo Nail Files\" \/><\/figure><\/div><div class=\"swiper-slide\" role=\"group\" aria-roledescription=\"slide\" aria-label=\"5 of 15\"><figure class=\"swiper-slide-inner\"><img decoding=\"async\" class=\"swiper-slide-image\" src=\"https:\/\/urzo.ambex.lv\/wp-content\/uploads\/2024\/02\/6-1336x1536.webp\" alt=\"Urzo Nail Files\" \/><\/figure><\/div><div class=\"swiper-slide\" role=\"group\" aria-roledescription=\"slide\" aria-label=\"6 of 15\"><figure class=\"swiper-slide-inner\"><img decoding=\"async\" class=\"swiper-slide-image\" src=\"https:\/\/urzo.ambex.lv\/wp-content\/uploads\/2024\/02\/7-1336x1536.webp\" alt=\"Urzo Nail Files\" \/><\/figure><\/div><div class=\"swiper-slide\" role=\"group\" aria-roledescription=\"slide\" aria-label=\"7 of 15\"><figure class=\"swiper-slide-inner\"><img decoding=\"async\" class=\"swiper-slide-image\" src=\"https:\/\/urzo.ambex.lv\/wp-content\/uploads\/2024\/02\/8-1336x1536.webp\" alt=\"Urzo Nail Files\" \/><\/figure><\/div><div class=\"swiper-slide\" role=\"group\" aria-roledescription=\"slide\" aria-label=\"8 of 15\"><figure class=\"swiper-slide-inner\"><img decoding=\"async\" class=\"swiper-slide-image\" src=\"https:\/\/urzo.ambex.lv\/wp-content\/uploads\/2024\/02\/9-1336x1536.webp\" alt=\"Urzo Nail Files\" \/><\/figure><\/div><div class=\"swiper-slide\" role=\"group\" aria-roledescription=\"slide\" aria-label=\"9 of 15\"><figure class=\"swiper-slide-inner\"><img decoding=\"async\" class=\"swiper-slide-image\" src=\"https:\/\/urzo.ambex.lv\/wp-content\/uploads\/2024\/02\/10-1336x1536.webp\" alt=\"Urzo Nail Files\" \/><\/figure><\/div><div class=\"swiper-slide\" role=\"group\" aria-roledescription=\"slide\" aria-label=\"10 of 15\"><figure class=\"swiper-slide-inner\"><img decoding=\"async\" class=\"swiper-slide-image\" src=\"https:\/\/urzo.ambex.lv\/wp-content\/uploads\/2024\/02\/11-1336x1536.webp\" alt=\"Urzo Nail Files\" \/><\/figure><\/div><div class=\"swiper-slide\" role=\"group\" aria-roledescription=\"slide\" aria-label=\"11 of 15\"><figure class=\"swiper-slide-inner\"><img decoding=\"async\" class=\"swiper-slide-image\" src=\"https:\/\/urzo.ambex.lv\/wp-content\/uploads\/2024\/02\/12-1336x1536.webp\" alt=\"Urzo Nail Files\" \/><\/figure><\/div><div class=\"swiper-slide\" role=\"group\" aria-roledescription=\"slide\" aria-label=\"12 of 15\"><figure class=\"swiper-slide-inner\"><img decoding=\"async\" class=\"swiper-slide-image\" src=\"https:\/\/urzo.ambex.lv\/wp-content\/uploads\/2024\/02\/13-1336x1536.webp\" alt=\"Urzo Nail Files\" \/><\/figure><\/div><div class=\"swiper-slide\" role=\"group\" aria-roledescription=\"slide\" aria-label=\"13 of 15\"><figure class=\"swiper-slide-inner\"><img decoding=\"async\" class=\"swiper-slide-image\" src=\"https:\/\/urzo.ambex.lv\/wp-content\/uploads\/2024\/02\/14-1336x1536.webp\" alt=\"Urzo Nail Files\" \/><\/figure><\/div><div class=\"swiper-slide\" role=\"group\" aria-roledescription=\"slide\" aria-label=\"14 of 15\"><figure class=\"swiper-slide-inner\"><img decoding=\"async\" class=\"swiper-slide-image\" src=\"https:\/\/urzo.ambex.lv\/wp-content\/uploads\/2024\/02\/15-1336x1536.webp\" alt=\"Urzo Nail Files\" \/><\/figure><\/div><div class=\"swiper-slide\" role=\"group\" aria-roledescription=\"slide\" aria-label=\"15 of 15\"><figure class=\"swiper-slide-inner\"><img decoding=\"async\" class=\"swiper-slide-image\" src=\"https:\/\/urzo.ambex.lv\/wp-content\/uploads\/2024\/02\/1-1336x1536.webp\" alt=\"Urzo Nail Files\" \/><\/figure><\/div>\t\t\t<\/div>\n\t\t\t\t\t\t\t\t\t\t\t\t<div class=\"elementor-swiper-button elementor-swiper-button-prev\" role=\"button\" tabindex=\"0\">\n\t\t\t\t\t\t<svg aria-hidden=\"true\" class=\"e-font-icon-svg e-eicon-chevron-left\" viewBox=\"0 0 1000 1000\" xmlns=\"http:\/\/www.w3.org\/2000\/svg\"><path d=\"M646 125C629 125 613 133 604 142L308 442C296 454 292 471 292 487 292 504 296 521 308 533L604 854C617 867 629 875 646 875 663 875 679 871 692 858 704 846 713 829 713 812 713 796 708 779 692 767L438 487 692 225C700 217 708 204 708 187 708 171 704 154 692 142 675 129 663 125 646 125Z\"><\/path><\/svg>\t\t\t\t\t<\/div>\n\t\t\t\t\t<div class=\"elementor-swiper-button elementor-swiper-button-next\" role=\"button\" tabindex=\"0\">\n\t\t\t\t\t\t<svg aria-hidden=\"true\" class=\"e-font-icon-svg e-eicon-chevron-right\" viewBox=\"0 0 1000 1000\" xmlns=\"http:\/\/www.w3.org\/2000\/svg\"><path d=\"M696 533C708 521 713 504 713 487 713 471 708 454 696 446L400 146C388 133 375 125 354 125 338 125 325 129 313 142 300 154 292 171 292 187 292 204 296 221 308 233L563 492 304 771C292 783 288 800 288 817 288 833 296 850 308 863 321 871 338 875 354 875 371 875 388 867 400 854L696 533Z\"><\/path><\/svg>\t\t\t\t\t<\/div>\n\t\t\t\t\n\t\t\t\t\t\t\t\t\t<div class=\"swiper-pagination\"><\/div>\n\t\t\t\t\t\t\t\t\t<\/div>\n\t\t\t\t\t\t<\/div>\n\t\t\t\t<\/div>\n\t\t\t\t\t<\/div>\n\t\t<\/div>\n\t\t\t\t\t<\/div>\n\t\t<\/section>\n\t\t\t\t<\/div>\n\t\t","protected":false},"excerpt":{"rendered":"<p>Priek\u0161roc\u012bbas Centr\u0113ti uz inov\u0101cij\u0101m: M\u0113s vienm\u0113r mekl\u0113jam veidus k\u0101 uzlabot nagu kop\u0161anas pieredzi gan speci\u0101listam, gan klientam. P\u0101r\u0146emti ar higi\u0113nu: : T\u012br\u012bba ir m\u016bsu otrais v\u0101rds un mums ir svar\u012bgi, lai J\u016bsu darba instrumentu t\u012br\u012bba vienm\u0113r b\u016btu augst\u0101kaj\u0101 l\u012bmen\u012b. Orient\u0113ti uz klientiem: Mums no sirds r\u016bp gan J\u016bsu, gan J\u016bsu klientu apmierin\u0101t\u012bba ar produktiem un<\/p>\n<div class=\"klb-readmore entry-button\"><a class=\"button light alt medium\" href=\"https:\/\/urzo.ambex.lv\/lv\/why-us\/\">Read More<\/a><\/div>\n","protected":false},"author":5,"featured_media":0,"parent":0,"menu_order":45,"comment_status":"closed","ping_status":"closed","template":"","meta":{"footnotes":""},"class_list":["post-9092","page","type-page","status-publish","hentry"],"_links":{"self":[{"href":"https:\/\/urzo.ambex.lv\/lv\/wp-json\/wp\/v2\/pages\/9092","targetHints":{"allow":["GET"]}}],"collection":[{"href":"https:\/\/urzo.ambex.lv\/lv\/wp-json\/wp\/v2\/pages"}],"about":[{"href":"https:\/\/urzo.ambex.lv\/lv\/wp-json\/wp\/v2\/types\/page"}],"author":[{"embeddable":true,"href":"https:\/\/urzo.ambex.lv\/lv\/wp-json\/wp\/v2\/users\/5"}],"replies":[{"embeddable":true,"href":"https:\/\/urzo.ambex.lv\/lv\/wp-json\/wp\/v2\/comments?post=9092"}],"version-history":[{"count":0,"href":"https:\/\/urzo.ambex.lv\/lv\/wp-json\/wp\/v2\/pages\/9092\/revisions"}],"wp:attachment":[{"href":"https:\/\/urzo.ambex.lv\/lv\/wp-json\/wp\/v2\/media?parent=9092"}],"curies":[{"name":"wp","href":"https:\/\/api.w.org\/{rel}","templated":true}]}}