{"id":10741,"date":"2023-03-24T12:14:20","date_gmt":"2023-03-24T12:14:20","guid":{"rendered":"https:\/\/urzonailfiles.com\/product\/moon-angel\/"},"modified":"2024-04-05T13:40:27","modified_gmt":"2024-04-05T13:40:27","slug":"moon-angel-starta-komplekts","status":"publish","type":"product","link":"https:\/\/urzo.ambex.lv\/lv\/produkts\/moon-angel-starta-komplekts\/","title":{"rendered":"Moon Angel"},"content":{"rendered":"<p><strong>Pusm\u0113ness Starta komplekt\u0101 iek\u013cauts:<\/strong><\/p>\n<ul>\n<li style=\"list-style-type: none;\">\n<ul>\n<li><strong>1x Luna AeroTitan pamatne<\/strong><\/li>\n<li>1x BAF fails (150 griti)<\/li>\n<li>1x BAF fails (180 griti)<\/li>\n<li>1x BAF fails (240 griti)<\/li>\n<\/ul>\n<\/li>\n<\/ul>\n<ul>\n<li style=\"list-style-type: none;\">\n<ul>\n<li>1x fails (Soft) (80 griti)<\/li>\n<li>1x fails (Soft) (100 griti)<\/li>\n<li>1x fails (Soft) (150 griti)<\/li>\n<li>1x fails (Soft) (180 griti)<\/li>\n<li>1x fails (Soft) (220 griti)<\/li>\n<li>1x fails (Soft) (240 griti)<\/li>\n<li>1x fails (Soft) (280 griti)<\/li>\n<\/ul>\n<\/li>\n<\/ul>\n<ul>\n<li style=\"list-style-type: none;\">\n<ul>\n<li>1x fails (Semi-soft) (80 griti)<\/li>\n<li>1x fails (Semi-soft) (100 griti)<\/li>\n<li>1x fails (Semi-soft) (150 griti)<\/li>\n<li>1x fails (Semi-soft) (180 griti)<\/li>\n<li>1x fails (Semi-soft) (220 griti)<\/li>\n<li>1x fails (Semi-soft) (240 griti)<\/li>\n<li>1x fails (Semi-soft) (280 griti)<\/li>\n<\/ul>\n<\/li>\n<\/ul>\n<ul>\n<li style=\"list-style-type: none;\">\n<ul>\n<li>1x fails (Standard) (80 griti)<\/li>\n<li>1x fails (Standard) (100 griti)<\/li>\n<li>1x fails (Standard) (150 griti)<\/li>\n<li>1x fails (Standard) (180 griti)<\/li>\n<li>1x fails (Standard) (220 griti)<\/li>\n<li>1x fails (Standard) (240griti)<\/li>\n<li>1x fails (Standard) (280 griti)<\/li>\n<\/ul>\n<\/li>\n<\/ul>\n<p>Ja J\u016bs esat profesion\u0101ls manik\u012bra meistars, J\u016bsu dz\u012bv\u0113 ir nepiecie\u0161ams m\u016bsu URZO starta komplekts. Taj\u0101 ir viss, lai vienk\u0101r\u0161i, \u0101tri un kvalitat\u012bvi sagatavotu perfekti nov\u012bl\u0113tu un nopul\u0113tu nagu \u2013 J\u016bsu izv\u0113l\u0113tas formas AeroTitan pamatne, main\u0101mie nagu v\u012b\u013cu faili, ka ar\u012b main\u0101mie BAF v\u012b\u013cu faili. Gatavi? Lai\u017eam puc\u0113ties!<\/p>\n<p><strong>Higi\u0113na:<\/strong> AeroTitan pamatne ir viegli dezinfic\u0113jama un steriliz\u0113jama karst\u0101 gaisa sterilizator\u0101 vai tvaika autokl\u0101v\u0101. Main\u0101mie v\u012b\u013cu un BAF faili ir vienreizlietojami, t\u0101p\u0113c tos p\u0113c lieto\u0161anas atliek vien izmest. Vai esat gatavi rad\u012bt meistardarbus, kas J\u016bsu klientus pacels debes\u012bs?<\/p>\n<p><strong>Dro\u0161\u012bba:<\/strong> J\u016bsu un klienta dro\u0161\u012bba ir URZO rok\u0101s. Viegli steriliz\u0113jam\u0101 pamatne un vienreizlietojamie main\u0101mie v\u012b\u013cu faili nodro\u0161ina maksim\u0101lu aizsardz\u012bbu pret kait\u012bgu mikkroorganismu p\u0101rn\u0113s\u0101\u0161anu un izplat\u012bbu.<\/p>\n<p><strong>\u0112rt\u012bbas un vienk\u0101r\u0161\u012bba:<\/strong> Starta komplekt\u0101 ir iek\u013cautas main\u0101m\u0101s nagu v\u012bles un BAF v\u012bles, \u013caujot manik\u012bra procesu veikt efekt\u012bvi un bezr\u016bp\u012bgi, l\u012bm\u0113jot t\u0101s uz AeroTitan v\u012bles pamatnes un nomainot p\u0113c katra n\u0101kam\u0101 klienta. AeroTitan pamatne is viegla, elast\u012bga un nedeform\u0113jas, t\u0101d\u0101 veid\u0101 nodro\u0161inot produkta ilgtsp\u0113ju. Ar m\u016bsu komplektu sasniegt lielisku rezult\u0101tu b\u016bs viegl\u0101k k\u0101 jebkad!<\/p>\n","protected":false},"excerpt":{"rendered":"<p>Pusm\u0113ness Starta komplekt\u0101 iek\u013cauts: 1x Luna AeroTitan pamatne 1x BAF fails (150 griti) 1x BAF fails (180 griti) 1x BAF fails (240 griti) 1x fails (Soft) (80 griti) 1x fails (Soft) (100 griti) 1x fails (Soft) (150 griti) 1x fails (Soft) (180 griti) 1x fails (Soft) (220 griti) 1x fails (Soft) (240 griti) 1x fails<\/p>\n<div class=\"klb-readmore entry-button\"><a class=\"button light alt medium\" href=\"https:\/\/urzo.ambex.lv\/lv\/produkts\/moon-angel-starta-komplekts\/\">Read More<\/a><\/div>\n","protected":false},"featured_media":19068,"comment_status":"open","ping_status":"closed","template":"","meta":[],"product_brand":[],"product_cat":[125,195],"product_tag":[],"class_list":{"0":"post-10741","1":"product","2":"type-product","3":"status-publish","4":"has-post-thumbnail","6":"product_cat-urzo-starta-komplekts","7":"product_cat-luna-lv","9":"first","10":"instock","11":"taxable","12":"shipping-taxable","13":"purchasable","14":"product-type-variable","15":"has-default-attributes"},"_links":{"self":[{"href":"https:\/\/urzo.ambex.lv\/lv\/wp-json\/wp\/v2\/product\/10741","targetHints":{"allow":["GET"]}}],"collection":[{"href":"https:\/\/urzo.ambex.lv\/lv\/wp-json\/wp\/v2\/product"}],"about":[{"href":"https:\/\/urzo.ambex.lv\/lv\/wp-json\/wp\/v2\/types\/product"}],"replies":[{"embeddable":true,"href":"https:\/\/urzo.ambex.lv\/lv\/wp-json\/wp\/v2\/comments?post=10741"}],"version-history":[{"count":0,"href":"https:\/\/urzo.ambex.lv\/lv\/wp-json\/wp\/v2\/product\/10741\/revisions"}],"wp:featuredmedia":[{"embeddable":true,"href":"https:\/\/urzo.ambex.lv\/lv\/wp-json\/wp\/v2\/media\/19068"}],"wp:attachment":[{"href":"https:\/\/urzo.ambex.lv\/lv\/wp-json\/wp\/v2\/media?parent=10741"}],"wp:term":[{"taxonomy":"product_brand","embeddable":true,"href":"https:\/\/urzo.ambex.lv\/lv\/wp-json\/wp\/v2\/product_brand?post=10741"},{"taxonomy":"product_cat","embeddable":true,"href":"https:\/\/urzo.ambex.lv\/lv\/wp-json\/wp\/v2\/product_cat?post=10741"},{"taxonomy":"product_tag","embeddable":true,"href":"https:\/\/urzo.ambex.lv\/lv\/wp-json\/wp\/v2\/product_tag?post=10741"}],"curies":[{"name":"wp","href":"https:\/\/api.w.org\/{rel}","templated":true}]}}