{"id":10808,"date":"2023-10-09T21:53:26","date_gmt":"2023-10-09T21:53:26","guid":{"rendered":"https:\/\/urzonailfiles.com\/product\/u-podo-disks-m-o20mm\/"},"modified":"2025-06-25T16:29:38","modified_gmt":"2025-06-25T16:29:38","slug":"u-podo-disks-m-20mm","status":"publish","type":"product","link":"https:\/\/urzo.ambex.lv\/lv\/produkts\/u-podo-disks-m-20mm\/","title":{"rendered":"U \u2013 Podo disks M \u00d820mm"},"content":{"rendered":"<p><strong>Higi\u0113na:<\/strong> Pedik\u012bra veik\u0161ana ar U-Podo diskiem, izmantojot vienreizlietojamos main\u0101mos v\u012b\u013cu failus, ir dro\u0161s un \u0101trs veids k\u0101 sasniegt maksim\u0101lu rezult\u0101tu un nodro\u0161in\u0101t neatk\u0101rtojamu p\u0113du spa pieredzi. Veicot disku steriliz\u0113\u0161anu pirms un p\u0113c lieto\u0161anas, varat b\u016bt dro\u0161i par J\u016bsu un J\u016bsu klientu dro\u0161\u012bbu pedik\u012bra laik\u0101.<\/p>\n<p><strong>Dro\u0161\u012bba:<\/strong> M\u016bsu U-Podo Diski ir rad\u012bti, paturot pr\u0101t\u0101 augst\u0101k\u0101 l\u012bme\u0146a dro\u0161\u012bbu, nodro\u0161inot maksim\u0101lu aizsardz\u012bbu pret infekciju slim\u012bbu p\u0101rn\u0113s\u0101\u0161anu un nejau\u0161iem \u0101das boj\u0101jumiem. Ar U-Podo diskiem J\u016bsu klientu p\u0113das ir lab\u0101s rok\u0101s!<\/p>\n<p><strong>\u0112rt\u012bbas un vienk\u0101r\u0161\u012bba:<\/strong> 5 da\u017e\u0101di, viegli main\u0101mi disku diametri, kas paredz\u0113ti lieto\u0161anai ar main\u0101miem U-Podo v\u012b\u013cu failiem vai main\u0101miem U-Podo BAF failiem.<\/p>\n","protected":false},"excerpt":{"rendered":"<p>M\u016bsdien\u012bgs instruments ce\u013c\u0101 uz maig\u0101m un ar m\u012blest\u012bbu ap\u010dubin\u0101t\u0101m p\u0113d\u0101m! Viegli un efekt\u012bvi tiek gal\u0101 ar biezu \u0101du, bez nepiecie\u0161am\u012bbas izdar\u012bt lielu spiedienu. M\u016bsu U-Podo Diski ir lielisks veids k\u0101 sakopt un palutin\u0101t J\u016bsu klientu p\u0113das un pie\u0161\u0137irt jaunu dz\u012bvi k\u0101ju nagiem. Ar 5 da\u017e\u0101diem diametriem Jums ir iesp\u0113ja personaliz\u0113t katra klienta pedik\u012bru l\u012bdz augstas klases l\u012bmenim. Ticiet mums, klients no Jums dosies prom, staig\u0101jot tik viegli k\u0101 pa m\u0101ko\u0146iem!<\/p>\n<ul>\n<li>Iepakojum\u0101 1 gab.<\/li>\n<li>Diska k\u0101ji\u0146as garums 40mm<\/li>\n<\/ul>\n","protected":false},"featured_media":11035,"comment_status":"open","ping_status":"closed","template":"","meta":[],"product_brand":[],"product_cat":[68,80],"product_tag":[],"class_list":{"0":"post-10808","1":"product","2":"type-product","3":"status-publish","4":"has-post-thumbnail","6":"product_cat-u-podo-diski","7":"product_cat-d20-m-lv","9":"first","10":"instock","11":"taxable","12":"shipping-taxable","13":"purchasable","14":"product-type-simple"},"_links":{"self":[{"href":"https:\/\/urzo.ambex.lv\/lv\/wp-json\/wp\/v2\/product\/10808","targetHints":{"allow":["GET"]}}],"collection":[{"href":"https:\/\/urzo.ambex.lv\/lv\/wp-json\/wp\/v2\/product"}],"about":[{"href":"https:\/\/urzo.ambex.lv\/lv\/wp-json\/wp\/v2\/types\/product"}],"replies":[{"embeddable":true,"href":"https:\/\/urzo.ambex.lv\/lv\/wp-json\/wp\/v2\/comments?post=10808"}],"version-history":[{"count":0,"href":"https:\/\/urzo.ambex.lv\/lv\/wp-json\/wp\/v2\/product\/10808\/revisions"}],"wp:featuredmedia":[{"embeddable":true,"href":"https:\/\/urzo.ambex.lv\/lv\/wp-json\/wp\/v2\/media\/11035"}],"wp:attachment":[{"href":"https:\/\/urzo.ambex.lv\/lv\/wp-json\/wp\/v2\/media?parent=10808"}],"wp:term":[{"taxonomy":"product_brand","embeddable":true,"href":"https:\/\/urzo.ambex.lv\/lv\/wp-json\/wp\/v2\/product_brand?post=10808"},{"taxonomy":"product_cat","embeddable":true,"href":"https:\/\/urzo.ambex.lv\/lv\/wp-json\/wp\/v2\/product_cat?post=10808"},{"taxonomy":"product_tag","embeddable":true,"href":"https:\/\/urzo.ambex.lv\/lv\/wp-json\/wp\/v2\/product_tag?post=10808"}],"curies":[{"name":"wp","href":"https:\/\/api.w.org\/{rel}","templated":true}]}}