{"id":10837,"date":"2023-06-01T12:43:52","date_gmt":"2023-06-01T12:43:52","guid":{"rendered":"https:\/\/urzonailfiles.com\/product\/u-podo-diska-faili-xl-o30-planie\/"},"modified":"2023-10-30T13:22:15","modified_gmt":"2023-10-30T13:22:15","slug":"u-podo-diska-faili-xl-o30-planie","status":"publish","type":"product","link":"https:\/\/urzo.ambex.lv\/lv\/produkts\/u-podo-diska-faili-xl-o30-planie\/","title":{"rendered":"U \u2013 Podo diska faili XL \u00d830 (Standard)"},"content":{"rendered":"<p><strong>Higi\u0113na:<\/strong> Katrs U-Podo diska main\u0101mais fails ir vienreizlietojams, t\u0101p\u0113c, pabeidzot darbu, atliek vien to izmest, steriliz\u0113t disku, uzlikt jaunu failu un paciet\u012bgi gaid\u012bt n\u0101kamo klientu, kuru iepriecin\u0101t ar fantastisku pedik\u012bru!<\/p>\n<p><strong>Dro\u0161\u012bba:<\/strong> Vecu un nolietotu v\u012b\u013cu lieto\u0161ana ir b\u012bstama gan Jums, gan J\u016bsu klientiem. Ar U-Podo main\u0101miem v\u012b\u013cu failiem J\u016bs nodro\u0161in\u0101t dro\u0161u un efekt\u012bvu pedik\u012bru katram J\u016bsu klientam.<\/p>\n<p><strong>\u0112rt\u012bbas un vienk\u0101r\u0161\u012bba:<\/strong> Sterili, vienm\u0113r gatavi darbam un \u0101tri nomain\u0101mi p\u0113c katra no klientiem. Skaists pedik\u012brs vien\u0101 elpas vilcien\u0101!<\/p>\n","protected":false},"excerpt":{"rendered":"<p>Atvadieties no mikrobu piln\u0101m, vec\u0101m v\u012bl\u0113m un sasveicinieties ar m\u016bsu U-Podo main\u0101miem v\u012b\u013cu failiem. \u0160ie mazie pal\u012bgi pal\u012bdz\u0113s uztur\u0113t nevainojami t\u012bru darba vietu. L\u012bm\u0113jam main\u0101mo failu uz diska un esam gatavi apgriezt pedik\u012bra pasauli ar k\u0101j\u0101m gais\u0101! J\u016bsu klientu p\u0113das Jums teiks PALDIES!<\/p>\n<ul>\n<li>Iepakojum\u0101 30 gb.<\/li>\n<\/ul>\n","protected":false},"featured_media":9684,"comment_status":"open","ping_status":"closed","template":"","meta":[],"product_brand":[],"product_cat":[77,201,82],"product_tag":[],"class_list":{"0":"post-10837","1":"product","2":"type-product","3":"status-publish","4":"has-post-thumbnail","6":"product_cat-u-podo-disku-mainamie-faili","7":"product_cat-planie-u-podo-mainamie-vilu-faili","8":"product_cat-d30-xl-lv","10":"first","11":"instock","12":"taxable","13":"shipping-taxable","14":"purchasable","15":"product-type-variable","16":"has-default-attributes"},"_links":{"self":[{"href":"https:\/\/urzo.ambex.lv\/lv\/wp-json\/wp\/v2\/product\/10837","targetHints":{"allow":["GET"]}}],"collection":[{"href":"https:\/\/urzo.ambex.lv\/lv\/wp-json\/wp\/v2\/product"}],"about":[{"href":"https:\/\/urzo.ambex.lv\/lv\/wp-json\/wp\/v2\/types\/product"}],"replies":[{"embeddable":true,"href":"https:\/\/urzo.ambex.lv\/lv\/wp-json\/wp\/v2\/comments?post=10837"}],"version-history":[{"count":0,"href":"https:\/\/urzo.ambex.lv\/lv\/wp-json\/wp\/v2\/product\/10837\/revisions"}],"wp:featuredmedia":[{"embeddable":true,"href":"https:\/\/urzo.ambex.lv\/lv\/wp-json\/wp\/v2\/media\/9684"}],"wp:attachment":[{"href":"https:\/\/urzo.ambex.lv\/lv\/wp-json\/wp\/v2\/media?parent=10837"}],"wp:term":[{"taxonomy":"product_brand","embeddable":true,"href":"https:\/\/urzo.ambex.lv\/lv\/wp-json\/wp\/v2\/product_brand?post=10837"},{"taxonomy":"product_cat","embeddable":true,"href":"https:\/\/urzo.ambex.lv\/lv\/wp-json\/wp\/v2\/product_cat?post=10837"},{"taxonomy":"product_tag","embeddable":true,"href":"https:\/\/urzo.ambex.lv\/lv\/wp-json\/wp\/v2\/product_tag?post=10837"}],"curies":[{"name":"wp","href":"https:\/\/api.w.org\/{rel}","templated":true}]}}