{"id":9411,"date":"2023-01-18T14:00:50","date_gmt":"2023-01-18T14:00:50","guid":{"rendered":"https:\/\/urzonailfiles.com\/product\/interchangeable-nail-files-petit-soft\/"},"modified":"2025-06-30T08:33:00","modified_gmt":"2025-06-30T08:33:00","slug":"petit-mainamie-nagu-vilu-faili-biezie","status":"publish","type":"product","link":"https:\/\/urzo.ambex.lv\/lv\/produkts\/petit-mainamie-nagu-vilu-faili-biezie\/","title":{"rendered":"Petit (Soft)"},"content":{"rendered":"\t\t<div data-elementor-type=\"wp-post\" data-elementor-id=\"9411\" class=\"elementor elementor-9411 elementor-1160\">\n\t\t\t\t\t\t<section class=\"elementor-section elementor-top-section elementor-element elementor-element-78a78f4 elementor-section-boxed elementor-section-height-default elementor-section-height-default\" data-id=\"78a78f4\" data-element_type=\"section\">\n\t\t\t\t\t\t<div class=\"elementor-container elementor-column-gap-default\">\n\t\t\t\t\t<div class=\"elementor-column elementor-col-100 elementor-top-column elementor-element elementor-element-03be38f\" data-id=\"03be38f\" data-element_type=\"column\">\n\t\t\t<div class=\"elementor-widget-wrap\">\n\t\t\t\t\t\t\t<\/div>\n\t\t<\/div>\n\t\t\t\t\t<\/div>\n\t\t<\/section>\n\t\t\t\t<section class=\"elementor-section elementor-top-section elementor-element elementor-element-4e87dd5 elementor-hidden-mobile elementor-section-full_width elementor-section-stretched elementor-section-height-default elementor-section-height-default\" data-id=\"4e87dd5\" data-element_type=\"section\" data-settings=\"{&quot;background_background&quot;:&quot;classic&quot;,&quot;stretch_section&quot;:&quot;section-stretched&quot;}\">\n\t\t\t\t\t\t<div class=\"elementor-container elementor-column-gap-default\">\n\t\t\t\t\t<div class=\"elementor-column elementor-col-100 elementor-top-column elementor-element elementor-element-bf37c45\" data-id=\"bf37c45\" data-element_type=\"column\">\n\t\t\t<div class=\"elementor-widget-wrap elementor-element-populated\">\n\t\t\t\t\t\t<div class=\"elementor-element elementor-element-9d8528d elementor-widget elementor-widget-heading\" data-id=\"9d8528d\" data-element_type=\"widget\" data-widget_type=\"heading.default\">\n\t\t\t\t<div class=\"elementor-widget-container\">\n\t\t\t\t\t<h2 class=\"elementor-heading-title elementor-size-default\">3 different thicknesses<\/h2>\t\t\t\t<\/div>\n\t\t\t\t<\/div>\n\t\t\t\t<div class=\"elementor-element elementor-element-eb3d479 elementor-widget-divider--view-line elementor-widget elementor-widget-divider\" data-id=\"eb3d479\" data-element_type=\"widget\" data-widget_type=\"divider.default\">\n\t\t\t\t<div class=\"elementor-widget-container\">\n\t\t\t\t\t\t\t<div class=\"elementor-divider\">\n\t\t\t<span class=\"elementor-divider-separator\">\n\t\t\t\t\t\t<\/span>\n\t\t<\/div>\n\t\t\t\t\t\t<\/div>\n\t\t\t\t<\/div>\n\t\t\t\t<div class=\"elementor-element elementor-element-0dd2c4f elementor-widget elementor-widget-text-editor\" data-id=\"0dd2c4f\" data-element_type=\"widget\" data-widget_type=\"text-editor.default\">\n\t\t\t\t<div class=\"elementor-widget-container\">\n\t\t\t\t\t\t\t\t\t<p class=\"cvGsUA direction-ltr align-center para-style-body\" style=\"text-align: center;\"><span class=\"OYPEnA font-feature-liga-off font-feature-clig-off font-feature-calt-off text-decoration-none text-strikethrough-none\">Meet the unseen world of top-quality interchangeable nail files, meticulously crafted from A to Z!<\/span><\/p>\t\t\t\t\t\t\t\t<\/div>\n\t\t\t\t<\/div>\n\t\t\t\t<div class=\"elementor-element elementor-element-e31f8f6 elementor-widget__width-initial elementor-absolute elementor-widget elementor-widget-text-editor\" data-id=\"e31f8f6\" data-element_type=\"widget\" data-settings=\"{&quot;_position&quot;:&quot;absolute&quot;}\" data-widget_type=\"text-editor.default\">\n\t\t\t\t<div class=\"elementor-widget-container\">\n\t\t\t\t\t\t\t\t\t<p>These nail files contain a <strong>1 mm <\/strong> foam layer.<br \/>This layer helps to reduce the pressure force of the file against the nail, ensuring a gentle treatment of the nail surface.<\/p>\t\t\t\t\t\t\t\t<\/div>\n\t\t\t\t<\/div>\n\t\t\t\t\t<\/div>\n\t\t<\/div>\n\t\t\t\t\t<\/div>\n\t\t<\/section>\n\t\t\t\t<section class=\"elementor-section elementor-top-section elementor-element elementor-element-e0c8e44 elementor-section-full_width elementor-section-stretched elementor-section-height-default elementor-section-height-default\" data-id=\"e0c8e44\" data-element_type=\"section\" data-settings=\"{&quot;stretch_section&quot;:&quot;section-stretched&quot;,&quot;background_background&quot;:&quot;gradient&quot;}\">\n\t\t\t\t\t\t<div class=\"elementor-container elementor-column-gap-default\">\n\t\t\t\t\t<div class=\"elementor-column elementor-col-33 elementor-top-column elementor-element elementor-element-3f8d046\" data-id=\"3f8d046\" data-element_type=\"column\">\n\t\t\t<div class=\"elementor-widget-wrap elementor-element-populated\">\n\t\t\t\t\t\t<div class=\"elementor-element elementor-element-a6829a1 elementor-widget__width-initial elementor-widget elementor-widget-image\" data-id=\"a6829a1\" data-element_type=\"widget\" data-widget_type=\"image.default\">\n\t\t\t\t<div class=\"elementor-widget-container\">\n\t\t\t\t\t\t\t\t\t\t\t\t\t\t\t<img fetchpriority=\"high\" decoding=\"async\" width=\"960\" height=\"960\" src=\"https:\/\/urzo.ambex.lv\/wp-content\/uploads\/2023\/01\/2-1-1024x1024.png\" class=\"attachment-large size-large wp-image-20705\" alt=\"\" srcset=\"https:\/\/urzo.ambex.lv\/wp-content\/uploads\/2023\/01\/2-1-1024x1024.png 1024w, https:\/\/urzo.ambex.lv\/wp-content\/uploads\/2023\/01\/2-1-300x300.png 300w, https:\/\/urzo.ambex.lv\/wp-content\/uploads\/2023\/01\/2-1-150x150.png 150w, https:\/\/urzo.ambex.lv\/wp-content\/uploads\/2023\/01\/2-1-768x768.png 768w, https:\/\/urzo.ambex.lv\/wp-content\/uploads\/2023\/01\/2-1-1536x1536.png 1536w, https:\/\/urzo.ambex.lv\/wp-content\/uploads\/2023\/01\/2-1-2048x2048.png 2048w, https:\/\/urzo.ambex.lv\/wp-content\/uploads\/2023\/01\/2-1-450x450.png 450w, https:\/\/urzo.ambex.lv\/wp-content\/uploads\/2023\/01\/2-1-600x600.png 600w, https:\/\/urzo.ambex.lv\/wp-content\/uploads\/2023\/01\/2-1-54x54.png 54w\" sizes=\"(max-width: 960px) 100vw, 960px\" \/>\t\t\t\t\t\t\t\t\t\t\t\t\t\t\t<\/div>\n\t\t\t\t<\/div>\n\t\t\t\t<div class=\"elementor-element elementor-element-9886c07 elementor-widget__width-initial elementor-absolute elementor-widget elementor-widget-text-editor\" data-id=\"9886c07\" data-element_type=\"widget\" data-settings=\"{&quot;_position&quot;:&quot;absolute&quot;}\" data-widget_type=\"text-editor.default\">\n\t\t\t\t<div class=\"elementor-widget-container\">\n\t\t\t\t\t\t\t\t\t<br><br><br><span class=\"OYPEnA text-decoration-none text-strikethrough-none\">In our AeroTitan bases, specially designed notches are embedded, making the removal of intechangeable files a simpler process. No more need to spend time and energy trying to grip the file \u2013 simplify your daily routine!<\/span>\t\t\t\t\t\t\t\t<\/div>\n\t\t\t\t<\/div>\n\t\t\t\t<div class=\"elementor-element elementor-element-8028a54 elementor-widget__width-initial elementor-absolute elementor-widget elementor-widget-text-editor\" data-id=\"8028a54\" data-element_type=\"widget\" data-settings=\"{&quot;_position&quot;:&quot;absolute&quot;}\" data-widget_type=\"text-editor.default\">\n\t\t\t\t<div class=\"elementor-widget-container\">\n\t\t\t\t\t\t\t\t\t<br><br><br><span class=\"OYPEnA text-decoration-none text-strikethrough-none\">In our AeroTitan bases, specially designed notches are embedded, making the removal of intechangeable files a simpler process. No more need to spend time and energy trying to grip the file \u2013 simplify your daily routine!<\/span>\t\t\t\t\t\t\t\t<\/div>\n\t\t\t\t<\/div>\n\t\t\t\t\t<\/div>\n\t\t<\/div>\n\t\t\t\t<div class=\"elementor-column elementor-col-33 elementor-top-column elementor-element elementor-element-7d6f2dd\" data-id=\"7d6f2dd\" data-element_type=\"column\">\n\t\t\t<div class=\"elementor-widget-wrap elementor-element-populated\">\n\t\t\t\t\t\t<div class=\"elementor-element elementor-element-d5a8e30 elementor-widget__width-initial elementor-widget elementor-widget-image\" data-id=\"d5a8e30\" data-element_type=\"widget\" data-widget_type=\"image.default\">\n\t\t\t\t<div class=\"elementor-widget-container\">\n\t\t\t\t\t\t\t\t\t\t\t\t\t\t\t<img decoding=\"async\" width=\"960\" height=\"960\" src=\"https:\/\/urzo.ambex.lv\/wp-content\/uploads\/2023\/01\/3-1-1024x1024.png\" class=\"attachment-large size-large wp-image-20711\" alt=\"\" srcset=\"https:\/\/urzo.ambex.lv\/wp-content\/uploads\/2023\/01\/3-1-1024x1024.png 1024w, https:\/\/urzo.ambex.lv\/wp-content\/uploads\/2023\/01\/3-1-300x300.png 300w, https:\/\/urzo.ambex.lv\/wp-content\/uploads\/2023\/01\/3-1-150x150.png 150w, https:\/\/urzo.ambex.lv\/wp-content\/uploads\/2023\/01\/3-1-768x768.png 768w, https:\/\/urzo.ambex.lv\/wp-content\/uploads\/2023\/01\/3-1-1536x1536.png 1536w, https:\/\/urzo.ambex.lv\/wp-content\/uploads\/2023\/01\/3-1-2048x2048.png 2048w, https:\/\/urzo.ambex.lv\/wp-content\/uploads\/2023\/01\/3-1-450x450.png 450w, https:\/\/urzo.ambex.lv\/wp-content\/uploads\/2023\/01\/3-1-600x600.png 600w, https:\/\/urzo.ambex.lv\/wp-content\/uploads\/2023\/01\/3-1-54x54.png 54w\" sizes=\"(max-width: 960px) 100vw, 960px\" \/>\t\t\t\t\t\t\t\t\t\t\t\t\t\t\t<\/div>\n\t\t\t\t<\/div>\n\t\t\t\t\t<\/div>\n\t\t<\/div>\n\t\t\t\t<div class=\"elementor-column elementor-col-33 elementor-top-column elementor-element elementor-element-244b638\" data-id=\"244b638\" data-element_type=\"column\">\n\t\t\t<div class=\"elementor-widget-wrap elementor-element-populated\">\n\t\t\t\t\t\t<div class=\"elementor-element elementor-element-eb5465a elementor-widget__width-initial elementor-widget elementor-widget-image\" data-id=\"eb5465a\" data-element_type=\"widget\" data-widget_type=\"image.default\">\n\t\t\t\t<div class=\"elementor-widget-container\">\n\t\t\t\t\t\t\t\t\t\t\t\t\t\t\t<img decoding=\"async\" width=\"960\" height=\"960\" src=\"https:\/\/urzo.ambex.lv\/wp-content\/uploads\/2023\/01\/4-1-1024x1024.png\" class=\"attachment-large size-large wp-image-20717\" alt=\"\" srcset=\"https:\/\/urzo.ambex.lv\/wp-content\/uploads\/2023\/01\/4-1-1024x1024.png 1024w, https:\/\/urzo.ambex.lv\/wp-content\/uploads\/2023\/01\/4-1-300x300.png 300w, https:\/\/urzo.ambex.lv\/wp-content\/uploads\/2023\/01\/4-1-150x150.png 150w, https:\/\/urzo.ambex.lv\/wp-content\/uploads\/2023\/01\/4-1-768x768.png 768w, https:\/\/urzo.ambex.lv\/wp-content\/uploads\/2023\/01\/4-1-1536x1536.png 1536w, https:\/\/urzo.ambex.lv\/wp-content\/uploads\/2023\/01\/4-1-2048x2048.png 2048w, https:\/\/urzo.ambex.lv\/wp-content\/uploads\/2023\/01\/4-1-450x450.png 450w, https:\/\/urzo.ambex.lv\/wp-content\/uploads\/2023\/01\/4-1-600x600.png 600w, https:\/\/urzo.ambex.lv\/wp-content\/uploads\/2023\/01\/4-1-54x54.png 54w\" sizes=\"(max-width: 960px) 100vw, 960px\" \/>\t\t\t\t\t\t\t\t\t\t\t\t\t\t\t<\/div>\n\t\t\t\t<\/div>\n\t\t\t\t\t<\/div>\n\t\t<\/div>\n\t\t\t\t\t<\/div>\n\t\t<\/section>\n\t\t\t\t<\/div>\n\t\t","protected":false},"excerpt":{"rendered":"<p>K\u0101p\u0113c aprobe\u017eoties ar ierastaj\u0101m un savu laiku nokalpoju\u0161\u0101m v\u012bl\u0113m, ja ir pieejami m\u016bsu main\u0101mie v\u012b\u013cu faili? J\u016bsu r\u012bc\u012bb\u0101 b\u016bs v\u012bles vis\u0101m dz\u012bves situ\u0101cij\u0101m &#8211; da\u017e\u0101da raupjuma abraz\u012bvi, ma\u0123iskas formas un \u0113rta nomai\u0146a &#8211; \u0161ie mazul\u012b\u0161i pat visizaicino\u0161\u0101kos nagus padar\u012bs izcilus ar vieglu rokas vilcienu! Un, hei, ar higi\u0113nu, kas ir k\u0101 \u0137irs\u012btis uz k\u016bkas, J\u016bs varat galvu likt \u0137\u012bl\u0101, ka gan manik\u012bra meistars, gan klients b\u016bs maksim\u0101li pasarg\u0101ti pret da\u017e\u0101du bakt\u0113riju un mikroorganismu kl\u0101tesam\u012bbu nagu lutin\u0101\u0161anas proces\u0101.<\/p>\n<ul>\n<li>Iepakojum\u0101 30 gab.<\/li>\n<\/ul>\n","protected":false},"featured_media":9415,"comment_status":"open","ping_status":"closed","template":"","meta":[],"product_brand":[],"product_cat":[69,198,191],"product_tag":[],"class_list":{"0":"post-9411","1":"product","2":"type-product","3":"status-publish","4":"has-post-thumbnail","6":"product_cat-mainamie-nagu-vilu-faili","7":"product_cat-biezie-mainamie-vilu-faili","8":"product_cat-compact-lv","10":"first","11":"instock","12":"taxable","13":"shipping-taxable","14":"purchasable","15":"product-type-variable","16":"has-default-attributes"},"_links":{"self":[{"href":"https:\/\/urzo.ambex.lv\/lv\/wp-json\/wp\/v2\/product\/9411","targetHints":{"allow":["GET"]}}],"collection":[{"href":"https:\/\/urzo.ambex.lv\/lv\/wp-json\/wp\/v2\/product"}],"about":[{"href":"https:\/\/urzo.ambex.lv\/lv\/wp-json\/wp\/v2\/types\/product"}],"replies":[{"embeddable":true,"href":"https:\/\/urzo.ambex.lv\/lv\/wp-json\/wp\/v2\/comments?post=9411"}],"version-history":[{"count":1,"href":"https:\/\/urzo.ambex.lv\/lv\/wp-json\/wp\/v2\/product\/9411\/revisions"}],"predecessor-version":[{"id":24793,"href":"https:\/\/urzo.ambex.lv\/lv\/wp-json\/wp\/v2\/product\/9411\/revisions\/24793"}],"wp:featuredmedia":[{"embeddable":true,"href":"https:\/\/urzo.ambex.lv\/lv\/wp-json\/wp\/v2\/media\/9415"}],"wp:attachment":[{"href":"https:\/\/urzo.ambex.lv\/lv\/wp-json\/wp\/v2\/media?parent=9411"}],"wp:term":[{"taxonomy":"product_brand","embeddable":true,"href":"https:\/\/urzo.ambex.lv\/lv\/wp-json\/wp\/v2\/product_brand?post=9411"},{"taxonomy":"product_cat","embeddable":true,"href":"https:\/\/urzo.ambex.lv\/lv\/wp-json\/wp\/v2\/product_cat?post=9411"},{"taxonomy":"product_tag","embeddable":true,"href":"https:\/\/urzo.ambex.lv\/lv\/wp-json\/wp\/v2\/product_tag?post=9411"}],"curies":[{"name":"wp","href":"https:\/\/api.w.org\/{rel}","templated":true}]}}