{"id":9435,"date":"2023-01-18T13:17:11","date_gmt":"2023-01-18T13:17:11","guid":{"rendered":"https:\/\/urzonailfiles.com\/product\/interchangeable-nail-files-drop-diva-soft\/"},"modified":"2024-03-29T05:41:14","modified_gmt":"2024-03-29T05:41:14","slug":"drop-diva-mainamie-nagu-vilu-faili-biezie","status":"publish","type":"product","link":"https:\/\/urzo.ambex.lv\/lv\/produkts\/drop-diva-mainamie-nagu-vilu-faili-biezie\/","title":{"rendered":"Drop Diva (Soft)"},"content":{"rendered":"<p><strong>Higi\u0113na:<\/strong> Atvadies no mikrobu apdz\u012bvot\u0101m nagu v\u012bl\u0113m un sasveicinies ar m\u016bsu main\u0101majiem v\u012b\u013cu failiem! Steriliz\u0113 v\u012bles pamatni, uzl\u012bm\u0113 main\u0101mo vienreizlietojamo v\u012bles failu un \u0137eries pie v\u012bl\u0113\u0161anas!<br \/>\n<strong>Safety:<\/strong> Ar m\u016bsu main\u0101majiem nagu v\u012b\u013cu failiem, guliet mier\u012bgi, zinot, ka J\u016bs nepak\u013caujat infekciju riskam ne sevi, ne savus<br \/>\nklientus.<br \/>\n<strong>\u0112rt\u012bbas un vienk\u0101r\u0161\u012bba:<\/strong> M\u016bsu main\u0101mie v\u012b\u013cu faili ir tik \u0113rti un vienk\u0101r\u0161i lietojami, ka J\u016bs br\u012bn\u012bsieties, k\u0101 visp\u0101r bez tiem var\u0113j\u0101t dz\u012bvot. Ar pla\u0161u gritu un formu izv\u0113li, vienm\u0113r pa rokai b\u016bs tie\u0161i t\u0101 v\u012ble, kas nepiecie\u0161ama lieliska manik\u012bra veik\u0161anai.<\/p>\n","protected":false},"excerpt":{"rendered":"<p>K\u0101p\u0113c aprobe\u017eoties ar ierastaj\u0101m un savu laiku nokalpoju\u0161\u0101m v\u012bl\u0113m, ja ir pieejami m\u016bsu main\u0101mie v\u012b\u013cu faili? J\u016bsu r\u012bc\u012bb\u0101 b\u016bs v\u012bles vis\u0101m dz\u012bves situ\u0101cij\u0101m &#8211; da\u017e\u0101da raupjuma abraz\u012bvi, ma\u0123iskas formas un \u0113rta nomai\u0146a &#8211; \u0161ie mazul\u012b\u0161i pat visizaicino\u0161\u0101kos nagus padar\u012bs izcilus ar vieglu rokas vilcienu! Un, hei, ar higi\u0113nu, kas ir k\u0101 \u0137irs\u012btis uz k\u016bkas, J\u016bs varat galvu likt \u0137\u012bl\u0101, ka gan manik\u012bra meistars, gan klients b\u016bs maksim\u0101li pasarg\u0101ti pret da\u017e\u0101du bakt\u0113riju un mikroorganismu kl\u0101tesam\u012bbu nagu lutin\u0101\u0161anas proces\u0101.<\/p>\n<ul>\n<li>Iepakojum\u0101 30 gab.<\/li>\n<\/ul>\n","protected":false},"featured_media":9437,"comment_status":"open","ping_status":"closed","template":"","meta":[],"product_brand":[],"product_cat":[69,198,193],"product_tag":[],"class_list":{"0":"post-9435","1":"product","2":"type-product","3":"status-publish","4":"has-post-thumbnail","6":"product_cat-mainamie-nagu-vilu-faili","7":"product_cat-biezie-mainamie-vilu-faili","8":"product_cat-drop-lv","10":"first","11":"instock","12":"taxable","13":"shipping-taxable","14":"purchasable","15":"product-type-variable","16":"has-default-attributes"},"_links":{"self":[{"href":"https:\/\/urzo.ambex.lv\/lv\/wp-json\/wp\/v2\/product\/9435","targetHints":{"allow":["GET"]}}],"collection":[{"href":"https:\/\/urzo.ambex.lv\/lv\/wp-json\/wp\/v2\/product"}],"about":[{"href":"https:\/\/urzo.ambex.lv\/lv\/wp-json\/wp\/v2\/types\/product"}],"replies":[{"embeddable":true,"href":"https:\/\/urzo.ambex.lv\/lv\/wp-json\/wp\/v2\/comments?post=9435"}],"version-history":[{"count":0,"href":"https:\/\/urzo.ambex.lv\/lv\/wp-json\/wp\/v2\/product\/9435\/revisions"}],"wp:featuredmedia":[{"embeddable":true,"href":"https:\/\/urzo.ambex.lv\/lv\/wp-json\/wp\/v2\/media\/9437"}],"wp:attachment":[{"href":"https:\/\/urzo.ambex.lv\/lv\/wp-json\/wp\/v2\/media?parent=9435"}],"wp:term":[{"taxonomy":"product_brand","embeddable":true,"href":"https:\/\/urzo.ambex.lv\/lv\/wp-json\/wp\/v2\/product_brand?post=9435"},{"taxonomy":"product_cat","embeddable":true,"href":"https:\/\/urzo.ambex.lv\/lv\/wp-json\/wp\/v2\/product_cat?post=9435"},{"taxonomy":"product_tag","embeddable":true,"href":"https:\/\/urzo.ambex.lv\/lv\/wp-json\/wp\/v2\/product_tag?post=9435"}],"curies":[{"name":"wp","href":"https:\/\/api.w.org\/{rel}","templated":true}]}}