{"id":9538,"date":"2023-01-18T14:38:44","date_gmt":"2023-01-18T14:38:44","guid":{"rendered":"https:\/\/urzonailfiles.com\/product\/baf-interchangeable-nail-files-petit\/"},"modified":"2024-06-13T19:53:07","modified_gmt":"2024-06-13T19:53:07","slug":"baf-mainamie-nagu-vilu-faili-petit","status":"publish","type":"product","link":"https:\/\/urzo.ambex.lv\/lv\/produkts\/baf-mainamie-nagu-vilu-faili-petit\/","title":{"rendered":"Petit"},"content":{"rendered":"<p><strong>Higi\u0113na:<\/strong> Ar main\u0101miem BAF v\u012b\u013cu failiem, Jums neb\u016bs j\u0101satraucas par infekciju p\u0101rn\u0113s\u0101\u0161anu un kait\u012bgu mikroorganismu kl\u0101tb\u016btni, jo katrs no failiem ir vienreizlietojams, sterils un nodro\u0161in\u0101s J\u016bsu klientiem neaizmirstamu manik\u012bra pieredzi!<\/p>\n<p><strong>Dro\u0161\u012bba:<\/strong> Main\u0101mie BAF v\u012b\u013cu faili ir rad\u012bti t\u0101, lai J\u016bs tos var\u0113tu lietot ar p\u0101rliec\u012bbu! Tie \u013cauj v\u012bl\u0113t un pul\u0113t nagu, neraiz\u0113joties par nejau\u0161u naga vai kutikulas boj\u0101jumu.<\/p>\n<p><strong>\u0112rt\u012bbas un vienk\u0101r\u0161\u012bba:<\/strong> Main\u0101mie BAF v\u012b\u013cu faili ir \u013coti vienk\u0101r\u0161i lietojami un nodro\u0161ina profesion\u0101lu rezult\u0101tu \u0101tr\u0101 laik\u0101. Tie ir vienreizlietojami, l\u012bdz ar to, p\u0113c darba pabeig\u0161anas, fails ir vienk\u0101r\u0161i j\u0101izmet.<\/p>\n","protected":false},"excerpt":{"rendered":"<p>Kur\u0161 teicis, ka nevar ieg\u016bt visu? Main\u0101mie BAF faili ir lielisks pier\u0101d\u012bjums, tam, ka tas ir iesp\u0113jams! Neatkar\u012bgi no t\u0101, vai puc\u0113jat dab\u012bgus vai m\u0101ksl\u012bgus nagus, gluds un perfekti nopul\u0113ts rezult\u0101ts ir garant\u0113ts!<\/p>\n<p>Steriliz\u0113jam AeroTitan v\u012bles pamatni, uzl\u012bm\u0113jam main\u0101mo BAF failu un esam gatavi darbam un klientu dzied\u0101t\u0101m slavas dziesm\u0101m, redzot m\u0101kslas darba cien\u012bgu rezult\u0101tu!<\/p>\n<ul>\n<li>Iepakojum\u0101 30 gb.<\/li>\n<\/ul>\n","protected":false},"featured_media":9543,"comment_status":"open","ping_status":"closed","template":"","meta":[],"product_brand":[],"product_cat":[65,191],"product_tag":[],"class_list":{"0":"post-9538","1":"product","2":"type-product","3":"status-publish","4":"has-post-thumbnail","6":"product_cat-baf-mainamie-nagu-vilu-faili","7":"product_cat-compact-lv","9":"first","10":"instock","11":"taxable","12":"shipping-taxable","13":"purchasable","14":"product-type-variable","15":"has-default-attributes"},"_links":{"self":[{"href":"https:\/\/urzo.ambex.lv\/lv\/wp-json\/wp\/v2\/product\/9538","targetHints":{"allow":["GET"]}}],"collection":[{"href":"https:\/\/urzo.ambex.lv\/lv\/wp-json\/wp\/v2\/product"}],"about":[{"href":"https:\/\/urzo.ambex.lv\/lv\/wp-json\/wp\/v2\/types\/product"}],"replies":[{"embeddable":true,"href":"https:\/\/urzo.ambex.lv\/lv\/wp-json\/wp\/v2\/comments?post=9538"}],"version-history":[{"count":0,"href":"https:\/\/urzo.ambex.lv\/lv\/wp-json\/wp\/v2\/product\/9538\/revisions"}],"wp:featuredmedia":[{"embeddable":true,"href":"https:\/\/urzo.ambex.lv\/lv\/wp-json\/wp\/v2\/media\/9543"}],"wp:attachment":[{"href":"https:\/\/urzo.ambex.lv\/lv\/wp-json\/wp\/v2\/media?parent=9538"}],"wp:term":[{"taxonomy":"product_brand","embeddable":true,"href":"https:\/\/urzo.ambex.lv\/lv\/wp-json\/wp\/v2\/product_brand?post=9538"},{"taxonomy":"product_cat","embeddable":true,"href":"https:\/\/urzo.ambex.lv\/lv\/wp-json\/wp\/v2\/product_cat?post=9538"},{"taxonomy":"product_tag","embeddable":true,"href":"https:\/\/urzo.ambex.lv\/lv\/wp-json\/wp\/v2\/product_tag?post=9538"}],"curies":[{"name":"wp","href":"https:\/\/api.w.org\/{rel}","templated":true}]}}