{"id":9817,"date":"2023-02-05T13:33:17","date_gmt":"2023-02-05T13:33:17","guid":{"rendered":"https:\/\/urzonailfiles.com\/product\/u-podo-disc-baf-files-m-o20mm\/"},"modified":"2023-10-27T12:45:59","modified_gmt":"2023-10-27T12:45:59","slug":"u-podo-baf-mainamie-faili-m-o20mm","status":"publish","type":"product","link":"https:\/\/urzo.ambex.lv\/lv\/produkts\/u-podo-baf-mainamie-faili-m-o20mm\/","title":{"rendered":"U \u2013 Podo diska BAF faili M \u00d820mm"},"content":{"rendered":"<p><strong>Higi\u0113na:<\/strong> M\u016bsu U-Podo Disku BAF V\u012bles ir vienreizlietojamas, sterilas un gatavas dro\u0161ai lieto\u0161anai, uzturot darba vietu t\u012bru un higi\u0113nisku.<\/p>\n<p><strong>Dro\u0161\u012bba:<\/strong> Izgatavoti, dom\u0101jot par augsta l\u012bme\u0146a dro\u0161\u012bbu, U-Podo disku main\u0101mie BAF v\u012b\u013cu faili ir maigi un dro\u0161i gan lieto\u0161anai uz m\u0101ksl\u012bgiem, gan dab\u012bgiem nagiem.<\/p>\n<p><strong>\u0112rt\u012bbas un vienk\u0101r\u0161\u012bba:<\/strong> Ar vieglai un \u0113rtai lieto\u0161anai izstr\u0101d\u0101to dizainu m\u016bsu U-Podo Disku main\u0101mie BAF v\u012b\u013cu faili \u013cauj veikt lielisku pedik\u012bru, acis nepamirk\u0161\u0137inot, nu labi, varb\u016bt nedaudz ilg\u0101k. Tie ir viegli main\u0101mi pirms katra n\u0101kam\u0101 klienta un viss, kas nepiecie\u0161ams ir diska steriliz\u0113\u0161ana un jauna main\u0101m\u0101 faila uzl\u012bm\u0113\u0161ana.<\/p>\n","protected":false},"excerpt":{"rendered":"<p>Pedik\u012bra meistara lab\u0101kie draugi \u2013 U-Podo disku main\u0101mie BAF faili, kuri ar maigu piesk\u0101rienu par\u016bp\u0113sies par klienta p\u0113d\u0101m. Gludas un maigas p\u0113das, kas iepriecin\u0101s J\u016bsu klientus un J\u016bs pacels supermeistara l\u012bmen\u012b! Gatavojieties palutin\u0101t savus klientus t\u0101, k\u0101 vi\u0146i to ir peln\u012bju\u0161i!<\/p>\n<ul>\n<li>Iepakojum\u0101 30 gab.<\/li>\n<\/ul>\n","protected":false},"featured_media":9822,"comment_status":"open","ping_status":"closed","template":"","meta":[],"product_brand":[],"product_cat":[83,80],"product_tag":[],"class_list":{"0":"post-9817","1":"product","2":"type-product","3":"status-publish","4":"has-post-thumbnail","6":"product_cat-u-podo-disku-baf-faili","7":"product_cat-d20-m-lv","9":"first","10":"instock","11":"taxable","12":"shipping-taxable","13":"purchasable","14":"product-type-variable","15":"has-default-attributes"},"_links":{"self":[{"href":"https:\/\/urzo.ambex.lv\/lv\/wp-json\/wp\/v2\/product\/9817","targetHints":{"allow":["GET"]}}],"collection":[{"href":"https:\/\/urzo.ambex.lv\/lv\/wp-json\/wp\/v2\/product"}],"about":[{"href":"https:\/\/urzo.ambex.lv\/lv\/wp-json\/wp\/v2\/types\/product"}],"replies":[{"embeddable":true,"href":"https:\/\/urzo.ambex.lv\/lv\/wp-json\/wp\/v2\/comments?post=9817"}],"version-history":[{"count":0,"href":"https:\/\/urzo.ambex.lv\/lv\/wp-json\/wp\/v2\/product\/9817\/revisions"}],"wp:featuredmedia":[{"embeddable":true,"href":"https:\/\/urzo.ambex.lv\/lv\/wp-json\/wp\/v2\/media\/9822"}],"wp:attachment":[{"href":"https:\/\/urzo.ambex.lv\/lv\/wp-json\/wp\/v2\/media?parent=9817"}],"wp:term":[{"taxonomy":"product_brand","embeddable":true,"href":"https:\/\/urzo.ambex.lv\/lv\/wp-json\/wp\/v2\/product_brand?post=9817"},{"taxonomy":"product_cat","embeddable":true,"href":"https:\/\/urzo.ambex.lv\/lv\/wp-json\/wp\/v2\/product_cat?post=9817"},{"taxonomy":"product_tag","embeddable":true,"href":"https:\/\/urzo.ambex.lv\/lv\/wp-json\/wp\/v2\/product_tag?post=9817"}],"curies":[{"name":"wp","href":"https:\/\/api.w.org\/{rel}","templated":true}]}}